{"id":46070,"date":"2026-03-31T22:55:40","date_gmt":"2026-03-31T19:55:40","guid":{"rendered":"https:\/\/adexa.ee\/toode\/kaubanduslik-klaasipesumasin-30-korvi-tunnis-400mm-korv-drenaazipump-pesuvahendipump-loputusaine-pump-paagi-ja-katla-termostaat-adexa-wz40drdpbtt\/"},"modified":"2026-03-31T22:55:40","modified_gmt":"2026-03-31T19:55:40","slug":"kaubanduslik-klaasipesumasin-30-korvi-tunnis-400mm-korv-drenaazipump-pesuvahendipump-loputusaine-pump-paagi-ja-katla-termostaat-adexa-wz40drdpbtt","status":"publish","type":"product","link":"https:\/\/adexa.ee\/en\/toode\/kaubanduslik-klaasipesumasin-30-korvi-tunnis-400mm-korv-drenaazipump-pesuvahendipump-loputusaine-pump-paagi-ja-katla-termostaat-adexa-wz40drdpbtt\/","title":{"rendered":"Kaubanduslik klaasipesumasin 30 korvi\/tunnis 400mm korv Drenaa\u017eipump Pesuvahendipump Loputusaine pump Paagi ja katla termostaat | Adexa WZ40DRDPBTT"},"content":{"rendered":"<p>Professionaalne klaasipesumasin, mis on loodud pakkuma j\u00e4rjepidevaid pesutulemusi, olles samal ajal lihtne kasutada, madalate ekspluatatsioonikuludega ja pika vastupidava elueaga. V\u00f5imas pesupump tagab maksimaalse j\u00f5udluse pesukorrast pesukorrani. K\u00f5rge j\u00f5udlusega pesuvarred ja d\u00fc\u00fcsid tagavad maksimaalse pesutoime puhaste tulemuste saavutamiseks. Need v\u00f5imsad d\u00fc\u00fcsid l\u00f5ikavad l\u00e4bi k\u00fcpsetatud toiduj\u00e4\u00e4kide \u2013 tagades iga kord puhtad n\u00f5ud. Sobib restoranidele, hotellidele, baaridele, pubidele ja kohvikutele. Drenaa\u017eipumbaga Pesuvahendipumbaga Loputusaine pumbaga Pesupaagi temperatuur: 55\u00b0c Katla paagi temperatuur: 85\u00b0c Korvi suurus: 400x400mm Palun vaadake \u00fcksikasjalikku teavet jaotises &#8216;Spetsifikatsioon&#8217;.<\/p>\n<table style=\"border-collapse: collapse; width: 100%; text-align: left;\">\n<tbody>\n<tr>\n<td style=\"border: 1px solid #ddd; padding: 8px; width: 45%;\"><strong>S\u00fcgavus<\/strong><\/td>\n<td style=\"border: 1px solid #ddd; padding: 8px;\">525mm<\/td>\n<\/tr>\n<tr>\n<td style=\"border: 1px solid #ddd; padding: 8px; width: 45%;\"><strong>K\u00f5rgus<\/strong><\/td>\n<td style=\"border: 1px solid #ddd; padding: 8px;\">770 mm<\/td>\n<\/tr>\n<tr>\n<td style=\"border: 1px solid #ddd; padding: 8px; width: 45%;\"><strong>Laius<\/strong><\/td>\n<td style=\"border: 1px solid #ddd; padding: 8px;\">475 mm<\/td>\n<\/tr>\n<tr>\n<td style=\"border: 1px solid #ddd; padding: 8px; width: 45%;\"><strong>Kaal<\/strong><\/td>\n<td style=\"border: 1px solid #ddd; padding: 8px;\">45 kg<\/td>\n<\/tr>\n<tr>\n<td style=\"border: 1px solid #ddd; padding: 8px; width: 45%;\"><strong>Garantii<\/strong><\/td>\n<td style=\"border: 1px solid #ddd; padding: 8px;\">12 kuu varuosade garantii<\/td>\n<\/tr>\n<tr>\n<td style=\"border: 1px solid #ddd; padding: 8px; width: 45%;\"><strong>Toiteallikas<\/strong><\/td>\n<td style=\"border: 1px solid #ddd; padding: 8px;\">230V \/ 1 faas<\/td>\n<\/tr>\n<tr>\n<td style=\"border: 1px solid #ddd; padding: 8px; width: 45%;\"><strong>V\u00f5imsus<\/strong><\/td>\n<td style=\"border: 1px solid #ddd; padding: 8px;\">4800W<\/td>\n<\/tr>\n<tr>\n<td style=\"border: 1px solid #ddd; padding: 8px; width: 45%;\"><strong>Materjal<\/strong><\/td>\n<td style=\"border: 1px solid #ddd; padding: 8px;\">Roostevaba teras<\/td>\n<\/tr>\n<tr>\n<td style=\"border: 1px solid #ddd; padding: 8px; width: 45%;\"><strong>Pesuvahendi v\u00e4ljastaja<\/strong><\/td>\n<td style=\"border: 1px solid #ddd; padding: 8px;\">Jah<\/td>\n<\/tr>\n<tr>\n<td style=\"border: 1px solid #ddd; padding: 8px; width: 45%;\"><strong>Korvi suurus<\/strong><\/td>\n<td style=\"border: 1px solid #ddd; padding: 8px;\">400&#215;400 mm<\/td>\n<\/tr>\n<tr>\n<td style=\"border: 1px solid #ddd; padding: 8px; width: 45%;\"><strong>\u00c4ravoolupump<\/strong><\/td>\n<td style=\"border: 1px solid #ddd; padding: 8px;\">Jah<\/td>\n<\/tr>\n<tr>\n<td style=\"border: 1px solid #ddd; padding: 8px; width: 45%;\"><strong>Tootlikkus<\/strong><\/td>\n<td style=\"border: 1px solid #ddd; padding: 8px;\">30 korvi\/tund<\/td>\n<\/tr>\n<tr>\n<td style=\"border: 1px solid #ddd; padding: 8px; width: 45%;\"><strong>Loputusvahendi v\u00e4ljastaja<\/strong><\/td>\n<td style=\"border: 1px solid #ddd; padding: 8px;\">Jah<\/td>\n<\/tr>\n<tr>\n<td style=\"border: 1px solid #ddd; padding: 8px; width: 45%;\"><strong>Temperatuur (pesemine)<\/strong><\/td>\n<td style=\"border: 1px solid #ddd; padding: 8px;\">+55\u00b0C<\/td>\n<\/tr>\n<tr>\n<td style=\"border: 1px solid #ddd; padding: 8px; width: 45%;\"><strong>Temperatuur (loputamine)<\/strong><\/td>\n<td style=\"border: 1px solid #ddd; padding: 8px;\">+85\u00b0C<\/td>\n<\/tr>\n<tr>\n<td style=\"border: 1px solid #ddd; padding: 8px; width: 45%;\"><strong>Pesuts\u00fcklid<\/strong><\/td>\n<td style=\"border: 1px solid #ddd; padding: 8px;\">90 \/ 180 sekundit<\/td>\n<\/tr>\n<tr>\n<td style=\"border: 1px solid #ddd; padding: 8px; width: 45%;\"><strong>Termostaat<\/strong><\/td>\n<td style=\"border: 1px solid #ddd; padding: 8px;\">Paagi ja katla termostaat<\/td>\n<\/tr>\n<\/tbody>\n<\/table>\n","protected":false},"excerpt":{"rendered":"<p>Professionaalne klaasipesumasin, mis on loodud pakkuma j\u00e4rjepidevaid pesutulemusi, olles samal ajal lihtne kasutada, madalate ekspluatatsioonikuludega ja pika vastupidava elueaga. V\u00f5imas<\/p>\n","protected":false},"featured_media":46141,"template":"","meta":[],"product_brand":[],"product_cat":[882,856,857,609],"product_tag":[],"class_list":{"0":"post-46070","1":"product","2":"type-product","3":"status-publish","4":"has-post-thumbnail","6":"product_cat-keskmised-klaasinoudepesumasinad-400x400mm","7":"product_cat-klaasinoudepesumasinad","8":"product_cat-lauapealsed-noudepesumasinad","9":"product_cat-noudepesu","11":"first","12":"instock","13":"sale","14":"taxable","15":"shipping-taxable","16":"purchasable","17":"product-type-simple"},"yoast_head":"<!-- This site is optimized with the Yoast SEO plugin v27.3 - https:\/\/yoast.com\/product\/yoast-seo-wordpress\/ -->\n<title>Kaubanduslik klaasipesumasin 30 korvi\/tunnis 400mm korv Drenaa\u017eipump Pesuvahendipump Loputusaine pump Paagi ja katla termostaat | Adexa WZ40DRDPBTT - Adexa \u2013 Suurk\u00f6\u00f6giseadmed restoranidele ja toitlustusele<\/title>\n<meta name=\"robots\" content=\"index, follow, max-snippet:-1, max-image-preview:large, max-video-preview:-1\" \/>\n<link rel=\"canonical\" href=\"https:\/\/adexa.ee\/toode\/kaubanduslik-klaasipesumasin-30-korvi-tunnis-400mm-korv-drenaazipump-pesuvahendipump-loputusaine-pump-paagi-ja-katla-termostaat-adexa-wz40drdpbtt\/\" \/>\n<meta property=\"og:locale\" content=\"en_US\" \/>\n<meta property=\"og:type\" content=\"article\" \/>\n<meta property=\"og:title\" content=\"Kaubanduslik klaasipesumasin 30 korvi\/tunnis 400mm korv Drenaa\u017eipump Pesuvahendipump Loputusaine pump Paagi ja katla termostaat | Adexa WZ40DRDPBTT - Adexa \u2013 Suurk\u00f6\u00f6giseadmed restoranidele ja toitlustusele\" \/>\n<meta property=\"og:description\" content=\"Professionaalne klaasipesumasin, mis on loodud pakkuma j\u00e4rjepidevaid pesutulemusi, olles samal ajal lihtne kasutada, madalate ekspluatatsioonikuludega ja pika vastupidava elueaga. V\u00f5imas\" \/>\n<meta property=\"og:url\" content=\"https:\/\/adexa.ee\/toode\/kaubanduslik-klaasipesumasin-30-korvi-tunnis-400mm-korv-drenaazipump-pesuvahendipump-loputusaine-pump-paagi-ja-katla-termostaat-adexa-wz40drdpbtt\/\" \/>\n<meta property=\"og:site_name\" content=\"Adexa \u2013 Suurk\u00f6\u00f6giseadmed restoranidele ja toitlustusele\" \/>\n<meta property=\"og:image\" content=\"https:\/\/adexa.ee\/wp-content\/uploads\/2026\/03\/WZ40BTTDRDP.jpg\" \/>\n\t<meta property=\"og:image:width\" content=\"962\" \/>\n\t<meta property=\"og:image:height\" content=\"962\" \/>\n\t<meta property=\"og:image:type\" content=\"image\/jpeg\" \/>\n<meta name=\"twitter:card\" content=\"summary_large_image\" \/>\n<meta name=\"twitter:label1\" content=\"Est. reading time\" \/>\n\t<meta name=\"twitter:data1\" content=\"1 minute\" \/>\n<script type=\"application\/ld+json\" class=\"yoast-schema-graph\">{\"@context\":\"https:\\\/\\\/schema.org\",\"@graph\":[{\"@type\":\"WebPage\",\"@id\":\"https:\\\/\\\/adexa.ee\\\/toode\\\/kaubanduslik-klaasipesumasin-30-korvi-tunnis-400mm-korv-drenaazipump-pesuvahendipump-loputusaine-pump-paagi-ja-katla-termostaat-adexa-wz40drdpbtt\\\/\",\"url\":\"https:\\\/\\\/adexa.ee\\\/toode\\\/kaubanduslik-klaasipesumasin-30-korvi-tunnis-400mm-korv-drenaazipump-pesuvahendipump-loputusaine-pump-paagi-ja-katla-termostaat-adexa-wz40drdpbtt\\\/\",\"name\":\"Kaubanduslik klaasipesumasin 30 korvi\\\/tunnis 400mm korv Drenaa\u017eipump Pesuvahendipump Loputusaine pump Paagi ja katla termostaat | Adexa WZ40DRDPBTT - Adexa \u2013 Suurk\u00f6\u00f6giseadmed restoranidele ja toitlustusele\",\"isPartOf\":{\"@id\":\"https:\\\/\\\/adexa.ee\\\/#website\"},\"primaryImageOfPage\":{\"@id\":\"https:\\\/\\\/adexa.ee\\\/toode\\\/kaubanduslik-klaasipesumasin-30-korvi-tunnis-400mm-korv-drenaazipump-pesuvahendipump-loputusaine-pump-paagi-ja-katla-termostaat-adexa-wz40drdpbtt\\\/#primaryimage\"},\"image\":{\"@id\":\"https:\\\/\\\/adexa.ee\\\/toode\\\/kaubanduslik-klaasipesumasin-30-korvi-tunnis-400mm-korv-drenaazipump-pesuvahendipump-loputusaine-pump-paagi-ja-katla-termostaat-adexa-wz40drdpbtt\\\/#primaryimage\"},\"thumbnailUrl\":\"https:\\\/\\\/adexa.ee\\\/wp-content\\\/uploads\\\/2026\\\/03\\\/WZ40BTTDRDP.jpg\",\"datePublished\":\"2026-03-31T19:55:40+00:00\",\"breadcrumb\":{\"@id\":\"https:\\\/\\\/adexa.ee\\\/toode\\\/kaubanduslik-klaasipesumasin-30-korvi-tunnis-400mm-korv-drenaazipump-pesuvahendipump-loputusaine-pump-paagi-ja-katla-termostaat-adexa-wz40drdpbtt\\\/#breadcrumb\"},\"inLanguage\":\"en-US\",\"potentialAction\":[{\"@type\":\"ReadAction\",\"target\":[\"https:\\\/\\\/adexa.ee\\\/toode\\\/kaubanduslik-klaasipesumasin-30-korvi-tunnis-400mm-korv-drenaazipump-pesuvahendipump-loputusaine-pump-paagi-ja-katla-termostaat-adexa-wz40drdpbtt\\\/\"]}]},{\"@type\":\"ImageObject\",\"inLanguage\":\"en-US\",\"@id\":\"https:\\\/\\\/adexa.ee\\\/toode\\\/kaubanduslik-klaasipesumasin-30-korvi-tunnis-400mm-korv-drenaazipump-pesuvahendipump-loputusaine-pump-paagi-ja-katla-termostaat-adexa-wz40drdpbtt\\\/#primaryimage\",\"url\":\"https:\\\/\\\/adexa.ee\\\/wp-content\\\/uploads\\\/2026\\\/03\\\/WZ40BTTDRDP.jpg\",\"contentUrl\":\"https:\\\/\\\/adexa.ee\\\/wp-content\\\/uploads\\\/2026\\\/03\\\/WZ40BTTDRDP.jpg\",\"width\":962,\"height\":962},{\"@type\":\"BreadcrumbList\",\"@id\":\"https:\\\/\\\/adexa.ee\\\/toode\\\/kaubanduslik-klaasipesumasin-30-korvi-tunnis-400mm-korv-drenaazipump-pesuvahendipump-loputusaine-pump-paagi-ja-katla-termostaat-adexa-wz40drdpbtt\\\/#breadcrumb\",\"itemListElement\":[{\"@type\":\"ListItem\",\"position\":1,\"name\":\"Home\",\"item\":\"https:\\\/\\\/adexa.ee\\\/\"},{\"@type\":\"ListItem\",\"position\":2,\"name\":\"Tooted\",\"item\":\"https:\\\/\\\/adexa.ee\\\/pood\\\/\"},{\"@type\":\"ListItem\",\"position\":3,\"name\":\"Kaubanduslik klaasipesumasin 30 korvi\\\/tunnis 400mm korv Drenaa\u017eipump Pesuvahendipump Loputusaine pump Paagi ja katla termostaat | Adexa WZ40DRDPBTT\"}]},{\"@type\":\"WebSite\",\"@id\":\"https:\\\/\\\/adexa.ee\\\/#website\",\"url\":\"https:\\\/\\\/adexa.ee\\\/\",\"name\":\"Adexa\",\"description\":\"\",\"publisher\":{\"@id\":\"https:\\\/\\\/adexa.ee\\\/#organization\"},\"potentialAction\":[{\"@type\":\"SearchAction\",\"target\":{\"@type\":\"EntryPoint\",\"urlTemplate\":\"https:\\\/\\\/adexa.ee\\\/?s={search_term_string}\"},\"query-input\":{\"@type\":\"PropertyValueSpecification\",\"valueRequired\":true,\"valueName\":\"search_term_string\"}}],\"inLanguage\":\"en-US\"},{\"@type\":\"Organization\",\"@id\":\"https:\\\/\\\/adexa.ee\\\/#organization\",\"name\":\"Adexa\",\"url\":\"https:\\\/\\\/adexa.ee\\\/\",\"logo\":{\"@type\":\"ImageObject\",\"inLanguage\":\"en-US\",\"@id\":\"https:\\\/\\\/adexa.ee\\\/#\\\/schema\\\/logo\\\/image\\\/\",\"url\":\"https:\\\/\\\/adexa.ee\\\/wp-content\\\/uploads\\\/2024\\\/04\\\/chef-cooks-working-in-professional-kitchen-2023-11-27-05-07-39-utc-scaled.jpg\",\"contentUrl\":\"https:\\\/\\\/adexa.ee\\\/wp-content\\\/uploads\\\/2024\\\/04\\\/chef-cooks-working-in-professional-kitchen-2023-11-27-05-07-39-utc-scaled.jpg\",\"width\":2560,\"height\":1708,\"caption\":\"Adexa\"},\"image\":{\"@id\":\"https:\\\/\\\/adexa.ee\\\/#\\\/schema\\\/logo\\\/image\\\/\"}}]}<\/script>\n<!-- \/ Yoast SEO plugin. -->","yoast_head_json":{"title":"Kaubanduslik klaasipesumasin 30 korvi\/tunnis 400mm korv Drenaa\u017eipump Pesuvahendipump Loputusaine pump Paagi ja katla termostaat | Adexa WZ40DRDPBTT - Adexa \u2013 Suurk\u00f6\u00f6giseadmed restoranidele ja toitlustusele","robots":{"index":"index","follow":"follow","max-snippet":"max-snippet:-1","max-image-preview":"max-image-preview:large","max-video-preview":"max-video-preview:-1"},"canonical":"https:\/\/adexa.ee\/toode\/kaubanduslik-klaasipesumasin-30-korvi-tunnis-400mm-korv-drenaazipump-pesuvahendipump-loputusaine-pump-paagi-ja-katla-termostaat-adexa-wz40drdpbtt\/","og_locale":"en_US","og_type":"article","og_title":"Kaubanduslik klaasipesumasin 30 korvi\/tunnis 400mm korv Drenaa\u017eipump Pesuvahendipump Loputusaine pump Paagi ja katla termostaat | Adexa WZ40DRDPBTT - Adexa \u2013 Suurk\u00f6\u00f6giseadmed restoranidele ja toitlustusele","og_description":"Professionaalne klaasipesumasin, mis on loodud pakkuma j\u00e4rjepidevaid pesutulemusi, olles samal ajal lihtne kasutada, madalate ekspluatatsioonikuludega ja pika vastupidava elueaga. V\u00f5imas","og_url":"https:\/\/adexa.ee\/toode\/kaubanduslik-klaasipesumasin-30-korvi-tunnis-400mm-korv-drenaazipump-pesuvahendipump-loputusaine-pump-paagi-ja-katla-termostaat-adexa-wz40drdpbtt\/","og_site_name":"Adexa \u2013 Suurk\u00f6\u00f6giseadmed restoranidele ja toitlustusele","og_image":[{"width":962,"height":962,"url":"https:\/\/adexa.ee\/wp-content\/uploads\/2026\/03\/WZ40BTTDRDP.jpg","type":"image\/jpeg"}],"twitter_card":"summary_large_image","twitter_misc":{"Est. reading time":"1 minute"},"schema":{"@context":"https:\/\/schema.org","@graph":[{"@type":"WebPage","@id":"https:\/\/adexa.ee\/toode\/kaubanduslik-klaasipesumasin-30-korvi-tunnis-400mm-korv-drenaazipump-pesuvahendipump-loputusaine-pump-paagi-ja-katla-termostaat-adexa-wz40drdpbtt\/","url":"https:\/\/adexa.ee\/toode\/kaubanduslik-klaasipesumasin-30-korvi-tunnis-400mm-korv-drenaazipump-pesuvahendipump-loputusaine-pump-paagi-ja-katla-termostaat-adexa-wz40drdpbtt\/","name":"Kaubanduslik klaasipesumasin 30 korvi\/tunnis 400mm korv Drenaa\u017eipump Pesuvahendipump Loputusaine pump Paagi ja katla termostaat | Adexa WZ40DRDPBTT - Adexa \u2013 Suurk\u00f6\u00f6giseadmed restoranidele ja toitlustusele","isPartOf":{"@id":"https:\/\/adexa.ee\/#website"},"primaryImageOfPage":{"@id":"https:\/\/adexa.ee\/toode\/kaubanduslik-klaasipesumasin-30-korvi-tunnis-400mm-korv-drenaazipump-pesuvahendipump-loputusaine-pump-paagi-ja-katla-termostaat-adexa-wz40drdpbtt\/#primaryimage"},"image":{"@id":"https:\/\/adexa.ee\/toode\/kaubanduslik-klaasipesumasin-30-korvi-tunnis-400mm-korv-drenaazipump-pesuvahendipump-loputusaine-pump-paagi-ja-katla-termostaat-adexa-wz40drdpbtt\/#primaryimage"},"thumbnailUrl":"https:\/\/adexa.ee\/wp-content\/uploads\/2026\/03\/WZ40BTTDRDP.jpg","datePublished":"2026-03-31T19:55:40+00:00","breadcrumb":{"@id":"https:\/\/adexa.ee\/toode\/kaubanduslik-klaasipesumasin-30-korvi-tunnis-400mm-korv-drenaazipump-pesuvahendipump-loputusaine-pump-paagi-ja-katla-termostaat-adexa-wz40drdpbtt\/#breadcrumb"},"inLanguage":"en-US","potentialAction":[{"@type":"ReadAction","target":["https:\/\/adexa.ee\/toode\/kaubanduslik-klaasipesumasin-30-korvi-tunnis-400mm-korv-drenaazipump-pesuvahendipump-loputusaine-pump-paagi-ja-katla-termostaat-adexa-wz40drdpbtt\/"]}]},{"@type":"ImageObject","inLanguage":"en-US","@id":"https:\/\/adexa.ee\/toode\/kaubanduslik-klaasipesumasin-30-korvi-tunnis-400mm-korv-drenaazipump-pesuvahendipump-loputusaine-pump-paagi-ja-katla-termostaat-adexa-wz40drdpbtt\/#primaryimage","url":"https:\/\/adexa.ee\/wp-content\/uploads\/2026\/03\/WZ40BTTDRDP.jpg","contentUrl":"https:\/\/adexa.ee\/wp-content\/uploads\/2026\/03\/WZ40BTTDRDP.jpg","width":962,"height":962},{"@type":"BreadcrumbList","@id":"https:\/\/adexa.ee\/toode\/kaubanduslik-klaasipesumasin-30-korvi-tunnis-400mm-korv-drenaazipump-pesuvahendipump-loputusaine-pump-paagi-ja-katla-termostaat-adexa-wz40drdpbtt\/#breadcrumb","itemListElement":[{"@type":"ListItem","position":1,"name":"Home","item":"https:\/\/adexa.ee\/"},{"@type":"ListItem","position":2,"name":"Tooted","item":"https:\/\/adexa.ee\/pood\/"},{"@type":"ListItem","position":3,"name":"Kaubanduslik klaasipesumasin 30 korvi\/tunnis 400mm korv Drenaa\u017eipump Pesuvahendipump Loputusaine pump Paagi ja katla termostaat | Adexa WZ40DRDPBTT"}]},{"@type":"WebSite","@id":"https:\/\/adexa.ee\/#website","url":"https:\/\/adexa.ee\/","name":"Adexa","description":"","publisher":{"@id":"https:\/\/adexa.ee\/#organization"},"potentialAction":[{"@type":"SearchAction","target":{"@type":"EntryPoint","urlTemplate":"https:\/\/adexa.ee\/?s={search_term_string}"},"query-input":{"@type":"PropertyValueSpecification","valueRequired":true,"valueName":"search_term_string"}}],"inLanguage":"en-US"},{"@type":"Organization","@id":"https:\/\/adexa.ee\/#organization","name":"Adexa","url":"https:\/\/adexa.ee\/","logo":{"@type":"ImageObject","inLanguage":"en-US","@id":"https:\/\/adexa.ee\/#\/schema\/logo\/image\/","url":"https:\/\/adexa.ee\/wp-content\/uploads\/2024\/04\/chef-cooks-working-in-professional-kitchen-2023-11-27-05-07-39-utc-scaled.jpg","contentUrl":"https:\/\/adexa.ee\/wp-content\/uploads\/2024\/04\/chef-cooks-working-in-professional-kitchen-2023-11-27-05-07-39-utc-scaled.jpg","width":2560,"height":1708,"caption":"Adexa"},"image":{"@id":"https:\/\/adexa.ee\/#\/schema\/logo\/image\/"}}]}},"_links":{"self":[{"href":"https:\/\/adexa.ee\/en\/wp-json\/wp\/v2\/product\/46070","targetHints":{"allow":["GET"]}}],"collection":[{"href":"https:\/\/adexa.ee\/en\/wp-json\/wp\/v2\/product"}],"about":[{"href":"https:\/\/adexa.ee\/en\/wp-json\/wp\/v2\/types\/product"}],"wp:featuredmedia":[{"embeddable":true,"href":"https:\/\/adexa.ee\/en\/wp-json\/wp\/v2\/media\/46141"}],"wp:attachment":[{"href":"https:\/\/adexa.ee\/en\/wp-json\/wp\/v2\/media?parent=46070"}],"wp:term":[{"taxonomy":"product_brand","embeddable":true,"href":"https:\/\/adexa.ee\/en\/wp-json\/wp\/v2\/product_brand?post=46070"},{"taxonomy":"product_cat","embeddable":true,"href":"https:\/\/adexa.ee\/en\/wp-json\/wp\/v2\/product_cat?post=46070"},{"taxonomy":"product_tag","embeddable":true,"href":"https:\/\/adexa.ee\/en\/wp-json\/wp\/v2\/product_tag?post=46070"}],"curies":[{"name":"wp","href":"https:\/\/api.w.org\/{rel}","templated":true}]}}