{"id":46098,"date":"2026-03-26T12:15:43","date_gmt":"2026-03-26T10:15:43","guid":{"rendered":"https:\/\/adexa.ee\/toode\/professionaalne-gaasipliit-36-poletiga-24kw-gn2-1-gaasiahjul-8kw-adexa-hotmax-700-gr763\/"},"modified":"2026-03-26T12:15:47","modified_gmt":"2026-03-26T10:15:47","slug":"professionaalne-gaasipliit-36-poletiga-24kw-gn2-1-gaasiahjul-8kw-adexa-hotmax-700-gr763","status":"publish","type":"product","link":"https:\/\/adexa.ee\/en\/toode\/professionaalne-gaasipliit-36-poletiga-24kw-gn2-1-gaasiahjul-8kw-adexa-hotmax-700-gr763\/","title":{"rendered":"Professionaalne gaasipliit 36 p\u00f5letiga 24kW GN2\/1 gaasiahjul 8kW | Adexa Hotmax 700 GR763"},"content":{"rendered":"<p>Raskeveokite, k\u00f5rgekvaliteediline professionaalne gaasipliit, valmistatud AISI 304 roostevabast terasest GN2\/1 kommertsgaasiahjul. Sobib h\u00e4sti h\u00f5ivatud toitlustusasutustele nagu restoranid, s\u00f6\u00f6klad ja hotellid. 6 p\u00f5letit. Eelseadistatud maagaasile (G20) ja propaanotsikud on kaasas. P\u00f5letid piloodi, ohutusventiili ja termopaariga. Ahju p\u00f5leti s\u00fc\u00fcte, piloodi, termopaari ja termostaadiga. T\u00e4psema teabe saamiseks vaadake jaotist &#8216;Spetsifikatsioon&#8217;.<\/p>\n<table style=\"border-collapse: collapse; width: 100%; text-align: left;\">\n<tbody>\n<tr>\n<td style=\"border: 1px solid #ddd; padding: 8px; width: 45%;\"><strong>S\u00fcgavus<\/strong><\/td>\n<td style=\"border: 1px solid #ddd; padding: 8px;\">730 mm<\/td>\n<\/tr>\n<tr>\n<td style=\"border: 1px solid #ddd; padding: 8px; width: 45%;\"><strong>K\u00f5rgus<\/strong><\/td>\n<td style=\"border: 1px solid #ddd; padding: 8px;\">900mm<\/td>\n<\/tr>\n<tr>\n<td style=\"border: 1px solid #ddd; padding: 8px; width: 45%;\"><strong>Laius<\/strong><\/td>\n<td style=\"border: 1px solid #ddd; padding: 8px;\">900mm<\/td>\n<\/tr>\n<tr>\n<td style=\"border: 1px solid #ddd; padding: 8px; width: 45%;\"><strong>Kaal<\/strong><\/td>\n<td style=\"border: 1px solid #ddd; padding: 8px;\">120kg<\/td>\n<\/tr>\n<tr>\n<td style=\"border: 1px solid #ddd; padding: 8px; width: 45%;\"><strong>Garantii<\/strong><\/td>\n<td style=\"border: 1px solid #ddd; padding: 8px;\">12 kuu varuosade garantii<\/td>\n<\/tr>\n<tr>\n<td style=\"border: 1px solid #ddd; padding: 8px; width: 45%;\"><strong>Gaasiklapi sisselase<\/strong><\/td>\n<td style=\"border: 1px solid #ddd; padding: 8px;\">1\/2&#8243;<\/td>\n<\/tr>\n<tr>\n<td style=\"border: 1px solid #ddd; padding: 8px; width: 45%;\"><strong>T\u00fc\u00fcp<\/strong><\/td>\n<td style=\"border: 1px solid #ddd; padding: 8px;\">P\u00f5randal seisev<\/td>\n<\/tr>\n<tr>\n<td style=\"border: 1px solid #ddd; padding: 8px; width: 45%;\"><strong>Toiteallikas (gaas)<\/strong><\/td>\n<td style=\"border: 1px solid #ddd; padding: 8px;\">Gaas (maagaas\/vedelgaas)<\/td>\n<\/tr>\n<tr>\n<td style=\"border: 1px solid #ddd; padding: 8px; width: 45%;\"><strong>V\u00f5imsus (pliit)<\/strong><\/td>\n<td style=\"border: 1px solid #ddd; padding: 8px;\">6 x 6000W<\/td>\n<\/tr>\n<tr>\n<td style=\"border: 1px solid #ddd; padding: 8px; width: 45%;\"><strong>V\u00f5imsus (ahi)<\/strong><\/td>\n<td style=\"border: 1px solid #ddd; padding: 8px;\">8000W<\/td>\n<\/tr>\n<tr>\n<td style=\"border: 1px solid #ddd; padding: 8px; width: 45%;\"><strong>Plaadi\/V\u00f5re suurus<\/strong><\/td>\n<td style=\"border: 1px solid #ddd; padding: 8px;\">GN2\/1<\/td>\n<\/tr>\n<tr>\n<td style=\"border: 1px solid #ddd; padding: 8px; width: 45%;\"><strong>Materjal<\/strong><\/td>\n<td style=\"border: 1px solid #ddd; padding: 8px;\">Roostevaba teras<\/td>\n<\/tr>\n<tr>\n<td style=\"border: 1px solid #ddd; padding: 8px; width: 45%;\"><strong>Alus<\/strong><\/td>\n<td style=\"border: 1px solid #ddd; padding: 8px;\">Gaasipliit<\/td>\n<\/tr>\n<tr>\n<td style=\"border: 1px solid #ddd; padding: 8px; width: 45%;\"><strong>P\u00f5letid<\/strong><\/td>\n<td style=\"border: 1px solid #ddd; padding: 8px;\">6<\/td>\n<\/tr>\n<\/tbody>\n<\/table>\n","protected":false},"excerpt":{"rendered":"<p>Raskeveokite, k\u00f5rgekvaliteediline professionaalne gaasipliit, valmistatud AISI 304 roostevabast terasest GN2\/1 kommertsgaasiahjul. Sobib h\u00e4sti h\u00f5ivatud toitlustusasutustele nagu restoranid, s\u00f6\u00f6klad ja hotellid.<\/p>\n","protected":false},"featured_media":33705,"template":"","meta":[],"product_brand":[],"product_cat":[889],"product_tag":[],"class_list":{"0":"post-46098","1":"product","2":"type-product","3":"status-publish","4":"has-post-thumbnail","6":"product_cat-kasutatud-ja-taastatud-seadmed","8":"first","9":"instock","10":"sale","11":"taxable","12":"shipping-taxable","13":"purchasable","14":"product-type-simple"},"yoast_head":"<!-- This site is optimized with the Yoast SEO plugin v27.3 - https:\/\/yoast.com\/product\/yoast-seo-wordpress\/ -->\n<title>Professionaalne gaasipliit 36 p\u00f5letiga 24kW GN2\/1 gaasiahjul 8kW | Adexa Hotmax 700 GR763 - Adexa \u2013 Suurk\u00f6\u00f6giseadmed restoranidele ja toitlustusele<\/title>\n<meta name=\"robots\" content=\"index, follow, max-snippet:-1, max-image-preview:large, max-video-preview:-1\" \/>\n<link rel=\"canonical\" href=\"https:\/\/adexa.ee\/toode\/professionaalne-gaasipliit-36-poletiga-24kw-gn2-1-gaasiahjul-8kw-adexa-hotmax-700-gr763\/\" \/>\n<meta property=\"og:locale\" content=\"en_US\" \/>\n<meta property=\"og:type\" content=\"article\" \/>\n<meta property=\"og:title\" content=\"Professionaalne gaasipliit 36 p\u00f5letiga 24kW GN2\/1 gaasiahjul 8kW | Adexa Hotmax 700 GR763 - Adexa \u2013 Suurk\u00f6\u00f6giseadmed restoranidele ja toitlustusele\" \/>\n<meta property=\"og:description\" content=\"Raskeveokite, k\u00f5rgekvaliteediline professionaalne gaasipliit, valmistatud AISI 304 roostevabast terasest GN2\/1 kommertsgaasiahjul. Sobib h\u00e4sti h\u00f5ivatud toitlustusasutustele nagu restoranid, s\u00f6\u00f6klad ja hotellid.\" \/>\n<meta property=\"og:url\" content=\"https:\/\/adexa.ee\/toode\/professionaalne-gaasipliit-36-poletiga-24kw-gn2-1-gaasiahjul-8kw-adexa-hotmax-700-gr763\/\" \/>\n<meta property=\"og:site_name\" content=\"Adexa \u2013 Suurk\u00f6\u00f6giseadmed restoranidele ja toitlustusele\" \/>\n<meta property=\"article:modified_time\" content=\"2026-03-26T10:15:47+00:00\" \/>\n<meta property=\"og:image\" content=\"https:\/\/adexa.ee\/wp-content\/uploads\/2025\/06\/GR763-scaled.jpg\" \/>\n\t<meta property=\"og:image:width\" content=\"2560\" \/>\n\t<meta property=\"og:image:height\" content=\"2560\" \/>\n\t<meta property=\"og:image:type\" content=\"image\/jpeg\" \/>\n<meta name=\"twitter:card\" content=\"summary_large_image\" \/>\n<meta name=\"twitter:label1\" content=\"Est. reading time\" \/>\n\t<meta name=\"twitter:data1\" content=\"1 minute\" \/>\n<script type=\"application\/ld+json\" class=\"yoast-schema-graph\">{\"@context\":\"https:\\\/\\\/schema.org\",\"@graph\":[{\"@type\":\"WebPage\",\"@id\":\"https:\\\/\\\/adexa.ee\\\/toode\\\/professionaalne-gaasipliit-36-poletiga-24kw-gn2-1-gaasiahjul-8kw-adexa-hotmax-700-gr763\\\/\",\"url\":\"https:\\\/\\\/adexa.ee\\\/toode\\\/professionaalne-gaasipliit-36-poletiga-24kw-gn2-1-gaasiahjul-8kw-adexa-hotmax-700-gr763\\\/\",\"name\":\"Professionaalne gaasipliit 36 p\u00f5letiga 24kW GN2\\\/1 gaasiahjul 8kW | Adexa Hotmax 700 GR763 - Adexa \u2013 Suurk\u00f6\u00f6giseadmed restoranidele ja toitlustusele\",\"isPartOf\":{\"@id\":\"https:\\\/\\\/adexa.ee\\\/#website\"},\"primaryImageOfPage\":{\"@id\":\"https:\\\/\\\/adexa.ee\\\/toode\\\/professionaalne-gaasipliit-36-poletiga-24kw-gn2-1-gaasiahjul-8kw-adexa-hotmax-700-gr763\\\/#primaryimage\"},\"image\":{\"@id\":\"https:\\\/\\\/adexa.ee\\\/toode\\\/professionaalne-gaasipliit-36-poletiga-24kw-gn2-1-gaasiahjul-8kw-adexa-hotmax-700-gr763\\\/#primaryimage\"},\"thumbnailUrl\":\"https:\\\/\\\/adexa.ee\\\/wp-content\\\/uploads\\\/2025\\\/06\\\/GR763-scaled.jpg\",\"datePublished\":\"2026-03-26T10:15:43+00:00\",\"dateModified\":\"2026-03-26T10:15:47+00:00\",\"breadcrumb\":{\"@id\":\"https:\\\/\\\/adexa.ee\\\/toode\\\/professionaalne-gaasipliit-36-poletiga-24kw-gn2-1-gaasiahjul-8kw-adexa-hotmax-700-gr763\\\/#breadcrumb\"},\"inLanguage\":\"en-US\",\"potentialAction\":[{\"@type\":\"ReadAction\",\"target\":[\"https:\\\/\\\/adexa.ee\\\/toode\\\/professionaalne-gaasipliit-36-poletiga-24kw-gn2-1-gaasiahjul-8kw-adexa-hotmax-700-gr763\\\/\"]}]},{\"@type\":\"ImageObject\",\"inLanguage\":\"en-US\",\"@id\":\"https:\\\/\\\/adexa.ee\\\/toode\\\/professionaalne-gaasipliit-36-poletiga-24kw-gn2-1-gaasiahjul-8kw-adexa-hotmax-700-gr763\\\/#primaryimage\",\"url\":\"https:\\\/\\\/adexa.ee\\\/wp-content\\\/uploads\\\/2025\\\/06\\\/GR763-scaled.jpg\",\"contentUrl\":\"https:\\\/\\\/adexa.ee\\\/wp-content\\\/uploads\\\/2025\\\/06\\\/GR763-scaled.jpg\",\"width\":2560,\"height\":2560},{\"@type\":\"BreadcrumbList\",\"@id\":\"https:\\\/\\\/adexa.ee\\\/toode\\\/professionaalne-gaasipliit-36-poletiga-24kw-gn2-1-gaasiahjul-8kw-adexa-hotmax-700-gr763\\\/#breadcrumb\",\"itemListElement\":[{\"@type\":\"ListItem\",\"position\":1,\"name\":\"Home\",\"item\":\"https:\\\/\\\/adexa.ee\\\/\"},{\"@type\":\"ListItem\",\"position\":2,\"name\":\"Tooted\",\"item\":\"https:\\\/\\\/adexa.ee\\\/pood\\\/\"},{\"@type\":\"ListItem\",\"position\":3,\"name\":\"Professionaalne gaasipliit 36 p\u00f5letiga 24kW GN2\\\/1 gaasiahjul 8kW | Adexa Hotmax 700 GR763\"}]},{\"@type\":\"WebSite\",\"@id\":\"https:\\\/\\\/adexa.ee\\\/#website\",\"url\":\"https:\\\/\\\/adexa.ee\\\/\",\"name\":\"Adexa\",\"description\":\"\",\"publisher\":{\"@id\":\"https:\\\/\\\/adexa.ee\\\/#organization\"},\"potentialAction\":[{\"@type\":\"SearchAction\",\"target\":{\"@type\":\"EntryPoint\",\"urlTemplate\":\"https:\\\/\\\/adexa.ee\\\/?s={search_term_string}\"},\"query-input\":{\"@type\":\"PropertyValueSpecification\",\"valueRequired\":true,\"valueName\":\"search_term_string\"}}],\"inLanguage\":\"en-US\"},{\"@type\":\"Organization\",\"@id\":\"https:\\\/\\\/adexa.ee\\\/#organization\",\"name\":\"Adexa\",\"url\":\"https:\\\/\\\/adexa.ee\\\/\",\"logo\":{\"@type\":\"ImageObject\",\"inLanguage\":\"en-US\",\"@id\":\"https:\\\/\\\/adexa.ee\\\/#\\\/schema\\\/logo\\\/image\\\/\",\"url\":\"https:\\\/\\\/adexa.ee\\\/wp-content\\\/uploads\\\/2024\\\/04\\\/chef-cooks-working-in-professional-kitchen-2023-11-27-05-07-39-utc-scaled.jpg\",\"contentUrl\":\"https:\\\/\\\/adexa.ee\\\/wp-content\\\/uploads\\\/2024\\\/04\\\/chef-cooks-working-in-professional-kitchen-2023-11-27-05-07-39-utc-scaled.jpg\",\"width\":2560,\"height\":1708,\"caption\":\"Adexa\"},\"image\":{\"@id\":\"https:\\\/\\\/adexa.ee\\\/#\\\/schema\\\/logo\\\/image\\\/\"}}]}<\/script>\n<!-- \/ Yoast SEO plugin. -->","yoast_head_json":{"title":"Professionaalne gaasipliit 36 p\u00f5letiga 24kW GN2\/1 gaasiahjul 8kW | Adexa Hotmax 700 GR763 - Adexa \u2013 Suurk\u00f6\u00f6giseadmed restoranidele ja toitlustusele","robots":{"index":"index","follow":"follow","max-snippet":"max-snippet:-1","max-image-preview":"max-image-preview:large","max-video-preview":"max-video-preview:-1"},"canonical":"https:\/\/adexa.ee\/toode\/professionaalne-gaasipliit-36-poletiga-24kw-gn2-1-gaasiahjul-8kw-adexa-hotmax-700-gr763\/","og_locale":"en_US","og_type":"article","og_title":"Professionaalne gaasipliit 36 p\u00f5letiga 24kW GN2\/1 gaasiahjul 8kW | Adexa Hotmax 700 GR763 - Adexa \u2013 Suurk\u00f6\u00f6giseadmed restoranidele ja toitlustusele","og_description":"Raskeveokite, k\u00f5rgekvaliteediline professionaalne gaasipliit, valmistatud AISI 304 roostevabast terasest GN2\/1 kommertsgaasiahjul. Sobib h\u00e4sti h\u00f5ivatud toitlustusasutustele nagu restoranid, s\u00f6\u00f6klad ja hotellid.","og_url":"https:\/\/adexa.ee\/toode\/professionaalne-gaasipliit-36-poletiga-24kw-gn2-1-gaasiahjul-8kw-adexa-hotmax-700-gr763\/","og_site_name":"Adexa \u2013 Suurk\u00f6\u00f6giseadmed restoranidele ja toitlustusele","article_modified_time":"2026-03-26T10:15:47+00:00","og_image":[{"width":2560,"height":2560,"url":"https:\/\/adexa.ee\/wp-content\/uploads\/2025\/06\/GR763-scaled.jpg","type":"image\/jpeg"}],"twitter_card":"summary_large_image","twitter_misc":{"Est. reading time":"1 minute"},"schema":{"@context":"https:\/\/schema.org","@graph":[{"@type":"WebPage","@id":"https:\/\/adexa.ee\/toode\/professionaalne-gaasipliit-36-poletiga-24kw-gn2-1-gaasiahjul-8kw-adexa-hotmax-700-gr763\/","url":"https:\/\/adexa.ee\/toode\/professionaalne-gaasipliit-36-poletiga-24kw-gn2-1-gaasiahjul-8kw-adexa-hotmax-700-gr763\/","name":"Professionaalne gaasipliit 36 p\u00f5letiga 24kW GN2\/1 gaasiahjul 8kW | Adexa Hotmax 700 GR763 - Adexa \u2013 Suurk\u00f6\u00f6giseadmed restoranidele ja toitlustusele","isPartOf":{"@id":"https:\/\/adexa.ee\/#website"},"primaryImageOfPage":{"@id":"https:\/\/adexa.ee\/toode\/professionaalne-gaasipliit-36-poletiga-24kw-gn2-1-gaasiahjul-8kw-adexa-hotmax-700-gr763\/#primaryimage"},"image":{"@id":"https:\/\/adexa.ee\/toode\/professionaalne-gaasipliit-36-poletiga-24kw-gn2-1-gaasiahjul-8kw-adexa-hotmax-700-gr763\/#primaryimage"},"thumbnailUrl":"https:\/\/adexa.ee\/wp-content\/uploads\/2025\/06\/GR763-scaled.jpg","datePublished":"2026-03-26T10:15:43+00:00","dateModified":"2026-03-26T10:15:47+00:00","breadcrumb":{"@id":"https:\/\/adexa.ee\/toode\/professionaalne-gaasipliit-36-poletiga-24kw-gn2-1-gaasiahjul-8kw-adexa-hotmax-700-gr763\/#breadcrumb"},"inLanguage":"en-US","potentialAction":[{"@type":"ReadAction","target":["https:\/\/adexa.ee\/toode\/professionaalne-gaasipliit-36-poletiga-24kw-gn2-1-gaasiahjul-8kw-adexa-hotmax-700-gr763\/"]}]},{"@type":"ImageObject","inLanguage":"en-US","@id":"https:\/\/adexa.ee\/toode\/professionaalne-gaasipliit-36-poletiga-24kw-gn2-1-gaasiahjul-8kw-adexa-hotmax-700-gr763\/#primaryimage","url":"https:\/\/adexa.ee\/wp-content\/uploads\/2025\/06\/GR763-scaled.jpg","contentUrl":"https:\/\/adexa.ee\/wp-content\/uploads\/2025\/06\/GR763-scaled.jpg","width":2560,"height":2560},{"@type":"BreadcrumbList","@id":"https:\/\/adexa.ee\/toode\/professionaalne-gaasipliit-36-poletiga-24kw-gn2-1-gaasiahjul-8kw-adexa-hotmax-700-gr763\/#breadcrumb","itemListElement":[{"@type":"ListItem","position":1,"name":"Home","item":"https:\/\/adexa.ee\/"},{"@type":"ListItem","position":2,"name":"Tooted","item":"https:\/\/adexa.ee\/pood\/"},{"@type":"ListItem","position":3,"name":"Professionaalne gaasipliit 36 p\u00f5letiga 24kW GN2\/1 gaasiahjul 8kW | Adexa Hotmax 700 GR763"}]},{"@type":"WebSite","@id":"https:\/\/adexa.ee\/#website","url":"https:\/\/adexa.ee\/","name":"Adexa","description":"","publisher":{"@id":"https:\/\/adexa.ee\/#organization"},"potentialAction":[{"@type":"SearchAction","target":{"@type":"EntryPoint","urlTemplate":"https:\/\/adexa.ee\/?s={search_term_string}"},"query-input":{"@type":"PropertyValueSpecification","valueRequired":true,"valueName":"search_term_string"}}],"inLanguage":"en-US"},{"@type":"Organization","@id":"https:\/\/adexa.ee\/#organization","name":"Adexa","url":"https:\/\/adexa.ee\/","logo":{"@type":"ImageObject","inLanguage":"en-US","@id":"https:\/\/adexa.ee\/#\/schema\/logo\/image\/","url":"https:\/\/adexa.ee\/wp-content\/uploads\/2024\/04\/chef-cooks-working-in-professional-kitchen-2023-11-27-05-07-39-utc-scaled.jpg","contentUrl":"https:\/\/adexa.ee\/wp-content\/uploads\/2024\/04\/chef-cooks-working-in-professional-kitchen-2023-11-27-05-07-39-utc-scaled.jpg","width":2560,"height":1708,"caption":"Adexa"},"image":{"@id":"https:\/\/adexa.ee\/#\/schema\/logo\/image\/"}}]}},"_links":{"self":[{"href":"https:\/\/adexa.ee\/en\/wp-json\/wp\/v2\/product\/46098","targetHints":{"allow":["GET"]}}],"collection":[{"href":"https:\/\/adexa.ee\/en\/wp-json\/wp\/v2\/product"}],"about":[{"href":"https:\/\/adexa.ee\/en\/wp-json\/wp\/v2\/types\/product"}],"wp:featuredmedia":[{"embeddable":true,"href":"https:\/\/adexa.ee\/en\/wp-json\/wp\/v2\/media\/33705"}],"wp:attachment":[{"href":"https:\/\/adexa.ee\/en\/wp-json\/wp\/v2\/media?parent=46098"}],"wp:term":[{"taxonomy":"product_brand","embeddable":true,"href":"https:\/\/adexa.ee\/en\/wp-json\/wp\/v2\/product_brand?post=46098"},{"taxonomy":"product_cat","embeddable":true,"href":"https:\/\/adexa.ee\/en\/wp-json\/wp\/v2\/product_cat?post=46098"},{"taxonomy":"product_tag","embeddable":true,"href":"https:\/\/adexa.ee\/en\/wp-json\/wp\/v2\/product_tag?post=46098"}],"curies":[{"name":"wp","href":"https:\/\/api.w.org\/{rel}","templated":true}]}}