{"id":46161,"date":"2026-03-27T08:45:48","date_gmt":"2026-03-27T06:45:48","guid":{"rendered":"https:\/\/adexa.ee\/toode\/kaubanduslik-roostevabast-terasest-valamu-kapp-1000x600x900mm-1-kauss-vasakul-3-sahtlit-pritsmekaitsega-adexa-dsa601002d3dl\/"},"modified":"2026-03-27T08:45:49","modified_gmt":"2026-03-27T06:45:49","slug":"kaubanduslik-roostevabast-terasest-valamu-kapp-1000x600x900mm-1-kauss-vasakul-3-sahtlit-pritsmekaitsega-adexa-dsa601002d3dl","status":"publish","type":"product","link":"https:\/\/adexa.ee\/en\/toode\/kaubanduslik-roostevabast-terasest-valamu-kapp-1000x600x900mm-1-kauss-vasakul-3-sahtlit-pritsmekaitsega-adexa-dsa601002d3dl\/","title":{"rendered":"Kaubanduslik Roostevabast Terasest Valamu Kapp 1000x600x900mm 1 kauss vasakul 3 sahtlit Pritsmekaitsega | Adexa DSA601002D3DL"},"content":{"rendered":"<p>Kaubanduslik Roostevabast Terasest Valamu ja Ladustamisseade: \u00dcksik Kauss, 2 Liugust ja 3 Sahtlit Maksimeeri efektiivsust ja organiseeritust oma kaubanduslikus k\u00f6\u00f6gis selle k\u00f5rgekvaliteedilise roostevabast terasest valamu ja ladustamiskombinatsiooniga. Kavandatud optimaalse ruumikasutuse ja h\u00fcgieeni tagamiseks, see seade \u00fchendab praktilise pesemisjaama avara ja kergesti ligip\u00e4\u00e4setava ladustamisega. Peamised omadused: \u00dcksik Kaubanduslik Valamukauss: Suure mahutavusega kauss pakub p\u00fchendatud ala suurte pottide, pannide ja k\u00f6\u00f6gitarvikute t\u00f5husaks pesemiseks, loputamiseks ja leotamiseks. H\u00fcgieeniline Roostevabast Terasest Konstruktsioon: T\u00e4ielikult valmistatud vastupidavast, toitlustusklassi roostevabast terasest. See mittepoorne materjal on korrosioonikindel, uskumatult lihtne puhastada ja vastab mis tahes professionaalse toiduaineteeninduskeskkonna rangetele h\u00fcgieenistandarditele. Ruumi S\u00e4\u00e4stvad Liuguksed: Suur valamualune kapi ala on suletud kahe sujuvalt libiseva liuguksega. See disain ei vaja avamiseks ruumi, muutes selle ideaalseks kitsastes, suure liiklusega koridorides ja maksimeerides juurdep\u00e4\u00e4su hulgihoidmiseks (nt kemikaalid, pr\u00fcgikastid v\u00f5i puhastusvahendid). Integreeritud Kolme Sahtli \u00dcksus: Sisaldab kolme vastupidavat, t\u00e4ielikult avanevat sahtlit peamise kapi k\u00f5rval. Need pakuvad sektsioneeritud, tolmuvaba ladustamist v\u00e4iksematele, olulistele esemetele nagu s\u00f6\u00f6giriistad, pakendimaterjalid, kokkade t\u00f6\u00f6riistad v\u00f5i ettevalmistustarvikud, hoides neid k\u00e4eulatuses. Pritsmekaitse: Integreeritud tagumine t\u00f5us\/pritsmekaitse kaitseb seinu ja \u00fcmbritsevaid pindu veekahjustuste ja toidupritsmete eest, tagades puhtama ja h\u00fcgieenilisema t\u00f6\u00f6ruumi. Tugev T\u00f6\u00f6laud: Tugevdatud t\u00f6\u00f6pind pakub erakordset tugevust ja stabiilsust, olles nii ettevalmistusala kui ka p\u00fchendatud \u00e4ravoolupind kraanikausi k\u00f5rval. Reguleeritav Stabiilsus: K\u00f5rgusreguleeritavad jalad v\u00f5imaldavad teil seadet ideaalselt tasandada eba\u00fchtlastel p\u00f5randatel, tagades maksimaalse stabiilsuse kasutamise ajal. T\u00e4iuslik k\u00f5ik-\u00fches lahendus pesemiseks ja organiseeritud ladustamiseks h\u00f5ivatud restoranides, kohvikutes ja toitlustusasutustes. Palun vaadake jaotist &#8216;Spetsifikatsioon&#8217; \u00fcksikasjaliku teabe saamiseks.<\/p>\n<table style=\"border-collapse: collapse; width: 100%; text-align: left;\">\n<tbody>\n<tr>\n<td style=\"border: 1px solid #ddd; padding: 8px; width: 45%;\"><strong>S\u00fcgavus<\/strong><\/td>\n<td style=\"border: 1px solid #ddd; padding: 8px;\">600mm<\/td>\n<\/tr>\n<tr>\n<td style=\"border: 1px solid #ddd; padding: 8px; width: 45%;\"><strong>K\u00f5rgus<\/strong><\/td>\n<td style=\"border: 1px solid #ddd; padding: 8px;\">900mm (+100mm tagasipritse)<\/td>\n<\/tr>\n<tr>\n<td style=\"border: 1px solid #ddd; padding: 8px; width: 45%;\"><strong>Laius<\/strong><\/td>\n<td style=\"border: 1px solid #ddd; padding: 8px;\">1000mm<\/td>\n<\/tr>\n<tr>\n<td style=\"border: 1px solid #ddd; padding: 8px; width: 45%;\"><strong>Kaal<\/strong><\/td>\n<td style=\"border: 1px solid #ddd; padding: 8px;\">39 kg<\/td>\n<\/tr>\n<tr>\n<td style=\"border: 1px solid #ddd; padding: 8px; width: 45%;\"><strong>Garantii<\/strong><\/td>\n<td style=\"border: 1px solid #ddd; padding: 8px;\">12 kuu varuosade garantii<\/td>\n<\/tr>\n<tr>\n<td style=\"border: 1px solid #ddd; padding: 8px; width: 45%;\"><strong>Kokku panemine<\/strong><\/td>\n<td style=\"border: 1px solid #ddd; padding: 8px;\">Lahtiv\u00f5etud<\/td>\n<\/tr>\n<tr>\n<td style=\"border: 1px solid #ddd; padding: 8px; width: 45%;\"><strong>S\u00fcgavus (valamu kauss)<\/strong><\/td>\n<td style=\"border: 1px solid #ddd; padding: 8px;\">400mm<\/td>\n<\/tr>\n<tr>\n<td style=\"border: 1px solid #ddd; padding: 8px; width: 45%;\"><strong>K\u00f5rgus (valamu kauss)<\/strong><\/td>\n<td style=\"border: 1px solid #ddd; padding: 8px;\">250mm<\/td>\n<\/tr>\n<tr>\n<td style=\"border: 1px solid #ddd; padding: 8px; width: 45%;\"><strong>Laius (valamu kauss)<\/strong><\/td>\n<td style=\"border: 1px solid #ddd; padding: 8px;\">400mm<\/td>\n<\/tr>\n<tr>\n<td style=\"border: 1px solid #ddd; padding: 8px; width: 45%;\"><strong>Uksed<\/strong><\/td>\n<td style=\"border: 1px solid #ddd; padding: 8px;\">Kahekordsed uksed<\/td>\n<\/tr>\n<tr>\n<td style=\"border: 1px solid #ddd; padding: 8px; width: 45%;\"><strong>Materjal<\/strong><\/td>\n<td style=\"border: 1px solid #ddd; padding: 8px;\">Roostevaba teras<\/td>\n<\/tr>\n<tr>\n<td style=\"border: 1px solid #ddd; padding: 8px; width: 45%;\"><strong>Valamu kausid<\/strong><\/td>\n<td style=\"border: 1px solid #ddd; padding: 8px;\">1 kauss vasakule<\/td>\n<\/tr>\n<tr>\n<td style=\"border: 1px solid #ddd; padding: 8px; width: 45%;\"><strong>Pritsekaitse<\/strong><\/td>\n<td style=\"border: 1px solid #ddd; padding: 8px;\">100mm<\/td>\n<\/tr>\n<tr>\n<td style=\"border: 1px solid #ddd; padding: 8px; width: 45%;\"><strong>T\u00f6\u00f6 pind<\/strong><\/td>\n<td style=\"border: 1px solid #ddd; padding: 8px;\">Laudade disain<\/td>\n<\/tr>\n<tr>\n<td style=\"border: 1px solid #ddd; padding: 8px; width: 45%;\"><strong>L\u00e4bim\u00f5\u00f5t<\/strong><\/td>\n<td style=\"border: 1px solid #ddd; padding: 8px;\">3,5&#8221; \/ 89mm (\u00e4ravooluava) \/ 32mm (kraaniava)<\/td>\n<\/tr>\n<tr>\n<td style=\"border: 1px solid #ddd; padding: 8px; width: 45%;\"><strong>Sahtel(d)<\/strong><\/td>\n<td style=\"border: 1px solid #ddd; padding: 8px;\">3 sahtlit<\/td>\n<\/tr>\n<\/tbody>\n<\/table>\n","protected":false},"excerpt":{"rendered":"<p>Kaubanduslik Roostevabast Terasest Valamu ja Ladustamisseade: \u00dcksik Kauss, 2 Liugust ja 3 Sahtlit Maksimeeri efektiivsust ja organiseeritust oma kaubanduslikus k\u00f6\u00f6gis<\/p>\n","protected":false},"featured_media":44661,"template":"","meta":[],"product_brand":[],"product_cat":[968,972,574,609,572,573],"product_tag":[],"class_list":{"0":"post-46161","1":"product","2":"type-product","3":"status-publish","4":"has-post-thumbnail","6":"product_cat-valamud","7":"product_cat-valamuga-kapid","8":"product_cat-600-mm-uhe-valamuga","9":"product_cat-noudepesu","10":"product_cat-roostevabad-tooted","11":"product_cat-uhesed-ja-kahesed-valamud","13":"first","14":"instock","15":"sale","16":"taxable","17":"shipping-taxable","18":"purchasable","19":"product-type-simple"},"yoast_head":"<!-- This site is optimized with the Yoast SEO plugin v27.3 - https:\/\/yoast.com\/product\/yoast-seo-wordpress\/ -->\n<title>Kaubanduslik Roostevabast Terasest Valamu Kapp 1000x600x900mm 1 kauss vasakul 3 sahtlit Pritsmekaitsega | Adexa DSA601002D3DL - Adexa \u2013 Suurk\u00f6\u00f6giseadmed restoranidele ja toitlustusele<\/title>\n<meta name=\"robots\" content=\"index, follow, max-snippet:-1, max-image-preview:large, max-video-preview:-1\" \/>\n<link rel=\"canonical\" href=\"https:\/\/adexa.ee\/toode\/kaubanduslik-roostevabast-terasest-valamu-kapp-1000x600x900mm-1-kauss-vasakul-3-sahtlit-pritsmekaitsega-adexa-dsa601002d3dl\/\" \/>\n<meta property=\"og:locale\" content=\"en_US\" \/>\n<meta property=\"og:type\" content=\"article\" \/>\n<meta property=\"og:title\" content=\"Kaubanduslik Roostevabast Terasest Valamu Kapp 1000x600x900mm 1 kauss vasakul 3 sahtlit Pritsmekaitsega | Adexa DSA601002D3DL - Adexa \u2013 Suurk\u00f6\u00f6giseadmed restoranidele ja toitlustusele\" \/>\n<meta property=\"og:description\" content=\"Kaubanduslik Roostevabast Terasest Valamu ja Ladustamisseade: \u00dcksik Kauss, 2 Liugust ja 3 Sahtlit Maksimeeri efektiivsust ja organiseeritust oma kaubanduslikus k\u00f6\u00f6gis\" \/>\n<meta property=\"og:url\" content=\"https:\/\/adexa.ee\/toode\/kaubanduslik-roostevabast-terasest-valamu-kapp-1000x600x900mm-1-kauss-vasakul-3-sahtlit-pritsmekaitsega-adexa-dsa601002d3dl\/\" \/>\n<meta property=\"og:site_name\" content=\"Adexa \u2013 Suurk\u00f6\u00f6giseadmed restoranidele ja toitlustusele\" \/>\n<meta property=\"article:modified_time\" content=\"2026-03-27T06:45:49+00:00\" \/>\n<meta property=\"og:image\" content=\"https:\/\/adexa.ee\/wp-content\/uploads\/2025\/12\/DSA601602D3DL-scaled.jpg\" \/>\n\t<meta property=\"og:image:width\" content=\"2560\" \/>\n\t<meta property=\"og:image:height\" content=\"2560\" \/>\n\t<meta property=\"og:image:type\" content=\"image\/jpeg\" \/>\n<meta name=\"twitter:card\" content=\"summary_large_image\" \/>\n<meta name=\"twitter:label1\" content=\"Est. reading time\" \/>\n\t<meta name=\"twitter:data1\" content=\"2 minutes\" \/>\n<script type=\"application\/ld+json\" class=\"yoast-schema-graph\">{\"@context\":\"https:\\\/\\\/schema.org\",\"@graph\":[{\"@type\":\"WebPage\",\"@id\":\"https:\\\/\\\/adexa.ee\\\/toode\\\/kaubanduslik-roostevabast-terasest-valamu-kapp-1000x600x900mm-1-kauss-vasakul-3-sahtlit-pritsmekaitsega-adexa-dsa601002d3dl\\\/\",\"url\":\"https:\\\/\\\/adexa.ee\\\/toode\\\/kaubanduslik-roostevabast-terasest-valamu-kapp-1000x600x900mm-1-kauss-vasakul-3-sahtlit-pritsmekaitsega-adexa-dsa601002d3dl\\\/\",\"name\":\"Kaubanduslik Roostevabast Terasest Valamu Kapp 1000x600x900mm 1 kauss vasakul 3 sahtlit Pritsmekaitsega | Adexa DSA601002D3DL - Adexa \u2013 Suurk\u00f6\u00f6giseadmed restoranidele ja toitlustusele\",\"isPartOf\":{\"@id\":\"https:\\\/\\\/adexa.ee\\\/#website\"},\"primaryImageOfPage\":{\"@id\":\"https:\\\/\\\/adexa.ee\\\/toode\\\/kaubanduslik-roostevabast-terasest-valamu-kapp-1000x600x900mm-1-kauss-vasakul-3-sahtlit-pritsmekaitsega-adexa-dsa601002d3dl\\\/#primaryimage\"},\"image\":{\"@id\":\"https:\\\/\\\/adexa.ee\\\/toode\\\/kaubanduslik-roostevabast-terasest-valamu-kapp-1000x600x900mm-1-kauss-vasakul-3-sahtlit-pritsmekaitsega-adexa-dsa601002d3dl\\\/#primaryimage\"},\"thumbnailUrl\":\"https:\\\/\\\/adexa.ee\\\/wp-content\\\/uploads\\\/2025\\\/12\\\/DSA601602D3DL-scaled.jpg\",\"datePublished\":\"2026-03-27T06:45:48+00:00\",\"dateModified\":\"2026-03-27T06:45:49+00:00\",\"breadcrumb\":{\"@id\":\"https:\\\/\\\/adexa.ee\\\/toode\\\/kaubanduslik-roostevabast-terasest-valamu-kapp-1000x600x900mm-1-kauss-vasakul-3-sahtlit-pritsmekaitsega-adexa-dsa601002d3dl\\\/#breadcrumb\"},\"inLanguage\":\"en-US\",\"potentialAction\":[{\"@type\":\"ReadAction\",\"target\":[\"https:\\\/\\\/adexa.ee\\\/toode\\\/kaubanduslik-roostevabast-terasest-valamu-kapp-1000x600x900mm-1-kauss-vasakul-3-sahtlit-pritsmekaitsega-adexa-dsa601002d3dl\\\/\"]}]},{\"@type\":\"ImageObject\",\"inLanguage\":\"en-US\",\"@id\":\"https:\\\/\\\/adexa.ee\\\/toode\\\/kaubanduslik-roostevabast-terasest-valamu-kapp-1000x600x900mm-1-kauss-vasakul-3-sahtlit-pritsmekaitsega-adexa-dsa601002d3dl\\\/#primaryimage\",\"url\":\"https:\\\/\\\/adexa.ee\\\/wp-content\\\/uploads\\\/2025\\\/12\\\/DSA601602D3DL-scaled.jpg\",\"contentUrl\":\"https:\\\/\\\/adexa.ee\\\/wp-content\\\/uploads\\\/2025\\\/12\\\/DSA601602D3DL-scaled.jpg\",\"width\":2560,\"height\":2560},{\"@type\":\"BreadcrumbList\",\"@id\":\"https:\\\/\\\/adexa.ee\\\/toode\\\/kaubanduslik-roostevabast-terasest-valamu-kapp-1000x600x900mm-1-kauss-vasakul-3-sahtlit-pritsmekaitsega-adexa-dsa601002d3dl\\\/#breadcrumb\",\"itemListElement\":[{\"@type\":\"ListItem\",\"position\":1,\"name\":\"Home\",\"item\":\"https:\\\/\\\/adexa.ee\\\/\"},{\"@type\":\"ListItem\",\"position\":2,\"name\":\"Tooted\",\"item\":\"https:\\\/\\\/adexa.ee\\\/pood\\\/\"},{\"@type\":\"ListItem\",\"position\":3,\"name\":\"Kaubanduslik Roostevabast Terasest Valamu Kapp 1000x600x900mm 1 kauss vasakul 3 sahtlit Pritsmekaitsega | Adexa DSA601002D3DL\"}]},{\"@type\":\"WebSite\",\"@id\":\"https:\\\/\\\/adexa.ee\\\/#website\",\"url\":\"https:\\\/\\\/adexa.ee\\\/\",\"name\":\"Adexa\",\"description\":\"\",\"publisher\":{\"@id\":\"https:\\\/\\\/adexa.ee\\\/#organization\"},\"potentialAction\":[{\"@type\":\"SearchAction\",\"target\":{\"@type\":\"EntryPoint\",\"urlTemplate\":\"https:\\\/\\\/adexa.ee\\\/?s={search_term_string}\"},\"query-input\":{\"@type\":\"PropertyValueSpecification\",\"valueRequired\":true,\"valueName\":\"search_term_string\"}}],\"inLanguage\":\"en-US\"},{\"@type\":\"Organization\",\"@id\":\"https:\\\/\\\/adexa.ee\\\/#organization\",\"name\":\"Adexa\",\"url\":\"https:\\\/\\\/adexa.ee\\\/\",\"logo\":{\"@type\":\"ImageObject\",\"inLanguage\":\"en-US\",\"@id\":\"https:\\\/\\\/adexa.ee\\\/#\\\/schema\\\/logo\\\/image\\\/\",\"url\":\"https:\\\/\\\/adexa.ee\\\/wp-content\\\/uploads\\\/2024\\\/04\\\/chef-cooks-working-in-professional-kitchen-2023-11-27-05-07-39-utc-scaled.jpg\",\"contentUrl\":\"https:\\\/\\\/adexa.ee\\\/wp-content\\\/uploads\\\/2024\\\/04\\\/chef-cooks-working-in-professional-kitchen-2023-11-27-05-07-39-utc-scaled.jpg\",\"width\":2560,\"height\":1708,\"caption\":\"Adexa\"},\"image\":{\"@id\":\"https:\\\/\\\/adexa.ee\\\/#\\\/schema\\\/logo\\\/image\\\/\"}}]}<\/script>\n<!-- \/ Yoast SEO plugin. -->","yoast_head_json":{"title":"Kaubanduslik Roostevabast Terasest Valamu Kapp 1000x600x900mm 1 kauss vasakul 3 sahtlit Pritsmekaitsega | Adexa DSA601002D3DL - Adexa \u2013 Suurk\u00f6\u00f6giseadmed restoranidele ja toitlustusele","robots":{"index":"index","follow":"follow","max-snippet":"max-snippet:-1","max-image-preview":"max-image-preview:large","max-video-preview":"max-video-preview:-1"},"canonical":"https:\/\/adexa.ee\/toode\/kaubanduslik-roostevabast-terasest-valamu-kapp-1000x600x900mm-1-kauss-vasakul-3-sahtlit-pritsmekaitsega-adexa-dsa601002d3dl\/","og_locale":"en_US","og_type":"article","og_title":"Kaubanduslik Roostevabast Terasest Valamu Kapp 1000x600x900mm 1 kauss vasakul 3 sahtlit Pritsmekaitsega | Adexa DSA601002D3DL - Adexa \u2013 Suurk\u00f6\u00f6giseadmed restoranidele ja toitlustusele","og_description":"Kaubanduslik Roostevabast Terasest Valamu ja Ladustamisseade: \u00dcksik Kauss, 2 Liugust ja 3 Sahtlit Maksimeeri efektiivsust ja organiseeritust oma kaubanduslikus k\u00f6\u00f6gis","og_url":"https:\/\/adexa.ee\/toode\/kaubanduslik-roostevabast-terasest-valamu-kapp-1000x600x900mm-1-kauss-vasakul-3-sahtlit-pritsmekaitsega-adexa-dsa601002d3dl\/","og_site_name":"Adexa \u2013 Suurk\u00f6\u00f6giseadmed restoranidele ja toitlustusele","article_modified_time":"2026-03-27T06:45:49+00:00","og_image":[{"width":2560,"height":2560,"url":"https:\/\/adexa.ee\/wp-content\/uploads\/2025\/12\/DSA601602D3DL-scaled.jpg","type":"image\/jpeg"}],"twitter_card":"summary_large_image","twitter_misc":{"Est. reading time":"2 minutes"},"schema":{"@context":"https:\/\/schema.org","@graph":[{"@type":"WebPage","@id":"https:\/\/adexa.ee\/toode\/kaubanduslik-roostevabast-terasest-valamu-kapp-1000x600x900mm-1-kauss-vasakul-3-sahtlit-pritsmekaitsega-adexa-dsa601002d3dl\/","url":"https:\/\/adexa.ee\/toode\/kaubanduslik-roostevabast-terasest-valamu-kapp-1000x600x900mm-1-kauss-vasakul-3-sahtlit-pritsmekaitsega-adexa-dsa601002d3dl\/","name":"Kaubanduslik Roostevabast Terasest Valamu Kapp 1000x600x900mm 1 kauss vasakul 3 sahtlit Pritsmekaitsega | Adexa DSA601002D3DL - Adexa \u2013 Suurk\u00f6\u00f6giseadmed restoranidele ja toitlustusele","isPartOf":{"@id":"https:\/\/adexa.ee\/#website"},"primaryImageOfPage":{"@id":"https:\/\/adexa.ee\/toode\/kaubanduslik-roostevabast-terasest-valamu-kapp-1000x600x900mm-1-kauss-vasakul-3-sahtlit-pritsmekaitsega-adexa-dsa601002d3dl\/#primaryimage"},"image":{"@id":"https:\/\/adexa.ee\/toode\/kaubanduslik-roostevabast-terasest-valamu-kapp-1000x600x900mm-1-kauss-vasakul-3-sahtlit-pritsmekaitsega-adexa-dsa601002d3dl\/#primaryimage"},"thumbnailUrl":"https:\/\/adexa.ee\/wp-content\/uploads\/2025\/12\/DSA601602D3DL-scaled.jpg","datePublished":"2026-03-27T06:45:48+00:00","dateModified":"2026-03-27T06:45:49+00:00","breadcrumb":{"@id":"https:\/\/adexa.ee\/toode\/kaubanduslik-roostevabast-terasest-valamu-kapp-1000x600x900mm-1-kauss-vasakul-3-sahtlit-pritsmekaitsega-adexa-dsa601002d3dl\/#breadcrumb"},"inLanguage":"en-US","potentialAction":[{"@type":"ReadAction","target":["https:\/\/adexa.ee\/toode\/kaubanduslik-roostevabast-terasest-valamu-kapp-1000x600x900mm-1-kauss-vasakul-3-sahtlit-pritsmekaitsega-adexa-dsa601002d3dl\/"]}]},{"@type":"ImageObject","inLanguage":"en-US","@id":"https:\/\/adexa.ee\/toode\/kaubanduslik-roostevabast-terasest-valamu-kapp-1000x600x900mm-1-kauss-vasakul-3-sahtlit-pritsmekaitsega-adexa-dsa601002d3dl\/#primaryimage","url":"https:\/\/adexa.ee\/wp-content\/uploads\/2025\/12\/DSA601602D3DL-scaled.jpg","contentUrl":"https:\/\/adexa.ee\/wp-content\/uploads\/2025\/12\/DSA601602D3DL-scaled.jpg","width":2560,"height":2560},{"@type":"BreadcrumbList","@id":"https:\/\/adexa.ee\/toode\/kaubanduslik-roostevabast-terasest-valamu-kapp-1000x600x900mm-1-kauss-vasakul-3-sahtlit-pritsmekaitsega-adexa-dsa601002d3dl\/#breadcrumb","itemListElement":[{"@type":"ListItem","position":1,"name":"Home","item":"https:\/\/adexa.ee\/"},{"@type":"ListItem","position":2,"name":"Tooted","item":"https:\/\/adexa.ee\/pood\/"},{"@type":"ListItem","position":3,"name":"Kaubanduslik Roostevabast Terasest Valamu Kapp 1000x600x900mm 1 kauss vasakul 3 sahtlit Pritsmekaitsega | Adexa DSA601002D3DL"}]},{"@type":"WebSite","@id":"https:\/\/adexa.ee\/#website","url":"https:\/\/adexa.ee\/","name":"Adexa","description":"","publisher":{"@id":"https:\/\/adexa.ee\/#organization"},"potentialAction":[{"@type":"SearchAction","target":{"@type":"EntryPoint","urlTemplate":"https:\/\/adexa.ee\/?s={search_term_string}"},"query-input":{"@type":"PropertyValueSpecification","valueRequired":true,"valueName":"search_term_string"}}],"inLanguage":"en-US"},{"@type":"Organization","@id":"https:\/\/adexa.ee\/#organization","name":"Adexa","url":"https:\/\/adexa.ee\/","logo":{"@type":"ImageObject","inLanguage":"en-US","@id":"https:\/\/adexa.ee\/#\/schema\/logo\/image\/","url":"https:\/\/adexa.ee\/wp-content\/uploads\/2024\/04\/chef-cooks-working-in-professional-kitchen-2023-11-27-05-07-39-utc-scaled.jpg","contentUrl":"https:\/\/adexa.ee\/wp-content\/uploads\/2024\/04\/chef-cooks-working-in-professional-kitchen-2023-11-27-05-07-39-utc-scaled.jpg","width":2560,"height":1708,"caption":"Adexa"},"image":{"@id":"https:\/\/adexa.ee\/#\/schema\/logo\/image\/"}}]}},"_links":{"self":[{"href":"https:\/\/adexa.ee\/en\/wp-json\/wp\/v2\/product\/46161","targetHints":{"allow":["GET"]}}],"collection":[{"href":"https:\/\/adexa.ee\/en\/wp-json\/wp\/v2\/product"}],"about":[{"href":"https:\/\/adexa.ee\/en\/wp-json\/wp\/v2\/types\/product"}],"wp:featuredmedia":[{"embeddable":true,"href":"https:\/\/adexa.ee\/en\/wp-json\/wp\/v2\/media\/44661"}],"wp:attachment":[{"href":"https:\/\/adexa.ee\/en\/wp-json\/wp\/v2\/media?parent=46161"}],"wp:term":[{"taxonomy":"product_brand","embeddable":true,"href":"https:\/\/adexa.ee\/en\/wp-json\/wp\/v2\/product_brand?post=46161"},{"taxonomy":"product_cat","embeddable":true,"href":"https:\/\/adexa.ee\/en\/wp-json\/wp\/v2\/product_cat?post=46161"},{"taxonomy":"product_tag","embeddable":true,"href":"https:\/\/adexa.ee\/en\/wp-json\/wp\/v2\/product_tag?post=46161"}],"curies":[{"name":"wp","href":"https:\/\/api.w.org\/{rel}","templated":true}]}}