{"id":46221,"date":"2026-03-26T12:15:50","date_gmt":"2026-03-26T10:15:50","guid":{"rendered":"https:\/\/adexa.ee\/toode\/kaubanduslik-toopinna-porandakapp-liugustega-roostevaba-teras-1600x700x850mm-adexa-vtc167sls\/"},"modified":"2026-03-26T12:15:56","modified_gmt":"2026-03-26T10:15:56","slug":"kaubanduslik-toopinna-porandakapp-liugustega-roostevaba-teras-1600x700x850mm-adexa-vtc167sls","status":"publish","type":"product","link":"https:\/\/adexa.ee\/en\/toode\/kaubanduslik-toopinna-porandakapp-liugustega-roostevaba-teras-1600x700x850mm-adexa-vtc167sls\/","title":{"rendered":"Kaubanduslik t\u00f6\u00f6pinna p\u00f5randakapp liugustega roostevaba teras 1600x700x850mm | Adexa VTC167SLS"},"content":{"rendered":"<p>Kvaliteetne professionaalne roostevabast terasest kapp liugustega ees ja taga, mis tagab lihtsa ligip\u00e4\u00e4su. Ideaalne koolis\u00f6\u00f6klatele, restoranidele, hooldekodudele ja isegi kiirtoidukohtadele. Vastupidav ja praktiline disain, sobilik igat t\u00fc\u00fcpi toitlustusrakendustele. Valmistatud k\u00f5rgekvaliteedilisest roostevabast terasest. Varustatud jalgadega ja komplektis 2 kergesti puhastatavat riiulit.<\/p>\n<table style=\"border-collapse: collapse; width: 100%; text-align: left;\">\n<tbody>\n<tr>\n<td style=\"border: 1px solid #ddd; padding: 8px; width: 45%;\"><strong>S\u00fcgavus<\/strong><\/td>\n<td style=\"border: 1px solid #ddd; padding: 8px;\">700mm<\/td>\n<\/tr>\n<tr>\n<td style=\"border: 1px solid #ddd; padding: 8px; width: 45%;\"><strong>K\u00f5rgus<\/strong><\/td>\n<td style=\"border: 1px solid #ddd; padding: 8px;\">Reguleeritav 830-870 mm (+100 mm t\u00f5us)<\/td>\n<\/tr>\n<tr>\n<td style=\"border: 1px solid #ddd; padding: 8px; width: 45%;\"><strong>Laius<\/strong><\/td>\n<td style=\"border: 1px solid #ddd; padding: 8px;\">1600 mm<\/td>\n<\/tr>\n<tr>\n<td style=\"border: 1px solid #ddd; padding: 8px; width: 45%;\"><strong>Kaal<\/strong><\/td>\n<td style=\"border: 1px solid #ddd; padding: 8px;\">64 kg<\/td>\n<\/tr>\n<tr>\n<td style=\"border: 1px solid #ddd; padding: 8px; width: 45%;\"><strong>Garantii<\/strong><\/td>\n<td style=\"border: 1px solid #ddd; padding: 8px;\">12 kuu varuosade garantii<\/td>\n<\/tr>\n<tr>\n<td style=\"border: 1px solid #ddd; padding: 8px; width: 45%;\"><strong>Kokku panemine<\/strong><\/td>\n<td style=\"border: 1px solid #ddd; padding: 8px;\">Kokku pandud<\/td>\n<\/tr>\n<tr>\n<td style=\"border: 1px solid #ddd; padding: 8px; width: 45%;\"><strong>Materjal<\/strong><\/td>\n<td style=\"border: 1px solid #ddd; padding: 8px;\">Roostevaba teras<\/td>\n<\/tr>\n<\/tbody>\n<\/table>\n","protected":false},"excerpt":{"rendered":"<p>Kvaliteetne professionaalne roostevabast terasest kapp liugustega ees ja taga, mis tagab lihtsa ligip\u00e4\u00e4su. Ideaalne koolis\u00f6\u00f6klatele, restoranidele, hooldekodudele ja isegi kiirtoidukohtadele.<\/p>\n","protected":false},"featured_media":10982,"template":"","meta":[],"product_brand":[],"product_cat":[889],"product_tag":[],"class_list":{"0":"post-46221","1":"product","2":"type-product","3":"status-publish","4":"has-post-thumbnail","6":"product_cat-kasutatud-ja-taastatud-seadmed","8":"first","9":"instock","10":"sale","11":"taxable","12":"shipping-taxable","13":"purchasable","14":"product-type-simple"},"yoast_head":"<!-- This site is optimized with the Yoast SEO plugin v27.3 - https:\/\/yoast.com\/product\/yoast-seo-wordpress\/ -->\n<title>Kaubanduslik t\u00f6\u00f6pinna p\u00f5randakapp liugustega roostevaba teras 1600x700x850mm | Adexa VTC167SLS - Adexa \u2013 Suurk\u00f6\u00f6giseadmed restoranidele ja toitlustusele<\/title>\n<meta name=\"robots\" content=\"index, follow, max-snippet:-1, max-image-preview:large, max-video-preview:-1\" \/>\n<link rel=\"canonical\" href=\"https:\/\/adexa.ee\/toode\/kaubanduslik-toopinna-porandakapp-liugustega-roostevaba-teras-1600x700x850mm-adexa-vtc167sls\/\" \/>\n<meta property=\"og:locale\" content=\"en_US\" \/>\n<meta property=\"og:type\" content=\"article\" \/>\n<meta property=\"og:title\" content=\"Kaubanduslik t\u00f6\u00f6pinna p\u00f5randakapp liugustega roostevaba teras 1600x700x850mm | Adexa VTC167SLS - Adexa \u2013 Suurk\u00f6\u00f6giseadmed restoranidele ja toitlustusele\" \/>\n<meta property=\"og:description\" content=\"Kvaliteetne professionaalne roostevabast terasest kapp liugustega ees ja taga, mis tagab lihtsa ligip\u00e4\u00e4su. Ideaalne koolis\u00f6\u00f6klatele, restoranidele, hooldekodudele ja isegi kiirtoidukohtadele.\" \/>\n<meta property=\"og:url\" content=\"https:\/\/adexa.ee\/toode\/kaubanduslik-toopinna-porandakapp-liugustega-roostevaba-teras-1600x700x850mm-adexa-vtc167sls\/\" \/>\n<meta property=\"og:site_name\" content=\"Adexa \u2013 Suurk\u00f6\u00f6giseadmed restoranidele ja toitlustusele\" \/>\n<meta property=\"article:modified_time\" content=\"2026-03-26T10:15:56+00:00\" \/>\n<meta property=\"og:image\" content=\"https:\/\/adexa.ee\/wp-content\/uploads\/2024\/12\/THADR.jpg\" \/>\n\t<meta property=\"og:image:width\" content=\"1100\" \/>\n\t<meta property=\"og:image:height\" content=\"1100\" \/>\n\t<meta property=\"og:image:type\" content=\"image\/jpeg\" \/>\n<meta name=\"twitter:card\" content=\"summary_large_image\" \/>\n<script type=\"application\/ld+json\" class=\"yoast-schema-graph\">{\"@context\":\"https:\\\/\\\/schema.org\",\"@graph\":[{\"@type\":\"WebPage\",\"@id\":\"https:\\\/\\\/adexa.ee\\\/toode\\\/kaubanduslik-toopinna-porandakapp-liugustega-roostevaba-teras-1600x700x850mm-adexa-vtc167sls\\\/\",\"url\":\"https:\\\/\\\/adexa.ee\\\/toode\\\/kaubanduslik-toopinna-porandakapp-liugustega-roostevaba-teras-1600x700x850mm-adexa-vtc167sls\\\/\",\"name\":\"Kaubanduslik t\u00f6\u00f6pinna p\u00f5randakapp liugustega roostevaba teras 1600x700x850mm | Adexa VTC167SLS - Adexa \u2013 Suurk\u00f6\u00f6giseadmed restoranidele ja toitlustusele\",\"isPartOf\":{\"@id\":\"https:\\\/\\\/adexa.ee\\\/#website\"},\"primaryImageOfPage\":{\"@id\":\"https:\\\/\\\/adexa.ee\\\/toode\\\/kaubanduslik-toopinna-porandakapp-liugustega-roostevaba-teras-1600x700x850mm-adexa-vtc167sls\\\/#primaryimage\"},\"image\":{\"@id\":\"https:\\\/\\\/adexa.ee\\\/toode\\\/kaubanduslik-toopinna-porandakapp-liugustega-roostevaba-teras-1600x700x850mm-adexa-vtc167sls\\\/#primaryimage\"},\"thumbnailUrl\":\"https:\\\/\\\/adexa.ee\\\/wp-content\\\/uploads\\\/2024\\\/12\\\/THADR.jpg\",\"datePublished\":\"2026-03-26T10:15:50+00:00\",\"dateModified\":\"2026-03-26T10:15:56+00:00\",\"breadcrumb\":{\"@id\":\"https:\\\/\\\/adexa.ee\\\/toode\\\/kaubanduslik-toopinna-porandakapp-liugustega-roostevaba-teras-1600x700x850mm-adexa-vtc167sls\\\/#breadcrumb\"},\"inLanguage\":\"en-US\",\"potentialAction\":[{\"@type\":\"ReadAction\",\"target\":[\"https:\\\/\\\/adexa.ee\\\/toode\\\/kaubanduslik-toopinna-porandakapp-liugustega-roostevaba-teras-1600x700x850mm-adexa-vtc167sls\\\/\"]}]},{\"@type\":\"ImageObject\",\"inLanguage\":\"en-US\",\"@id\":\"https:\\\/\\\/adexa.ee\\\/toode\\\/kaubanduslik-toopinna-porandakapp-liugustega-roostevaba-teras-1600x700x850mm-adexa-vtc167sls\\\/#primaryimage\",\"url\":\"https:\\\/\\\/adexa.ee\\\/wp-content\\\/uploads\\\/2024\\\/12\\\/THADR.jpg\",\"contentUrl\":\"https:\\\/\\\/adexa.ee\\\/wp-content\\\/uploads\\\/2024\\\/12\\\/THADR.jpg\",\"width\":1100,\"height\":1100},{\"@type\":\"BreadcrumbList\",\"@id\":\"https:\\\/\\\/adexa.ee\\\/toode\\\/kaubanduslik-toopinna-porandakapp-liugustega-roostevaba-teras-1600x700x850mm-adexa-vtc167sls\\\/#breadcrumb\",\"itemListElement\":[{\"@type\":\"ListItem\",\"position\":1,\"name\":\"Home\",\"item\":\"https:\\\/\\\/adexa.ee\\\/\"},{\"@type\":\"ListItem\",\"position\":2,\"name\":\"Tooted\",\"item\":\"https:\\\/\\\/adexa.ee\\\/pood\\\/\"},{\"@type\":\"ListItem\",\"position\":3,\"name\":\"Kaubanduslik t\u00f6\u00f6pinna p\u00f5randakapp liugustega roostevaba teras 1600x700x850mm | Adexa VTC167SLS\"}]},{\"@type\":\"WebSite\",\"@id\":\"https:\\\/\\\/adexa.ee\\\/#website\",\"url\":\"https:\\\/\\\/adexa.ee\\\/\",\"name\":\"Adexa\",\"description\":\"\",\"publisher\":{\"@id\":\"https:\\\/\\\/adexa.ee\\\/#organization\"},\"potentialAction\":[{\"@type\":\"SearchAction\",\"target\":{\"@type\":\"EntryPoint\",\"urlTemplate\":\"https:\\\/\\\/adexa.ee\\\/?s={search_term_string}\"},\"query-input\":{\"@type\":\"PropertyValueSpecification\",\"valueRequired\":true,\"valueName\":\"search_term_string\"}}],\"inLanguage\":\"en-US\"},{\"@type\":\"Organization\",\"@id\":\"https:\\\/\\\/adexa.ee\\\/#organization\",\"name\":\"Adexa\",\"url\":\"https:\\\/\\\/adexa.ee\\\/\",\"logo\":{\"@type\":\"ImageObject\",\"inLanguage\":\"en-US\",\"@id\":\"https:\\\/\\\/adexa.ee\\\/#\\\/schema\\\/logo\\\/image\\\/\",\"url\":\"https:\\\/\\\/adexa.ee\\\/wp-content\\\/uploads\\\/2024\\\/04\\\/chef-cooks-working-in-professional-kitchen-2023-11-27-05-07-39-utc-scaled.jpg\",\"contentUrl\":\"https:\\\/\\\/adexa.ee\\\/wp-content\\\/uploads\\\/2024\\\/04\\\/chef-cooks-working-in-professional-kitchen-2023-11-27-05-07-39-utc-scaled.jpg\",\"width\":2560,\"height\":1708,\"caption\":\"Adexa\"},\"image\":{\"@id\":\"https:\\\/\\\/adexa.ee\\\/#\\\/schema\\\/logo\\\/image\\\/\"}}]}<\/script>\n<!-- \/ Yoast SEO plugin. -->","yoast_head_json":{"title":"Kaubanduslik t\u00f6\u00f6pinna p\u00f5randakapp liugustega roostevaba teras 1600x700x850mm | Adexa VTC167SLS - Adexa \u2013 Suurk\u00f6\u00f6giseadmed restoranidele ja toitlustusele","robots":{"index":"index","follow":"follow","max-snippet":"max-snippet:-1","max-image-preview":"max-image-preview:large","max-video-preview":"max-video-preview:-1"},"canonical":"https:\/\/adexa.ee\/toode\/kaubanduslik-toopinna-porandakapp-liugustega-roostevaba-teras-1600x700x850mm-adexa-vtc167sls\/","og_locale":"en_US","og_type":"article","og_title":"Kaubanduslik t\u00f6\u00f6pinna p\u00f5randakapp liugustega roostevaba teras 1600x700x850mm | Adexa VTC167SLS - Adexa \u2013 Suurk\u00f6\u00f6giseadmed restoranidele ja toitlustusele","og_description":"Kvaliteetne professionaalne roostevabast terasest kapp liugustega ees ja taga, mis tagab lihtsa ligip\u00e4\u00e4su. Ideaalne koolis\u00f6\u00f6klatele, restoranidele, hooldekodudele ja isegi kiirtoidukohtadele.","og_url":"https:\/\/adexa.ee\/toode\/kaubanduslik-toopinna-porandakapp-liugustega-roostevaba-teras-1600x700x850mm-adexa-vtc167sls\/","og_site_name":"Adexa \u2013 Suurk\u00f6\u00f6giseadmed restoranidele ja toitlustusele","article_modified_time":"2026-03-26T10:15:56+00:00","og_image":[{"width":1100,"height":1100,"url":"https:\/\/adexa.ee\/wp-content\/uploads\/2024\/12\/THADR.jpg","type":"image\/jpeg"}],"twitter_card":"summary_large_image","schema":{"@context":"https:\/\/schema.org","@graph":[{"@type":"WebPage","@id":"https:\/\/adexa.ee\/toode\/kaubanduslik-toopinna-porandakapp-liugustega-roostevaba-teras-1600x700x850mm-adexa-vtc167sls\/","url":"https:\/\/adexa.ee\/toode\/kaubanduslik-toopinna-porandakapp-liugustega-roostevaba-teras-1600x700x850mm-adexa-vtc167sls\/","name":"Kaubanduslik t\u00f6\u00f6pinna p\u00f5randakapp liugustega roostevaba teras 1600x700x850mm | Adexa VTC167SLS - Adexa \u2013 Suurk\u00f6\u00f6giseadmed restoranidele ja toitlustusele","isPartOf":{"@id":"https:\/\/adexa.ee\/#website"},"primaryImageOfPage":{"@id":"https:\/\/adexa.ee\/toode\/kaubanduslik-toopinna-porandakapp-liugustega-roostevaba-teras-1600x700x850mm-adexa-vtc167sls\/#primaryimage"},"image":{"@id":"https:\/\/adexa.ee\/toode\/kaubanduslik-toopinna-porandakapp-liugustega-roostevaba-teras-1600x700x850mm-adexa-vtc167sls\/#primaryimage"},"thumbnailUrl":"https:\/\/adexa.ee\/wp-content\/uploads\/2024\/12\/THADR.jpg","datePublished":"2026-03-26T10:15:50+00:00","dateModified":"2026-03-26T10:15:56+00:00","breadcrumb":{"@id":"https:\/\/adexa.ee\/toode\/kaubanduslik-toopinna-porandakapp-liugustega-roostevaba-teras-1600x700x850mm-adexa-vtc167sls\/#breadcrumb"},"inLanguage":"en-US","potentialAction":[{"@type":"ReadAction","target":["https:\/\/adexa.ee\/toode\/kaubanduslik-toopinna-porandakapp-liugustega-roostevaba-teras-1600x700x850mm-adexa-vtc167sls\/"]}]},{"@type":"ImageObject","inLanguage":"en-US","@id":"https:\/\/adexa.ee\/toode\/kaubanduslik-toopinna-porandakapp-liugustega-roostevaba-teras-1600x700x850mm-adexa-vtc167sls\/#primaryimage","url":"https:\/\/adexa.ee\/wp-content\/uploads\/2024\/12\/THADR.jpg","contentUrl":"https:\/\/adexa.ee\/wp-content\/uploads\/2024\/12\/THADR.jpg","width":1100,"height":1100},{"@type":"BreadcrumbList","@id":"https:\/\/adexa.ee\/toode\/kaubanduslik-toopinna-porandakapp-liugustega-roostevaba-teras-1600x700x850mm-adexa-vtc167sls\/#breadcrumb","itemListElement":[{"@type":"ListItem","position":1,"name":"Home","item":"https:\/\/adexa.ee\/"},{"@type":"ListItem","position":2,"name":"Tooted","item":"https:\/\/adexa.ee\/pood\/"},{"@type":"ListItem","position":3,"name":"Kaubanduslik t\u00f6\u00f6pinna p\u00f5randakapp liugustega roostevaba teras 1600x700x850mm | Adexa VTC167SLS"}]},{"@type":"WebSite","@id":"https:\/\/adexa.ee\/#website","url":"https:\/\/adexa.ee\/","name":"Adexa","description":"","publisher":{"@id":"https:\/\/adexa.ee\/#organization"},"potentialAction":[{"@type":"SearchAction","target":{"@type":"EntryPoint","urlTemplate":"https:\/\/adexa.ee\/?s={search_term_string}"},"query-input":{"@type":"PropertyValueSpecification","valueRequired":true,"valueName":"search_term_string"}}],"inLanguage":"en-US"},{"@type":"Organization","@id":"https:\/\/adexa.ee\/#organization","name":"Adexa","url":"https:\/\/adexa.ee\/","logo":{"@type":"ImageObject","inLanguage":"en-US","@id":"https:\/\/adexa.ee\/#\/schema\/logo\/image\/","url":"https:\/\/adexa.ee\/wp-content\/uploads\/2024\/04\/chef-cooks-working-in-professional-kitchen-2023-11-27-05-07-39-utc-scaled.jpg","contentUrl":"https:\/\/adexa.ee\/wp-content\/uploads\/2024\/04\/chef-cooks-working-in-professional-kitchen-2023-11-27-05-07-39-utc-scaled.jpg","width":2560,"height":1708,"caption":"Adexa"},"image":{"@id":"https:\/\/adexa.ee\/#\/schema\/logo\/image\/"}}]}},"_links":{"self":[{"href":"https:\/\/adexa.ee\/en\/wp-json\/wp\/v2\/product\/46221","targetHints":{"allow":["GET"]}}],"collection":[{"href":"https:\/\/adexa.ee\/en\/wp-json\/wp\/v2\/product"}],"about":[{"href":"https:\/\/adexa.ee\/en\/wp-json\/wp\/v2\/types\/product"}],"wp:featuredmedia":[{"embeddable":true,"href":"https:\/\/adexa.ee\/en\/wp-json\/wp\/v2\/media\/10982"}],"wp:attachment":[{"href":"https:\/\/adexa.ee\/en\/wp-json\/wp\/v2\/media?parent=46221"}],"wp:term":[{"taxonomy":"product_brand","embeddable":true,"href":"https:\/\/adexa.ee\/en\/wp-json\/wp\/v2\/product_brand?post=46221"},{"taxonomy":"product_cat","embeddable":true,"href":"https:\/\/adexa.ee\/en\/wp-json\/wp\/v2\/product_cat?post=46221"},{"taxonomy":"product_tag","embeddable":true,"href":"https:\/\/adexa.ee\/en\/wp-json\/wp\/v2\/product_tag?post=46221"}],"curies":[{"name":"wp","href":"https:\/\/api.w.org\/{rel}","templated":true}]}}