{"id":46222,"date":"2026-03-11T12:29:10","date_gmt":"2026-03-11T10:29:10","guid":{"rendered":"https:\/\/adexa.ee\/?post_type=product&#038;p=46222"},"modified":"2026-03-11T12:30:55","modified_gmt":"2026-03-11T10:30:55","slug":"professionaalne-prugikast-roostevaba-kaanega-ratastega-pedaaliga-95-liitrit-adexa-sdcp95-leiunurk","status":"publish","type":"product","link":"https:\/\/adexa.ee\/en\/toode\/professionaalne-prugikast-roostevaba-kaanega-ratastega-pedaaliga-95-liitrit-adexa-sdcp95-leiunurk\/","title":{"rendered":"Professionaalne pr\u00fcgikast roostevaba kaanega &#038; ratastega &#038; pedaaliga 95 liitrit | Adexa SDCP95 &#8211; LEIUNURK"},"content":{"rendered":"<p>Kaubanduslik pr\u00fcgikonteiner on valmistatud t\u00e4ielikult k\u00f5rgekvaliteedilisest roostevabast terasest. Ideaalne mitmesugustele toitlustusasutustele. See professionaalne pr\u00fcgikast on 450 mm l\u00e4bim\u00f5\u00f5duga ja 600 mm k\u00f5rgune ning varustatud nii rataste kui kaanega. T\u00e4psema teabe leiate rubriigist &#8216;Spetsifikatsioon&#8217;.<\/p>\n<table style=\"border-collapse: collapse; width: 100%; text-align: left;\">\n<tbody>\n<tr>\n<td style=\"border: 1px solid #ddd; padding: 8px; width: 45%;\">K\u00f5rgus<\/td>\n<td style=\"border: 1px solid #ddd; padding: 8px;\">600mm<\/td>\n<\/tr>\n<tr>\n<td style=\"border: 1px solid #ddd; padding: 8px; width: 45%;\">Kaal<\/td>\n<td style=\"border: 1px solid #ddd; padding: 8px;\">9 kg<\/td>\n<\/tr>\n<tr>\n<td style=\"border: 1px solid #ddd; padding: 8px; width: 45%;\">Garantii<\/td>\n<td style=\"border: 1px solid #ddd; padding: 8px;\">12 kuu varuosade garantii<\/td>\n<\/tr>\n<tr>\n<td style=\"border: 1px solid #ddd; padding: 8px; width: 45%;\">Mahutavus<\/td>\n<td style=\"border: 1px solid #ddd; padding: 8px;\">95 liitrit<\/td>\n<\/tr>\n<tr>\n<td style=\"border: 1px solid #ddd; padding: 8px; width: 45%;\">Rullikud<\/td>\n<td style=\"border: 1px solid #ddd; padding: 8px;\">3<\/td>\n<\/tr>\n<tr>\n<td style=\"border: 1px solid #ddd; padding: 8px; width: 45%;\">Materjal<\/td>\n<td style=\"border: 1px solid #ddd; padding: 8px;\">Roostevaba teras<\/td>\n<\/tr>\n<tr>\n<td style=\"border: 1px solid #ddd; padding: 8px; width: 45%;\">Pedaal<\/td>\n<td style=\"border: 1px solid #ddd; padding: 8px;\">Jah<\/td>\n<\/tr>\n<tr>\n<td style=\"border: 1px solid #ddd; padding: 8px; width: 45%;\">L\u00e4bim\u00f5\u00f5t<\/td>\n<td style=\"border: 1px solid #ddd; padding: 8px;\">450 mm<\/td>\n<\/tr>\n<\/tbody>\n<\/table>\n","protected":false},"excerpt":{"rendered":"<p>Kaubanduslik pr\u00fcgikonteiner on valmistatud t\u00e4ielikult k\u00f5rgekvaliteedilisest roostevabast terasest. Ideaalne mitmesugustele toitlustusasutustele. See professionaalne pr\u00fcgikast on 450 mm l\u00e4bim\u00f5\u00f5duga ja 600<\/p>\n","protected":false},"featured_media":32197,"template":"","meta":[],"product_brand":[],"product_cat":[718,984,764,846,572],"product_tag":[],"class_list":{"0":"post-46222","1":"product","2":"type-product","3":"status-publish","4":"has-post-thumbnail","6":"product_cat-puhastus-ja-hugieen","7":"product_cat-leiunurk","8":"product_cat-prugikastid","9":"product_cat-prugikastid-puhastus-ja-hugieen","10":"product_cat-roostevabad-tooted","12":"first","13":"instock","14":"sale","15":"sold-individually","16":"taxable","17":"shipping-taxable","18":"purchasable","19":"product-type-simple"},"yoast_head":"<!-- This site is optimized with the Yoast SEO plugin v27.3 - https:\/\/yoast.com\/product\/yoast-seo-wordpress\/ -->\n<title>Professionaalne pr\u00fcgikast roostevaba kaanega &amp; ratastega &amp; pedaaliga 95 liitrit | Adexa SDCP95 - LEIUNURK - Adexa \u2013 Suurk\u00f6\u00f6giseadmed restoranidele ja toitlustusele<\/title>\n<meta name=\"robots\" content=\"index, follow, max-snippet:-1, max-image-preview:large, max-video-preview:-1\" \/>\n<link rel=\"canonical\" href=\"https:\/\/adexa.ee\/toode\/professionaalne-prugikast-roostevaba-kaanega-ratastega-pedaaliga-95-liitrit-adexa-sdcp95-leiunurk\/\" \/>\n<meta property=\"og:locale\" content=\"en_US\" \/>\n<meta property=\"og:type\" content=\"article\" \/>\n<meta property=\"og:title\" content=\"Professionaalne pr\u00fcgikast roostevaba kaanega &amp; ratastega &amp; pedaaliga 95 liitrit | Adexa SDCP95 - LEIUNURK - Adexa \u2013 Suurk\u00f6\u00f6giseadmed restoranidele ja toitlustusele\" \/>\n<meta property=\"og:description\" content=\"Kaubanduslik pr\u00fcgikonteiner on valmistatud t\u00e4ielikult k\u00f5rgekvaliteedilisest roostevabast terasest. Ideaalne mitmesugustele toitlustusasutustele. See professionaalne pr\u00fcgikast on 450 mm l\u00e4bim\u00f5\u00f5duga ja 600\" \/>\n<meta property=\"og:url\" content=\"https:\/\/adexa.ee\/toode\/professionaalne-prugikast-roostevaba-kaanega-ratastega-pedaaliga-95-liitrit-adexa-sdcp95-leiunurk\/\" \/>\n<meta property=\"og:site_name\" content=\"Adexa \u2013 Suurk\u00f6\u00f6giseadmed restoranidele ja toitlustusele\" \/>\n<meta property=\"article:modified_time\" content=\"2026-03-11T10:30:55+00:00\" \/>\n<meta property=\"og:image\" content=\"https:\/\/adexa.ee\/wp-content\/uploads\/2025\/03\/SDCP95.jpg\" \/>\n\t<meta property=\"og:image:width\" content=\"2000\" \/>\n\t<meta property=\"og:image:height\" content=\"2000\" \/>\n\t<meta property=\"og:image:type\" content=\"image\/jpeg\" \/>\n<meta name=\"twitter:card\" content=\"summary_large_image\" \/>\n<meta name=\"twitter:label1\" content=\"Est. reading time\" \/>\n\t<meta name=\"twitter:data1\" content=\"1 minute\" \/>\n<script type=\"application\/ld+json\" class=\"yoast-schema-graph\">{\"@context\":\"https:\\\/\\\/schema.org\",\"@graph\":[{\"@type\":\"WebPage\",\"@id\":\"https:\\\/\\\/adexa.ee\\\/toode\\\/professionaalne-prugikast-roostevaba-kaanega-ratastega-pedaaliga-95-liitrit-adexa-sdcp95-leiunurk\\\/\",\"url\":\"https:\\\/\\\/adexa.ee\\\/toode\\\/professionaalne-prugikast-roostevaba-kaanega-ratastega-pedaaliga-95-liitrit-adexa-sdcp95-leiunurk\\\/\",\"name\":\"Professionaalne pr\u00fcgikast roostevaba kaanega & ratastega & pedaaliga 95 liitrit | Adexa SDCP95 - LEIUNURK - Adexa \u2013 Suurk\u00f6\u00f6giseadmed restoranidele ja toitlustusele\",\"isPartOf\":{\"@id\":\"https:\\\/\\\/adexa.ee\\\/#website\"},\"primaryImageOfPage\":{\"@id\":\"https:\\\/\\\/adexa.ee\\\/toode\\\/professionaalne-prugikast-roostevaba-kaanega-ratastega-pedaaliga-95-liitrit-adexa-sdcp95-leiunurk\\\/#primaryimage\"},\"image\":{\"@id\":\"https:\\\/\\\/adexa.ee\\\/toode\\\/professionaalne-prugikast-roostevaba-kaanega-ratastega-pedaaliga-95-liitrit-adexa-sdcp95-leiunurk\\\/#primaryimage\"},\"thumbnailUrl\":\"https:\\\/\\\/adexa.ee\\\/wp-content\\\/uploads\\\/2025\\\/03\\\/SDCP95.jpg\",\"datePublished\":\"2026-03-11T10:29:10+00:00\",\"dateModified\":\"2026-03-11T10:30:55+00:00\",\"breadcrumb\":{\"@id\":\"https:\\\/\\\/adexa.ee\\\/toode\\\/professionaalne-prugikast-roostevaba-kaanega-ratastega-pedaaliga-95-liitrit-adexa-sdcp95-leiunurk\\\/#breadcrumb\"},\"inLanguage\":\"en-US\",\"potentialAction\":[{\"@type\":\"ReadAction\",\"target\":[\"https:\\\/\\\/adexa.ee\\\/toode\\\/professionaalne-prugikast-roostevaba-kaanega-ratastega-pedaaliga-95-liitrit-adexa-sdcp95-leiunurk\\\/\"]}]},{\"@type\":\"ImageObject\",\"inLanguage\":\"en-US\",\"@id\":\"https:\\\/\\\/adexa.ee\\\/toode\\\/professionaalne-prugikast-roostevaba-kaanega-ratastega-pedaaliga-95-liitrit-adexa-sdcp95-leiunurk\\\/#primaryimage\",\"url\":\"https:\\\/\\\/adexa.ee\\\/wp-content\\\/uploads\\\/2025\\\/03\\\/SDCP95.jpg\",\"contentUrl\":\"https:\\\/\\\/adexa.ee\\\/wp-content\\\/uploads\\\/2025\\\/03\\\/SDCP95.jpg\",\"width\":2000,\"height\":2000},{\"@type\":\"BreadcrumbList\",\"@id\":\"https:\\\/\\\/adexa.ee\\\/toode\\\/professionaalne-prugikast-roostevaba-kaanega-ratastega-pedaaliga-95-liitrit-adexa-sdcp95-leiunurk\\\/#breadcrumb\",\"itemListElement\":[{\"@type\":\"ListItem\",\"position\":1,\"name\":\"Home\",\"item\":\"https:\\\/\\\/adexa.ee\\\/\"},{\"@type\":\"ListItem\",\"position\":2,\"name\":\"Tooted\",\"item\":\"https:\\\/\\\/adexa.ee\\\/pood\\\/\"},{\"@type\":\"ListItem\",\"position\":3,\"name\":\"Professionaalne pr\u00fcgikast roostevaba kaanega &#038; ratastega &#038; pedaaliga 95 liitrit | Adexa SDCP95 &#8211; LEIUNURK\"}]},{\"@type\":\"WebSite\",\"@id\":\"https:\\\/\\\/adexa.ee\\\/#website\",\"url\":\"https:\\\/\\\/adexa.ee\\\/\",\"name\":\"Adexa\",\"description\":\"\",\"publisher\":{\"@id\":\"https:\\\/\\\/adexa.ee\\\/#organization\"},\"potentialAction\":[{\"@type\":\"SearchAction\",\"target\":{\"@type\":\"EntryPoint\",\"urlTemplate\":\"https:\\\/\\\/adexa.ee\\\/?s={search_term_string}\"},\"query-input\":{\"@type\":\"PropertyValueSpecification\",\"valueRequired\":true,\"valueName\":\"search_term_string\"}}],\"inLanguage\":\"en-US\"},{\"@type\":\"Organization\",\"@id\":\"https:\\\/\\\/adexa.ee\\\/#organization\",\"name\":\"Adexa\",\"url\":\"https:\\\/\\\/adexa.ee\\\/\",\"logo\":{\"@type\":\"ImageObject\",\"inLanguage\":\"en-US\",\"@id\":\"https:\\\/\\\/adexa.ee\\\/#\\\/schema\\\/logo\\\/image\\\/\",\"url\":\"https:\\\/\\\/adexa.ee\\\/wp-content\\\/uploads\\\/2024\\\/04\\\/chef-cooks-working-in-professional-kitchen-2023-11-27-05-07-39-utc-scaled.jpg\",\"contentUrl\":\"https:\\\/\\\/adexa.ee\\\/wp-content\\\/uploads\\\/2024\\\/04\\\/chef-cooks-working-in-professional-kitchen-2023-11-27-05-07-39-utc-scaled.jpg\",\"width\":2560,\"height\":1708,\"caption\":\"Adexa\"},\"image\":{\"@id\":\"https:\\\/\\\/adexa.ee\\\/#\\\/schema\\\/logo\\\/image\\\/\"}}]}<\/script>\n<!-- \/ Yoast SEO plugin. -->","yoast_head_json":{"title":"Professionaalne pr\u00fcgikast roostevaba kaanega & ratastega & pedaaliga 95 liitrit | Adexa SDCP95 - LEIUNURK - Adexa \u2013 Suurk\u00f6\u00f6giseadmed restoranidele ja toitlustusele","robots":{"index":"index","follow":"follow","max-snippet":"max-snippet:-1","max-image-preview":"max-image-preview:large","max-video-preview":"max-video-preview:-1"},"canonical":"https:\/\/adexa.ee\/toode\/professionaalne-prugikast-roostevaba-kaanega-ratastega-pedaaliga-95-liitrit-adexa-sdcp95-leiunurk\/","og_locale":"en_US","og_type":"article","og_title":"Professionaalne pr\u00fcgikast roostevaba kaanega & ratastega & pedaaliga 95 liitrit | Adexa SDCP95 - LEIUNURK - Adexa \u2013 Suurk\u00f6\u00f6giseadmed restoranidele ja toitlustusele","og_description":"Kaubanduslik pr\u00fcgikonteiner on valmistatud t\u00e4ielikult k\u00f5rgekvaliteedilisest roostevabast terasest. Ideaalne mitmesugustele toitlustusasutustele. See professionaalne pr\u00fcgikast on 450 mm l\u00e4bim\u00f5\u00f5duga ja 600","og_url":"https:\/\/adexa.ee\/toode\/professionaalne-prugikast-roostevaba-kaanega-ratastega-pedaaliga-95-liitrit-adexa-sdcp95-leiunurk\/","og_site_name":"Adexa \u2013 Suurk\u00f6\u00f6giseadmed restoranidele ja toitlustusele","article_modified_time":"2026-03-11T10:30:55+00:00","og_image":[{"width":2000,"height":2000,"url":"https:\/\/adexa.ee\/wp-content\/uploads\/2025\/03\/SDCP95.jpg","type":"image\/jpeg"}],"twitter_card":"summary_large_image","twitter_misc":{"Est. reading time":"1 minute"},"schema":{"@context":"https:\/\/schema.org","@graph":[{"@type":"WebPage","@id":"https:\/\/adexa.ee\/toode\/professionaalne-prugikast-roostevaba-kaanega-ratastega-pedaaliga-95-liitrit-adexa-sdcp95-leiunurk\/","url":"https:\/\/adexa.ee\/toode\/professionaalne-prugikast-roostevaba-kaanega-ratastega-pedaaliga-95-liitrit-adexa-sdcp95-leiunurk\/","name":"Professionaalne pr\u00fcgikast roostevaba kaanega & ratastega & pedaaliga 95 liitrit | Adexa SDCP95 - LEIUNURK - Adexa \u2013 Suurk\u00f6\u00f6giseadmed restoranidele ja toitlustusele","isPartOf":{"@id":"https:\/\/adexa.ee\/#website"},"primaryImageOfPage":{"@id":"https:\/\/adexa.ee\/toode\/professionaalne-prugikast-roostevaba-kaanega-ratastega-pedaaliga-95-liitrit-adexa-sdcp95-leiunurk\/#primaryimage"},"image":{"@id":"https:\/\/adexa.ee\/toode\/professionaalne-prugikast-roostevaba-kaanega-ratastega-pedaaliga-95-liitrit-adexa-sdcp95-leiunurk\/#primaryimage"},"thumbnailUrl":"https:\/\/adexa.ee\/wp-content\/uploads\/2025\/03\/SDCP95.jpg","datePublished":"2026-03-11T10:29:10+00:00","dateModified":"2026-03-11T10:30:55+00:00","breadcrumb":{"@id":"https:\/\/adexa.ee\/toode\/professionaalne-prugikast-roostevaba-kaanega-ratastega-pedaaliga-95-liitrit-adexa-sdcp95-leiunurk\/#breadcrumb"},"inLanguage":"en-US","potentialAction":[{"@type":"ReadAction","target":["https:\/\/adexa.ee\/toode\/professionaalne-prugikast-roostevaba-kaanega-ratastega-pedaaliga-95-liitrit-adexa-sdcp95-leiunurk\/"]}]},{"@type":"ImageObject","inLanguage":"en-US","@id":"https:\/\/adexa.ee\/toode\/professionaalne-prugikast-roostevaba-kaanega-ratastega-pedaaliga-95-liitrit-adexa-sdcp95-leiunurk\/#primaryimage","url":"https:\/\/adexa.ee\/wp-content\/uploads\/2025\/03\/SDCP95.jpg","contentUrl":"https:\/\/adexa.ee\/wp-content\/uploads\/2025\/03\/SDCP95.jpg","width":2000,"height":2000},{"@type":"BreadcrumbList","@id":"https:\/\/adexa.ee\/toode\/professionaalne-prugikast-roostevaba-kaanega-ratastega-pedaaliga-95-liitrit-adexa-sdcp95-leiunurk\/#breadcrumb","itemListElement":[{"@type":"ListItem","position":1,"name":"Home","item":"https:\/\/adexa.ee\/"},{"@type":"ListItem","position":2,"name":"Tooted","item":"https:\/\/adexa.ee\/pood\/"},{"@type":"ListItem","position":3,"name":"Professionaalne pr\u00fcgikast roostevaba kaanega &#038; ratastega &#038; pedaaliga 95 liitrit | Adexa SDCP95 &#8211; LEIUNURK"}]},{"@type":"WebSite","@id":"https:\/\/adexa.ee\/#website","url":"https:\/\/adexa.ee\/","name":"Adexa","description":"","publisher":{"@id":"https:\/\/adexa.ee\/#organization"},"potentialAction":[{"@type":"SearchAction","target":{"@type":"EntryPoint","urlTemplate":"https:\/\/adexa.ee\/?s={search_term_string}"},"query-input":{"@type":"PropertyValueSpecification","valueRequired":true,"valueName":"search_term_string"}}],"inLanguage":"en-US"},{"@type":"Organization","@id":"https:\/\/adexa.ee\/#organization","name":"Adexa","url":"https:\/\/adexa.ee\/","logo":{"@type":"ImageObject","inLanguage":"en-US","@id":"https:\/\/adexa.ee\/#\/schema\/logo\/image\/","url":"https:\/\/adexa.ee\/wp-content\/uploads\/2024\/04\/chef-cooks-working-in-professional-kitchen-2023-11-27-05-07-39-utc-scaled.jpg","contentUrl":"https:\/\/adexa.ee\/wp-content\/uploads\/2024\/04\/chef-cooks-working-in-professional-kitchen-2023-11-27-05-07-39-utc-scaled.jpg","width":2560,"height":1708,"caption":"Adexa"},"image":{"@id":"https:\/\/adexa.ee\/#\/schema\/logo\/image\/"}}]}},"_links":{"self":[{"href":"https:\/\/adexa.ee\/en\/wp-json\/wp\/v2\/product\/46222","targetHints":{"allow":["GET"]}}],"collection":[{"href":"https:\/\/adexa.ee\/en\/wp-json\/wp\/v2\/product"}],"about":[{"href":"https:\/\/adexa.ee\/en\/wp-json\/wp\/v2\/types\/product"}],"wp:featuredmedia":[{"embeddable":true,"href":"https:\/\/adexa.ee\/en\/wp-json\/wp\/v2\/media\/32197"}],"wp:attachment":[{"href":"https:\/\/adexa.ee\/en\/wp-json\/wp\/v2\/media?parent=46222"}],"wp:term":[{"taxonomy":"product_brand","embeddable":true,"href":"https:\/\/adexa.ee\/en\/wp-json\/wp\/v2\/product_brand?post=46222"},{"taxonomy":"product_cat","embeddable":true,"href":"https:\/\/adexa.ee\/en\/wp-json\/wp\/v2\/product_cat?post=46222"},{"taxonomy":"product_tag","embeddable":true,"href":"https:\/\/adexa.ee\/en\/wp-json\/wp\/v2\/product_tag?post=46222"}],"curies":[{"name":"wp","href":"https:\/\/api.w.org\/{rel}","templated":true}]}}