{"id":46226,"date":"2026-03-11T13:12:33","date_gmt":"2026-03-11T11:12:33","guid":{"rendered":"https:\/\/adexa.ee\/?post_type=product&#038;p=46226"},"modified":"2026-03-11T13:14:40","modified_gmt":"2026-03-11T11:14:40","slug":"filterkohvimasin-manuaalne-taitmine-2-klaaskannu-2-kuumutusplaati-adexa-rb386-leiunurk","status":"publish","type":"product","link":"https:\/\/adexa.ee\/en\/toode\/filterkohvimasin-manuaalne-taitmine-2-klaaskannu-2-kuumutusplaati-adexa-rb386-leiunurk\/","title":{"rendered":"filterkohvimasin Manuaalne t\u00e4itmine 2 klaaskannu 2 kuumutusplaati | Adexa RB386 &#8211; LEIUNURK"},"content":{"rendered":"<p>Tee oma klientidele v\u00f5i k\u00fclalistele suurep\u00e4rast kohvi professionaalse filterkohvimasinaga. See toitlustuseks etten\u00e4htud manuaalse t\u00e4itmisega masin on m\u00f5eldud avalikesse kohtadesse, kus inimesed vajavad suurep\u00e4rase kohvi kiiresti, mugavalt ja lihtsalt valmistamist, n\u00e4iteks kontorid, koosolekuruumid, klubid, baarid ja restoranid. Kaasaegne voolujooneline disain toob kohvimasinate maailma t\u00e4iesti uue mugavuse ja luksuse tunde. Masinal on 2,2-liitrine sisemine veepaak ja kaks iseseisvalt juhitavat kuumutusplaati &#8211; see t\u00e4hendab, et saad t\u00e4ita 1,8-liitrise kannu ja hoida seda soojas, enne kui pead masinat uuesti t\u00e4itma. Kuni 140 tassi tunnis (16,7 liitrit)Mahutab (kann): 1,8 liitritMahutab (paak): 2,2 liitritValmistamise temperatuur: +92\u00b0C kuni +96\u00b0CValmistamisaeg: 6 kuni 7 minutitV\u00f5imsus: 2,02kWVoolutoide: 230 \/ 1 faasPaigaldatud standardne \u00dchendkuningriigi pistikMasin ja filtrihoidja on valmistatud roostevabast terasestSisaldab 2 klaaskannu&#8221;Pump-stiilis&#8221; valmistamiss\u00fcsteem, iga kannu jaoks kasutatakse ainult v\u00e4rsket vettKuumuta keeduvett vaid vajaduse korral, enim energias\u00e4\u00e4stlikKohv valmistatakse optimaalsel temperatuurilKohv hoitakse alati optimaalsel temperatuurilKolmekordne ohutuskaitseLisainformatsiooni leiad &#8216;Spetsifikatsioonid&#8217; alt.<\/p>\n<table style=\"border-collapse: collapse; width: 100%; text-align: left;\">\n<tbody>\n<tr>\n<td style=\"border: 1px solid #ddd; padding: 8px; width: 45%;\">S\u00fcgavus<\/td>\n<td style=\"border: 1px solid #ddd; padding: 8px;\">515 mm<\/td>\n<\/tr>\n<tr>\n<td style=\"border: 1px solid #ddd; padding: 8px; width: 45%;\">K\u00f5rgus<\/td>\n<td style=\"border: 1px solid #ddd; padding: 8px;\">505 mm<\/td>\n<\/tr>\n<tr>\n<td style=\"border: 1px solid #ddd; padding: 8px; width: 45%;\">Laius<\/td>\n<td style=\"border: 1px solid #ddd; padding: 8px;\">260 mm<\/td>\n<\/tr>\n<tr>\n<td style=\"border: 1px solid #ddd; padding: 8px; width: 45%;\">Kaal<\/td>\n<td style=\"border: 1px solid #ddd; padding: 8px;\">6,2 kg<\/td>\n<\/tr>\n<tr>\n<td style=\"border: 1px solid #ddd; padding: 8px; width: 45%;\">Garantii<\/td>\n<td style=\"border: 1px solid #ddd; padding: 8px;\">12 kuu varuosade garantii<\/td>\n<\/tr>\n<tr>\n<td style=\"border: 1px solid #ddd; padding: 8px; width: 45%;\">Mahutavus<\/td>\n<td style=\"border: 1px solid #ddd; padding: 8px;\">1,8 liitrit (pott)<\/td>\n<\/tr>\n<tr>\n<td style=\"border: 1px solid #ddd; padding: 8px; width: 45%;\">Toiteallikas<\/td>\n<td style=\"border: 1px solid #ddd; padding: 8px;\">230V \/ 1 faas<\/td>\n<\/tr>\n<tr>\n<td style=\"border: 1px solid #ddd; padding: 8px; width: 45%;\">Materjal<\/td>\n<td style=\"border: 1px solid #ddd; padding: 8px;\">Roostevaba teras &amp; Roostevabast terasest kohvialus &amp; Teflonkuumutamisplaadid<\/td>\n<\/tr>\n<tr>\n<td style=\"border: 1px solid #ddd; padding: 8px; width: 45%;\">Kaasas<\/td>\n<td style=\"border: 1px solid #ddd; padding: 8px;\">2 potti<\/td>\n<\/tr>\n<tr>\n<td style=\"border: 1px solid #ddd; padding: 8px; width: 45%;\">Tootlikkus<\/td>\n<td style=\"border: 1px solid #ddd; padding: 8px;\">Kuni 140 tassi tunnis (16,7 liitrit)<\/td>\n<\/tr>\n<tr>\n<td style=\"border: 1px solid #ddd; padding: 8px; width: 45%;\">Temperatuur<\/td>\n<td style=\"border: 1px solid #ddd; padding: 8px;\">+92 kuni +96\u00b0C<\/td>\n<\/tr>\n<tr>\n<td style=\"border: 1px solid #ddd; padding: 8px; width: 45%;\">Valmimisaeg<\/td>\n<td style=\"border: 1px solid #ddd; padding: 8px;\">6 kuni 7 minutit<\/td>\n<\/tr>\n<tr>\n<td style=\"border: 1px solid #ddd; padding: 8px; width: 45%;\">Mahutavus (reservuaar)<\/td>\n<td style=\"border: 1px solid #ddd; padding: 8px;\">2,2 liitrit<\/td>\n<\/tr>\n<\/tbody>\n<\/table>\n","protected":false},"excerpt":{"rendered":"<p>Tee oma klientidele v\u00f5i k\u00fclalistele suurep\u00e4rast kohvi professionaalse filterkohvimasinaga. See toitlustuseks etten\u00e4htud manuaalse t\u00e4itmisega masin on m\u00f5eldud avalikesse kohtadesse, kus<\/p>\n","protected":false},"featured_media":14621,"template":"","meta":[],"product_brand":[],"product_cat":[729,613,984],"product_tag":[],"class_list":{"0":"post-46226","1":"product","2":"type-product","3":"status-publish","4":"has-post-thumbnail","6":"product_cat-filtrikohvimasinad","7":"product_cat-kohv-ja-joogid","8":"product_cat-leiunurk","10":"first","11":"instock","12":"sale","13":"sold-individually","14":"taxable","15":"shipping-taxable","16":"purchasable","17":"product-type-simple"},"yoast_head":"<!-- This site is optimized with the Yoast SEO plugin v27.3 - https:\/\/yoast.com\/product\/yoast-seo-wordpress\/ -->\n<title>filterkohvimasin Manuaalne t\u00e4itmine 2 klaaskannu 2 kuumutusplaati | Adexa RB386 - LEIUNURK - Adexa \u2013 Suurk\u00f6\u00f6giseadmed restoranidele ja toitlustusele<\/title>\n<meta name=\"robots\" content=\"index, follow, max-snippet:-1, max-image-preview:large, max-video-preview:-1\" \/>\n<link rel=\"canonical\" href=\"https:\/\/adexa.ee\/toode\/filterkohvimasin-manuaalne-taitmine-2-klaaskannu-2-kuumutusplaati-adexa-rb386-leiunurk\/\" \/>\n<meta property=\"og:locale\" content=\"en_US\" \/>\n<meta property=\"og:type\" content=\"article\" \/>\n<meta property=\"og:title\" content=\"filterkohvimasin Manuaalne t\u00e4itmine 2 klaaskannu 2 kuumutusplaati | Adexa RB386 - LEIUNURK - Adexa \u2013 Suurk\u00f6\u00f6giseadmed restoranidele ja toitlustusele\" \/>\n<meta property=\"og:description\" content=\"Tee oma klientidele v\u00f5i k\u00fclalistele suurep\u00e4rast kohvi professionaalse filterkohvimasinaga. See toitlustuseks etten\u00e4htud manuaalse t\u00e4itmisega masin on m\u00f5eldud avalikesse kohtadesse, kus\" \/>\n<meta property=\"og:url\" content=\"https:\/\/adexa.ee\/toode\/filterkohvimasin-manuaalne-taitmine-2-klaaskannu-2-kuumutusplaati-adexa-rb386-leiunurk\/\" \/>\n<meta property=\"og:site_name\" content=\"Adexa \u2013 Suurk\u00f6\u00f6giseadmed restoranidele ja toitlustusele\" \/>\n<meta property=\"article:modified_time\" content=\"2026-03-11T11:14:40+00:00\" \/>\n<meta property=\"og:image\" content=\"https:\/\/adexa.ee\/wp-content\/uploads\/2024\/12\/RB386.jpg\" \/>\n\t<meta property=\"og:image:width\" content=\"2000\" \/>\n\t<meta property=\"og:image:height\" content=\"2000\" \/>\n\t<meta property=\"og:image:type\" content=\"image\/jpeg\" \/>\n<meta name=\"twitter:card\" content=\"summary_large_image\" \/>\n<meta name=\"twitter:label1\" content=\"Est. reading time\" \/>\n\t<meta name=\"twitter:data1\" content=\"2 minutes\" \/>\n<script type=\"application\/ld+json\" class=\"yoast-schema-graph\">{\"@context\":\"https:\\\/\\\/schema.org\",\"@graph\":[{\"@type\":\"WebPage\",\"@id\":\"https:\\\/\\\/adexa.ee\\\/toode\\\/filterkohvimasin-manuaalne-taitmine-2-klaaskannu-2-kuumutusplaati-adexa-rb386-leiunurk\\\/\",\"url\":\"https:\\\/\\\/adexa.ee\\\/toode\\\/filterkohvimasin-manuaalne-taitmine-2-klaaskannu-2-kuumutusplaati-adexa-rb386-leiunurk\\\/\",\"name\":\"filterkohvimasin Manuaalne t\u00e4itmine 2 klaaskannu 2 kuumutusplaati | Adexa RB386 - LEIUNURK - Adexa \u2013 Suurk\u00f6\u00f6giseadmed restoranidele ja toitlustusele\",\"isPartOf\":{\"@id\":\"https:\\\/\\\/adexa.ee\\\/#website\"},\"primaryImageOfPage\":{\"@id\":\"https:\\\/\\\/adexa.ee\\\/toode\\\/filterkohvimasin-manuaalne-taitmine-2-klaaskannu-2-kuumutusplaati-adexa-rb386-leiunurk\\\/#primaryimage\"},\"image\":{\"@id\":\"https:\\\/\\\/adexa.ee\\\/toode\\\/filterkohvimasin-manuaalne-taitmine-2-klaaskannu-2-kuumutusplaati-adexa-rb386-leiunurk\\\/#primaryimage\"},\"thumbnailUrl\":\"https:\\\/\\\/adexa.ee\\\/wp-content\\\/uploads\\\/2024\\\/12\\\/RB386.jpg\",\"datePublished\":\"2026-03-11T11:12:33+00:00\",\"dateModified\":\"2026-03-11T11:14:40+00:00\",\"breadcrumb\":{\"@id\":\"https:\\\/\\\/adexa.ee\\\/toode\\\/filterkohvimasin-manuaalne-taitmine-2-klaaskannu-2-kuumutusplaati-adexa-rb386-leiunurk\\\/#breadcrumb\"},\"inLanguage\":\"en-US\",\"potentialAction\":[{\"@type\":\"ReadAction\",\"target\":[\"https:\\\/\\\/adexa.ee\\\/toode\\\/filterkohvimasin-manuaalne-taitmine-2-klaaskannu-2-kuumutusplaati-adexa-rb386-leiunurk\\\/\"]}]},{\"@type\":\"ImageObject\",\"inLanguage\":\"en-US\",\"@id\":\"https:\\\/\\\/adexa.ee\\\/toode\\\/filterkohvimasin-manuaalne-taitmine-2-klaaskannu-2-kuumutusplaati-adexa-rb386-leiunurk\\\/#primaryimage\",\"url\":\"https:\\\/\\\/adexa.ee\\\/wp-content\\\/uploads\\\/2024\\\/12\\\/RB386.jpg\",\"contentUrl\":\"https:\\\/\\\/adexa.ee\\\/wp-content\\\/uploads\\\/2024\\\/12\\\/RB386.jpg\",\"width\":2000,\"height\":2000},{\"@type\":\"BreadcrumbList\",\"@id\":\"https:\\\/\\\/adexa.ee\\\/toode\\\/filterkohvimasin-manuaalne-taitmine-2-klaaskannu-2-kuumutusplaati-adexa-rb386-leiunurk\\\/#breadcrumb\",\"itemListElement\":[{\"@type\":\"ListItem\",\"position\":1,\"name\":\"Home\",\"item\":\"https:\\\/\\\/adexa.ee\\\/\"},{\"@type\":\"ListItem\",\"position\":2,\"name\":\"Tooted\",\"item\":\"https:\\\/\\\/adexa.ee\\\/pood\\\/\"},{\"@type\":\"ListItem\",\"position\":3,\"name\":\"filterkohvimasin Manuaalne t\u00e4itmine 2 klaaskannu 2 kuumutusplaati | Adexa RB386 &#8211; LEIUNURK\"}]},{\"@type\":\"WebSite\",\"@id\":\"https:\\\/\\\/adexa.ee\\\/#website\",\"url\":\"https:\\\/\\\/adexa.ee\\\/\",\"name\":\"Adexa\",\"description\":\"\",\"publisher\":{\"@id\":\"https:\\\/\\\/adexa.ee\\\/#organization\"},\"potentialAction\":[{\"@type\":\"SearchAction\",\"target\":{\"@type\":\"EntryPoint\",\"urlTemplate\":\"https:\\\/\\\/adexa.ee\\\/?s={search_term_string}\"},\"query-input\":{\"@type\":\"PropertyValueSpecification\",\"valueRequired\":true,\"valueName\":\"search_term_string\"}}],\"inLanguage\":\"en-US\"},{\"@type\":\"Organization\",\"@id\":\"https:\\\/\\\/adexa.ee\\\/#organization\",\"name\":\"Adexa\",\"url\":\"https:\\\/\\\/adexa.ee\\\/\",\"logo\":{\"@type\":\"ImageObject\",\"inLanguage\":\"en-US\",\"@id\":\"https:\\\/\\\/adexa.ee\\\/#\\\/schema\\\/logo\\\/image\\\/\",\"url\":\"https:\\\/\\\/adexa.ee\\\/wp-content\\\/uploads\\\/2024\\\/04\\\/chef-cooks-working-in-professional-kitchen-2023-11-27-05-07-39-utc-scaled.jpg\",\"contentUrl\":\"https:\\\/\\\/adexa.ee\\\/wp-content\\\/uploads\\\/2024\\\/04\\\/chef-cooks-working-in-professional-kitchen-2023-11-27-05-07-39-utc-scaled.jpg\",\"width\":2560,\"height\":1708,\"caption\":\"Adexa\"},\"image\":{\"@id\":\"https:\\\/\\\/adexa.ee\\\/#\\\/schema\\\/logo\\\/image\\\/\"}}]}<\/script>\n<!-- \/ Yoast SEO plugin. -->","yoast_head_json":{"title":"filterkohvimasin Manuaalne t\u00e4itmine 2 klaaskannu 2 kuumutusplaati | Adexa RB386 - LEIUNURK - Adexa \u2013 Suurk\u00f6\u00f6giseadmed restoranidele ja toitlustusele","robots":{"index":"index","follow":"follow","max-snippet":"max-snippet:-1","max-image-preview":"max-image-preview:large","max-video-preview":"max-video-preview:-1"},"canonical":"https:\/\/adexa.ee\/toode\/filterkohvimasin-manuaalne-taitmine-2-klaaskannu-2-kuumutusplaati-adexa-rb386-leiunurk\/","og_locale":"en_US","og_type":"article","og_title":"filterkohvimasin Manuaalne t\u00e4itmine 2 klaaskannu 2 kuumutusplaati | Adexa RB386 - LEIUNURK - Adexa \u2013 Suurk\u00f6\u00f6giseadmed restoranidele ja toitlustusele","og_description":"Tee oma klientidele v\u00f5i k\u00fclalistele suurep\u00e4rast kohvi professionaalse filterkohvimasinaga. See toitlustuseks etten\u00e4htud manuaalse t\u00e4itmisega masin on m\u00f5eldud avalikesse kohtadesse, kus","og_url":"https:\/\/adexa.ee\/toode\/filterkohvimasin-manuaalne-taitmine-2-klaaskannu-2-kuumutusplaati-adexa-rb386-leiunurk\/","og_site_name":"Adexa \u2013 Suurk\u00f6\u00f6giseadmed restoranidele ja toitlustusele","article_modified_time":"2026-03-11T11:14:40+00:00","og_image":[{"width":2000,"height":2000,"url":"https:\/\/adexa.ee\/wp-content\/uploads\/2024\/12\/RB386.jpg","type":"image\/jpeg"}],"twitter_card":"summary_large_image","twitter_misc":{"Est. reading time":"2 minutes"},"schema":{"@context":"https:\/\/schema.org","@graph":[{"@type":"WebPage","@id":"https:\/\/adexa.ee\/toode\/filterkohvimasin-manuaalne-taitmine-2-klaaskannu-2-kuumutusplaati-adexa-rb386-leiunurk\/","url":"https:\/\/adexa.ee\/toode\/filterkohvimasin-manuaalne-taitmine-2-klaaskannu-2-kuumutusplaati-adexa-rb386-leiunurk\/","name":"filterkohvimasin Manuaalne t\u00e4itmine 2 klaaskannu 2 kuumutusplaati | Adexa RB386 - LEIUNURK - Adexa \u2013 Suurk\u00f6\u00f6giseadmed restoranidele ja toitlustusele","isPartOf":{"@id":"https:\/\/adexa.ee\/#website"},"primaryImageOfPage":{"@id":"https:\/\/adexa.ee\/toode\/filterkohvimasin-manuaalne-taitmine-2-klaaskannu-2-kuumutusplaati-adexa-rb386-leiunurk\/#primaryimage"},"image":{"@id":"https:\/\/adexa.ee\/toode\/filterkohvimasin-manuaalne-taitmine-2-klaaskannu-2-kuumutusplaati-adexa-rb386-leiunurk\/#primaryimage"},"thumbnailUrl":"https:\/\/adexa.ee\/wp-content\/uploads\/2024\/12\/RB386.jpg","datePublished":"2026-03-11T11:12:33+00:00","dateModified":"2026-03-11T11:14:40+00:00","breadcrumb":{"@id":"https:\/\/adexa.ee\/toode\/filterkohvimasin-manuaalne-taitmine-2-klaaskannu-2-kuumutusplaati-adexa-rb386-leiunurk\/#breadcrumb"},"inLanguage":"en-US","potentialAction":[{"@type":"ReadAction","target":["https:\/\/adexa.ee\/toode\/filterkohvimasin-manuaalne-taitmine-2-klaaskannu-2-kuumutusplaati-adexa-rb386-leiunurk\/"]}]},{"@type":"ImageObject","inLanguage":"en-US","@id":"https:\/\/adexa.ee\/toode\/filterkohvimasin-manuaalne-taitmine-2-klaaskannu-2-kuumutusplaati-adexa-rb386-leiunurk\/#primaryimage","url":"https:\/\/adexa.ee\/wp-content\/uploads\/2024\/12\/RB386.jpg","contentUrl":"https:\/\/adexa.ee\/wp-content\/uploads\/2024\/12\/RB386.jpg","width":2000,"height":2000},{"@type":"BreadcrumbList","@id":"https:\/\/adexa.ee\/toode\/filterkohvimasin-manuaalne-taitmine-2-klaaskannu-2-kuumutusplaati-adexa-rb386-leiunurk\/#breadcrumb","itemListElement":[{"@type":"ListItem","position":1,"name":"Home","item":"https:\/\/adexa.ee\/"},{"@type":"ListItem","position":2,"name":"Tooted","item":"https:\/\/adexa.ee\/pood\/"},{"@type":"ListItem","position":3,"name":"filterkohvimasin Manuaalne t\u00e4itmine 2 klaaskannu 2 kuumutusplaati | Adexa RB386 &#8211; LEIUNURK"}]},{"@type":"WebSite","@id":"https:\/\/adexa.ee\/#website","url":"https:\/\/adexa.ee\/","name":"Adexa","description":"","publisher":{"@id":"https:\/\/adexa.ee\/#organization"},"potentialAction":[{"@type":"SearchAction","target":{"@type":"EntryPoint","urlTemplate":"https:\/\/adexa.ee\/?s={search_term_string}"},"query-input":{"@type":"PropertyValueSpecification","valueRequired":true,"valueName":"search_term_string"}}],"inLanguage":"en-US"},{"@type":"Organization","@id":"https:\/\/adexa.ee\/#organization","name":"Adexa","url":"https:\/\/adexa.ee\/","logo":{"@type":"ImageObject","inLanguage":"en-US","@id":"https:\/\/adexa.ee\/#\/schema\/logo\/image\/","url":"https:\/\/adexa.ee\/wp-content\/uploads\/2024\/04\/chef-cooks-working-in-professional-kitchen-2023-11-27-05-07-39-utc-scaled.jpg","contentUrl":"https:\/\/adexa.ee\/wp-content\/uploads\/2024\/04\/chef-cooks-working-in-professional-kitchen-2023-11-27-05-07-39-utc-scaled.jpg","width":2560,"height":1708,"caption":"Adexa"},"image":{"@id":"https:\/\/adexa.ee\/#\/schema\/logo\/image\/"}}]}},"_links":{"self":[{"href":"https:\/\/adexa.ee\/en\/wp-json\/wp\/v2\/product\/46226","targetHints":{"allow":["GET"]}}],"collection":[{"href":"https:\/\/adexa.ee\/en\/wp-json\/wp\/v2\/product"}],"about":[{"href":"https:\/\/adexa.ee\/en\/wp-json\/wp\/v2\/types\/product"}],"wp:featuredmedia":[{"embeddable":true,"href":"https:\/\/adexa.ee\/en\/wp-json\/wp\/v2\/media\/14621"}],"wp:attachment":[{"href":"https:\/\/adexa.ee\/en\/wp-json\/wp\/v2\/media?parent=46226"}],"wp:term":[{"taxonomy":"product_brand","embeddable":true,"href":"https:\/\/adexa.ee\/en\/wp-json\/wp\/v2\/product_brand?post=46226"},{"taxonomy":"product_cat","embeddable":true,"href":"https:\/\/adexa.ee\/en\/wp-json\/wp\/v2\/product_cat?post=46226"},{"taxonomy":"product_tag","embeddable":true,"href":"https:\/\/adexa.ee\/en\/wp-json\/wp\/v2\/product_tag?post=46226"}],"curies":[{"name":"wp","href":"https:\/\/api.w.org\/{rel}","templated":true}]}}