{"id":46228,"date":"2026-03-11T13:21:21","date_gmt":"2026-03-11T11:21:21","guid":{"rendered":"https:\/\/adexa.ee\/?post_type=product&#038;p=46228"},"modified":"2026-03-11T13:22:42","modified_gmt":"2026-03-11T11:22:42","slug":"belgia-vahvlimasin-1-6kw-2-vahvlit-lauapealne-adexa-hwb3-leiunurk","status":"publish","type":"product","link":"https:\/\/adexa.ee\/en\/toode\/belgia-vahvlimasin-1-6kw-2-vahvlit-lauapealne-adexa-hwb3-leiunurk\/","title":{"rendered":"Belgia Vahvlimasin 1.6kW 2 vahvlit Lauapealne | Adexa HWB3 &#8211; LEIUNURK"},"content":{"rendered":"<p>Valmista maitsvaid ja kr\u00f5bedaid vahvleid kiirelt ja lihtsalt selle ristk\u00fclikukujulise vahvlirauaga. \u00c4ratage oma hotellik\u00fclastajad v\u00e4rskelt k\u00fcpsetatud vahvlite l\u00f5hnaga v\u00f5i lisage oma restorani magustoidubufeele atraktiivne vahvlijaam. T\u00e4iuslik iseteenindusega hommikus\u00f6\u00f6gibufeedeks, hotelli hommikus\u00f6\u00f6gibaarideks, s\u00f6\u00f6klateks v\u00f5i igasuguseks restoraniks v\u00f5i toitlustusasutuseks, mis pakub men\u00fc\u00fcs vahvleid. Taimeriga K\u00fcpsetamise ja toite indikaatortuled Mehaaniline temperatuuri juhtimine Palun vaadake jaotisest &#8220;Spetsifikatsioon&#8221; \u00fcksikasjalikumat teavet.<\/p>\n<table style=\"border-collapse: collapse; width: 100%; text-align: left;\">\n<tbody>\n<tr>\n<td style=\"border: 1px solid #ddd; padding: 8px; width: 45%;\">S\u00fcgavus<\/td>\n<td style=\"border: 1px solid #ddd; padding: 8px;\">355 mm<\/td>\n<\/tr>\n<tr>\n<td style=\"border: 1px solid #ddd; padding: 8px; width: 45%;\">K\u00f5rgus<\/td>\n<td style=\"border: 1px solid #ddd; padding: 8px;\">250mm<\/td>\n<\/tr>\n<tr>\n<td style=\"border: 1px solid #ddd; padding: 8px; width: 45%;\">Laius<\/td>\n<td style=\"border: 1px solid #ddd; padding: 8px;\">290mm<\/td>\n<\/tr>\n<tr>\n<td style=\"border: 1px solid #ddd; padding: 8px; width: 45%;\">Kaal<\/td>\n<td style=\"border: 1px solid #ddd; padding: 8px;\">10 kg<\/td>\n<\/tr>\n<tr>\n<td style=\"border: 1px solid #ddd; padding: 8px; width: 45%;\">Garantii<\/td>\n<td style=\"border: 1px solid #ddd; padding: 8px;\">12 kuu varuosade garantii<\/td>\n<\/tr>\n<tr>\n<td style=\"border: 1px solid #ddd; padding: 8px; width: 45%;\">Mahutavus<\/td>\n<td style=\"border: 1px solid #ddd; padding: 8px;\">2 ristk\u00fclikukujulist Belgia vahvlit<\/td>\n<\/tr>\n<tr>\n<td style=\"border: 1px solid #ddd; padding: 8px; width: 45%;\">Toiteallikas<\/td>\n<td style=\"border: 1px solid #ddd; padding: 8px;\">230V \/ 1 faas<\/td>\n<\/tr>\n<tr>\n<td style=\"border: 1px solid #ddd; padding: 8px; width: 45%;\">V\u00f5imsus<\/td>\n<td style=\"border: 1px solid #ddd; padding: 8px;\">1600W<\/td>\n<\/tr>\n<tr>\n<td style=\"border: 1px solid #ddd; padding: 8px; width: 45%;\">Materjal<\/td>\n<td style=\"border: 1px solid #ddd; padding: 8px;\">Roostevaba teras<\/td>\n<\/tr>\n<tr>\n<td style=\"border: 1px solid #ddd; padding: 8px; width: 45%;\">Temperatuur<\/td>\n<td style=\"border: 1px solid #ddd; padding: 8px;\">+50\u00b0C kuni +300\u00b0C<\/td>\n<\/tr>\n<tr>\n<td style=\"border: 1px solid #ddd; padding: 8px; width: 45%;\">Materjal (keetmisala)<\/td>\n<td style=\"border: 1px solid #ddd; padding: 8px;\">K\u00f5va emailiga kaetud malm<\/td>\n<\/tr>\n<\/tbody>\n<\/table>\n","protected":false},"excerpt":{"rendered":"<p>Valmista maitsvaid ja kr\u00f5bedaid vahvleid kiirelt ja lihtsalt selle ristk\u00fclikukujulise vahvlirauaga. \u00c4ratage oma hotellik\u00fclastajad v\u00e4rskelt k\u00fcpsetatud vahvlite l\u00f5hnaga v\u00f5i lisage<\/p>\n","protected":false},"featured_media":33245,"template":"","meta":[],"product_brand":[],"product_cat":[557,984,757],"product_tag":[],"class_list":{"0":"post-46228","1":"product","2":"type-product","3":"status-publish","4":"has-post-thumbnail","6":"product_cat-kupsetusseadmed","7":"product_cat-leiunurk","8":"product_cat-vahvlimasinad","10":"first","11":"instock","12":"sale","13":"sold-individually","14":"taxable","15":"shipping-taxable","16":"purchasable","17":"product-type-simple"},"yoast_head":"<!-- This site is optimized with the Yoast SEO plugin v27.3 - https:\/\/yoast.com\/product\/yoast-seo-wordpress\/ -->\n<title>Belgia Vahvlimasin 1.6kW 2 vahvlit Lauapealne | Adexa HWB3 - LEIUNURK - Adexa \u2013 Suurk\u00f6\u00f6giseadmed restoranidele ja toitlustusele<\/title>\n<meta name=\"robots\" content=\"index, follow, max-snippet:-1, max-image-preview:large, max-video-preview:-1\" \/>\n<link rel=\"canonical\" href=\"https:\/\/adexa.ee\/toode\/belgia-vahvlimasin-1-6kw-2-vahvlit-lauapealne-adexa-hwb3-leiunurk\/\" \/>\n<meta property=\"og:locale\" content=\"en_US\" \/>\n<meta property=\"og:type\" content=\"article\" \/>\n<meta property=\"og:title\" content=\"Belgia Vahvlimasin 1.6kW 2 vahvlit Lauapealne | Adexa HWB3 - LEIUNURK - Adexa \u2013 Suurk\u00f6\u00f6giseadmed restoranidele ja toitlustusele\" \/>\n<meta property=\"og:description\" content=\"Valmista maitsvaid ja kr\u00f5bedaid vahvleid kiirelt ja lihtsalt selle ristk\u00fclikukujulise vahvlirauaga. \u00c4ratage oma hotellik\u00fclastajad v\u00e4rskelt k\u00fcpsetatud vahvlite l\u00f5hnaga v\u00f5i lisage\" \/>\n<meta property=\"og:url\" content=\"https:\/\/adexa.ee\/toode\/belgia-vahvlimasin-1-6kw-2-vahvlit-lauapealne-adexa-hwb3-leiunurk\/\" \/>\n<meta property=\"og:site_name\" content=\"Adexa \u2013 Suurk\u00f6\u00f6giseadmed restoranidele ja toitlustusele\" \/>\n<meta property=\"article:modified_time\" content=\"2026-03-11T11:22:42+00:00\" \/>\n<meta property=\"og:image\" content=\"https:\/\/adexa.ee\/wp-content\/uploads\/2025\/06\/HWB3-.jpg\" \/>\n\t<meta property=\"og:image:width\" content=\"2000\" \/>\n\t<meta property=\"og:image:height\" content=\"2000\" \/>\n\t<meta property=\"og:image:type\" content=\"image\/jpeg\" \/>\n<meta name=\"twitter:card\" content=\"summary_large_image\" \/>\n<meta name=\"twitter:label1\" content=\"Est. reading time\" \/>\n\t<meta name=\"twitter:data1\" content=\"1 minute\" \/>\n<script type=\"application\/ld+json\" class=\"yoast-schema-graph\">{\"@context\":\"https:\\\/\\\/schema.org\",\"@graph\":[{\"@type\":\"WebPage\",\"@id\":\"https:\\\/\\\/adexa.ee\\\/toode\\\/belgia-vahvlimasin-1-6kw-2-vahvlit-lauapealne-adexa-hwb3-leiunurk\\\/\",\"url\":\"https:\\\/\\\/adexa.ee\\\/toode\\\/belgia-vahvlimasin-1-6kw-2-vahvlit-lauapealne-adexa-hwb3-leiunurk\\\/\",\"name\":\"Belgia Vahvlimasin 1.6kW 2 vahvlit Lauapealne | Adexa HWB3 - LEIUNURK - Adexa \u2013 Suurk\u00f6\u00f6giseadmed restoranidele ja toitlustusele\",\"isPartOf\":{\"@id\":\"https:\\\/\\\/adexa.ee\\\/#website\"},\"primaryImageOfPage\":{\"@id\":\"https:\\\/\\\/adexa.ee\\\/toode\\\/belgia-vahvlimasin-1-6kw-2-vahvlit-lauapealne-adexa-hwb3-leiunurk\\\/#primaryimage\"},\"image\":{\"@id\":\"https:\\\/\\\/adexa.ee\\\/toode\\\/belgia-vahvlimasin-1-6kw-2-vahvlit-lauapealne-adexa-hwb3-leiunurk\\\/#primaryimage\"},\"thumbnailUrl\":\"https:\\\/\\\/adexa.ee\\\/wp-content\\\/uploads\\\/2025\\\/06\\\/HWB3-.jpg\",\"datePublished\":\"2026-03-11T11:21:21+00:00\",\"dateModified\":\"2026-03-11T11:22:42+00:00\",\"breadcrumb\":{\"@id\":\"https:\\\/\\\/adexa.ee\\\/toode\\\/belgia-vahvlimasin-1-6kw-2-vahvlit-lauapealne-adexa-hwb3-leiunurk\\\/#breadcrumb\"},\"inLanguage\":\"en-US\",\"potentialAction\":[{\"@type\":\"ReadAction\",\"target\":[\"https:\\\/\\\/adexa.ee\\\/toode\\\/belgia-vahvlimasin-1-6kw-2-vahvlit-lauapealne-adexa-hwb3-leiunurk\\\/\"]}]},{\"@type\":\"ImageObject\",\"inLanguage\":\"en-US\",\"@id\":\"https:\\\/\\\/adexa.ee\\\/toode\\\/belgia-vahvlimasin-1-6kw-2-vahvlit-lauapealne-adexa-hwb3-leiunurk\\\/#primaryimage\",\"url\":\"https:\\\/\\\/adexa.ee\\\/wp-content\\\/uploads\\\/2025\\\/06\\\/HWB3-.jpg\",\"contentUrl\":\"https:\\\/\\\/adexa.ee\\\/wp-content\\\/uploads\\\/2025\\\/06\\\/HWB3-.jpg\",\"width\":2000,\"height\":2000},{\"@type\":\"BreadcrumbList\",\"@id\":\"https:\\\/\\\/adexa.ee\\\/toode\\\/belgia-vahvlimasin-1-6kw-2-vahvlit-lauapealne-adexa-hwb3-leiunurk\\\/#breadcrumb\",\"itemListElement\":[{\"@type\":\"ListItem\",\"position\":1,\"name\":\"Home\",\"item\":\"https:\\\/\\\/adexa.ee\\\/\"},{\"@type\":\"ListItem\",\"position\":2,\"name\":\"Tooted\",\"item\":\"https:\\\/\\\/adexa.ee\\\/pood\\\/\"},{\"@type\":\"ListItem\",\"position\":3,\"name\":\"Belgia Vahvlimasin 1.6kW 2 vahvlit Lauapealne | Adexa HWB3 &#8211; LEIUNURK\"}]},{\"@type\":\"WebSite\",\"@id\":\"https:\\\/\\\/adexa.ee\\\/#website\",\"url\":\"https:\\\/\\\/adexa.ee\\\/\",\"name\":\"Adexa\",\"description\":\"\",\"publisher\":{\"@id\":\"https:\\\/\\\/adexa.ee\\\/#organization\"},\"potentialAction\":[{\"@type\":\"SearchAction\",\"target\":{\"@type\":\"EntryPoint\",\"urlTemplate\":\"https:\\\/\\\/adexa.ee\\\/?s={search_term_string}\"},\"query-input\":{\"@type\":\"PropertyValueSpecification\",\"valueRequired\":true,\"valueName\":\"search_term_string\"}}],\"inLanguage\":\"en-US\"},{\"@type\":\"Organization\",\"@id\":\"https:\\\/\\\/adexa.ee\\\/#organization\",\"name\":\"Adexa\",\"url\":\"https:\\\/\\\/adexa.ee\\\/\",\"logo\":{\"@type\":\"ImageObject\",\"inLanguage\":\"en-US\",\"@id\":\"https:\\\/\\\/adexa.ee\\\/#\\\/schema\\\/logo\\\/image\\\/\",\"url\":\"https:\\\/\\\/adexa.ee\\\/wp-content\\\/uploads\\\/2024\\\/04\\\/chef-cooks-working-in-professional-kitchen-2023-11-27-05-07-39-utc-scaled.jpg\",\"contentUrl\":\"https:\\\/\\\/adexa.ee\\\/wp-content\\\/uploads\\\/2024\\\/04\\\/chef-cooks-working-in-professional-kitchen-2023-11-27-05-07-39-utc-scaled.jpg\",\"width\":2560,\"height\":1708,\"caption\":\"Adexa\"},\"image\":{\"@id\":\"https:\\\/\\\/adexa.ee\\\/#\\\/schema\\\/logo\\\/image\\\/\"}}]}<\/script>\n<!-- \/ Yoast SEO plugin. -->","yoast_head_json":{"title":"Belgia Vahvlimasin 1.6kW 2 vahvlit Lauapealne | Adexa HWB3 - LEIUNURK - Adexa \u2013 Suurk\u00f6\u00f6giseadmed restoranidele ja toitlustusele","robots":{"index":"index","follow":"follow","max-snippet":"max-snippet:-1","max-image-preview":"max-image-preview:large","max-video-preview":"max-video-preview:-1"},"canonical":"https:\/\/adexa.ee\/toode\/belgia-vahvlimasin-1-6kw-2-vahvlit-lauapealne-adexa-hwb3-leiunurk\/","og_locale":"en_US","og_type":"article","og_title":"Belgia Vahvlimasin 1.6kW 2 vahvlit Lauapealne | Adexa HWB3 - LEIUNURK - Adexa \u2013 Suurk\u00f6\u00f6giseadmed restoranidele ja toitlustusele","og_description":"Valmista maitsvaid ja kr\u00f5bedaid vahvleid kiirelt ja lihtsalt selle ristk\u00fclikukujulise vahvlirauaga. \u00c4ratage oma hotellik\u00fclastajad v\u00e4rskelt k\u00fcpsetatud vahvlite l\u00f5hnaga v\u00f5i lisage","og_url":"https:\/\/adexa.ee\/toode\/belgia-vahvlimasin-1-6kw-2-vahvlit-lauapealne-adexa-hwb3-leiunurk\/","og_site_name":"Adexa \u2013 Suurk\u00f6\u00f6giseadmed restoranidele ja toitlustusele","article_modified_time":"2026-03-11T11:22:42+00:00","og_image":[{"width":2000,"height":2000,"url":"https:\/\/adexa.ee\/wp-content\/uploads\/2025\/06\/HWB3-.jpg","type":"image\/jpeg"}],"twitter_card":"summary_large_image","twitter_misc":{"Est. reading time":"1 minute"},"schema":{"@context":"https:\/\/schema.org","@graph":[{"@type":"WebPage","@id":"https:\/\/adexa.ee\/toode\/belgia-vahvlimasin-1-6kw-2-vahvlit-lauapealne-adexa-hwb3-leiunurk\/","url":"https:\/\/adexa.ee\/toode\/belgia-vahvlimasin-1-6kw-2-vahvlit-lauapealne-adexa-hwb3-leiunurk\/","name":"Belgia Vahvlimasin 1.6kW 2 vahvlit Lauapealne | Adexa HWB3 - LEIUNURK - Adexa \u2013 Suurk\u00f6\u00f6giseadmed restoranidele ja toitlustusele","isPartOf":{"@id":"https:\/\/adexa.ee\/#website"},"primaryImageOfPage":{"@id":"https:\/\/adexa.ee\/toode\/belgia-vahvlimasin-1-6kw-2-vahvlit-lauapealne-adexa-hwb3-leiunurk\/#primaryimage"},"image":{"@id":"https:\/\/adexa.ee\/toode\/belgia-vahvlimasin-1-6kw-2-vahvlit-lauapealne-adexa-hwb3-leiunurk\/#primaryimage"},"thumbnailUrl":"https:\/\/adexa.ee\/wp-content\/uploads\/2025\/06\/HWB3-.jpg","datePublished":"2026-03-11T11:21:21+00:00","dateModified":"2026-03-11T11:22:42+00:00","breadcrumb":{"@id":"https:\/\/adexa.ee\/toode\/belgia-vahvlimasin-1-6kw-2-vahvlit-lauapealne-adexa-hwb3-leiunurk\/#breadcrumb"},"inLanguage":"en-US","potentialAction":[{"@type":"ReadAction","target":["https:\/\/adexa.ee\/toode\/belgia-vahvlimasin-1-6kw-2-vahvlit-lauapealne-adexa-hwb3-leiunurk\/"]}]},{"@type":"ImageObject","inLanguage":"en-US","@id":"https:\/\/adexa.ee\/toode\/belgia-vahvlimasin-1-6kw-2-vahvlit-lauapealne-adexa-hwb3-leiunurk\/#primaryimage","url":"https:\/\/adexa.ee\/wp-content\/uploads\/2025\/06\/HWB3-.jpg","contentUrl":"https:\/\/adexa.ee\/wp-content\/uploads\/2025\/06\/HWB3-.jpg","width":2000,"height":2000},{"@type":"BreadcrumbList","@id":"https:\/\/adexa.ee\/toode\/belgia-vahvlimasin-1-6kw-2-vahvlit-lauapealne-adexa-hwb3-leiunurk\/#breadcrumb","itemListElement":[{"@type":"ListItem","position":1,"name":"Home","item":"https:\/\/adexa.ee\/"},{"@type":"ListItem","position":2,"name":"Tooted","item":"https:\/\/adexa.ee\/pood\/"},{"@type":"ListItem","position":3,"name":"Belgia Vahvlimasin 1.6kW 2 vahvlit Lauapealne | Adexa HWB3 &#8211; LEIUNURK"}]},{"@type":"WebSite","@id":"https:\/\/adexa.ee\/#website","url":"https:\/\/adexa.ee\/","name":"Adexa","description":"","publisher":{"@id":"https:\/\/adexa.ee\/#organization"},"potentialAction":[{"@type":"SearchAction","target":{"@type":"EntryPoint","urlTemplate":"https:\/\/adexa.ee\/?s={search_term_string}"},"query-input":{"@type":"PropertyValueSpecification","valueRequired":true,"valueName":"search_term_string"}}],"inLanguage":"en-US"},{"@type":"Organization","@id":"https:\/\/adexa.ee\/#organization","name":"Adexa","url":"https:\/\/adexa.ee\/","logo":{"@type":"ImageObject","inLanguage":"en-US","@id":"https:\/\/adexa.ee\/#\/schema\/logo\/image\/","url":"https:\/\/adexa.ee\/wp-content\/uploads\/2024\/04\/chef-cooks-working-in-professional-kitchen-2023-11-27-05-07-39-utc-scaled.jpg","contentUrl":"https:\/\/adexa.ee\/wp-content\/uploads\/2024\/04\/chef-cooks-working-in-professional-kitchen-2023-11-27-05-07-39-utc-scaled.jpg","width":2560,"height":1708,"caption":"Adexa"},"image":{"@id":"https:\/\/adexa.ee\/#\/schema\/logo\/image\/"}}]}},"_links":{"self":[{"href":"https:\/\/adexa.ee\/en\/wp-json\/wp\/v2\/product\/46228","targetHints":{"allow":["GET"]}}],"collection":[{"href":"https:\/\/adexa.ee\/en\/wp-json\/wp\/v2\/product"}],"about":[{"href":"https:\/\/adexa.ee\/en\/wp-json\/wp\/v2\/types\/product"}],"wp:featuredmedia":[{"embeddable":true,"href":"https:\/\/adexa.ee\/en\/wp-json\/wp\/v2\/media\/33245"}],"wp:attachment":[{"href":"https:\/\/adexa.ee\/en\/wp-json\/wp\/v2\/media?parent=46228"}],"wp:term":[{"taxonomy":"product_brand","embeddable":true,"href":"https:\/\/adexa.ee\/en\/wp-json\/wp\/v2\/product_brand?post=46228"},{"taxonomy":"product_cat","embeddable":true,"href":"https:\/\/adexa.ee\/en\/wp-json\/wp\/v2\/product_cat?post=46228"},{"taxonomy":"product_tag","embeddable":true,"href":"https:\/\/adexa.ee\/en\/wp-json\/wp\/v2\/product_tag?post=46228"}],"curies":[{"name":"wp","href":"https:\/\/api.w.org\/{rel}","templated":true}]}}