{"id":46229,"date":"2026-03-11T13:25:02","date_gmt":"2026-03-11T11:25:02","guid":{"rendered":"https:\/\/adexa.ee\/?post_type=product&#038;p=46229"},"modified":"2026-03-11T13:28:55","modified_gmt":"2026-03-11T11:28:55","slug":"must-piirdepost-punase-sissetommatava-lindiga-2m-adexa-bbp01ar-leiunurk","status":"publish","type":"product","link":"https:\/\/adexa.ee\/en\/toode\/must-piirdepost-punase-sissetommatava-lindiga-2m-adexa-bbp01ar-leiunurk\/","title":{"rendered":"Must piirdepost punase sisset\u00f5mmatava lindiga 2m | Adexa BBP01AR &#8211; LEIUNURK"},"content":{"rendered":"<p>Korralda oma hotelli, \u00f6\u00f6klubi v\u00f5i kasiino sissep\u00e4\u00e4s lihtsalt selle vastupidava juhtpostiga. See post on loodud efektiivsuse silmas pidades, pakkudes lihtsat viisi tagada sisse- ja v\u00e4ljap\u00e4\u00e4sude ohutus ja kord. Selle voolujooneline disain s\u00e4\u00e4stab ruumi ja teeb postide hoiustamise lihtsaks, kui neid ei kasutata. See vastupidav juhtpost pakub usaldusv\u00e4\u00e4rset abi rahvahulga ohjeldamiseks turvaliste ja murevabade \u00fcrituste jaoks! See post on kergesti m\u00e4rgatav, et suunata kliente moodustama korrastatud j\u00e4rjekordi. Seda ei ole vaja kasutada ainult sisenemiskohal, see post sobib suurep\u00e4raselt ka kassade ja piletikassade j\u00e4rjekordadele. T\u00f5kestusposti v\u00f6\u00f6 ulatub kuni 2 meetrini ja t\u00f5mbub automaatselt tagasi, tagades et j\u00e4rjekorrad n\u00e4evad korralikud ja pingul v\u00e4lja. Kokku t\u00f5mmatav v\u00f6\u00f6 tagab, et j\u00e4rjekorrad saab kiiresti ja lihtsalt lahti v\u00f5tta, s\u00e4\u00e4stes sellega personali aega \u00fcrituse l\u00f5petamisel. T\u00f5mbev\u00f6\u00f6ga postid on eriti mugavad, kuna v\u00f6\u00f6d j\u00e4\u00e4vad postide k\u00fclge, mis t\u00e4hendab, et need ei l\u00e4he kaotsi ega v\u00f5ta lisaruumi kappides v\u00f5i ladudes. Klassikaline \u00fcmar \u00fclaosa pakub neljasuunalist kassetti kokkut\u00f5mmatavate v\u00f6\u00f6dega, mis pakuvad kiiret ja lihtsat \u00fclesseadmist, v\u00f5imaldades muuta inimeste liikumissuunda teie asutuses. Iga post on varustatud raskusp\u00f5hjaga, et v\u00e4ltida selle \u00fcmberkukkumist v\u00f5i libisemist, aidates seda paigal hoida kogu \u00fcrituse v\u00e4ltel. Materjal: Roostevaba teras K\u00f5rgus: 895 mm Toru l\u00e4bim\u00f5\u00f5t: 63 mm Toru paksus: 0.6 mm Aluse kate: SS201, 0.5 mm Aluse l\u00e4bim\u00f5\u00f5t: 320 mm Kaal: 5.92 kg V\u00f6\u00f6 pikkus: 2 meetrit<\/p>\n<table style=\"border-collapse: collapse; width: 100%; text-align: left;\">\n<tbody>\n<tr>\n<td style=\"border: 1px solid #ddd; padding: 8px; width: 45%;\">K\u00f5rgus<\/td>\n<td style=\"border: 1px solid #ddd; padding: 8px;\">895 mm<\/td>\n<\/tr>\n<tr>\n<td style=\"border: 1px solid #ddd; padding: 8px; width: 45%;\">Kaal<\/td>\n<td style=\"border: 1px solid #ddd; padding: 8px;\">6kg<\/td>\n<\/tr>\n<tr>\n<td style=\"border: 1px solid #ddd; padding: 8px; width: 45%;\">Garantii<\/td>\n<td style=\"border: 1px solid #ddd; padding: 8px;\">12 kuu varuosade garantii<\/td>\n<\/tr>\n<tr>\n<td style=\"border: 1px solid #ddd; padding: 8px; width: 45%;\">Materjal<\/td>\n<td style=\"border: 1px solid #ddd; padding: 8px;\">Roostevaba teras<\/td>\n<\/tr>\n<tr>\n<td style=\"border: 1px solid #ddd; padding: 8px; width: 45%;\">V\u00e4rv<\/td>\n<td style=\"border: 1px solid #ddd; padding: 8px;\">Must (post) \/ Punane (v\u00f6\u00f6)<\/td>\n<\/tr>\n<tr>\n<td style=\"border: 1px solid #ddd; padding: 8px; width: 45%;\">L\u00e4bim\u00f5\u00f5t<\/td>\n<td style=\"border: 1px solid #ddd; padding: 8px;\">320mm<\/td>\n<\/tr>\n<tr>\n<td style=\"border: 1px solid #ddd; padding: 8px; width: 45%;\">Pikkus<\/td>\n<td style=\"border: 1px solid #ddd; padding: 8px;\">2m (v\u00f6\u00f6)<\/td>\n<\/tr>\n<\/tbody>\n<\/table>\n","protected":false},"excerpt":{"rendered":"<p>Korralda oma hotelli, \u00f6\u00f6klubi v\u00f5i kasiino sissep\u00e4\u00e4s lihtsalt selle vastupidava juhtpostiga. See post on loodud efektiivsuse silmas pidades, pakkudes lihtsat<\/p>\n","protected":false},"featured_media":20236,"template":"","meta":[],"product_brand":[],"product_cat":[621,984,561],"product_tag":[],"class_list":{"0":"post-46229","1":"product","2":"type-product","3":"status-publish","4":"has-post-thumbnail","6":"product_cat-eralduspostid-ja-paelad","7":"product_cat-leiunurk","8":"product_cat-moobel-ja-hoiustamine","10":"first","11":"instock","12":"sale","13":"taxable","14":"shipping-taxable","15":"purchasable","16":"product-type-simple"},"yoast_head":"<!-- This site is optimized with the Yoast SEO plugin v27.3 - https:\/\/yoast.com\/product\/yoast-seo-wordpress\/ -->\n<title>Must piirdepost punase sisset\u00f5mmatava lindiga 2m | Adexa BBP01AR - LEIUNURK - Adexa \u2013 Suurk\u00f6\u00f6giseadmed restoranidele ja toitlustusele<\/title>\n<meta name=\"robots\" content=\"index, follow, max-snippet:-1, max-image-preview:large, max-video-preview:-1\" \/>\n<link rel=\"canonical\" href=\"https:\/\/adexa.ee\/toode\/must-piirdepost-punase-sissetommatava-lindiga-2m-adexa-bbp01ar-leiunurk\/\" \/>\n<meta property=\"og:locale\" content=\"en_US\" \/>\n<meta property=\"og:type\" content=\"article\" \/>\n<meta property=\"og:title\" content=\"Must piirdepost punase sisset\u00f5mmatava lindiga 2m | Adexa BBP01AR - LEIUNURK - Adexa \u2013 Suurk\u00f6\u00f6giseadmed restoranidele ja toitlustusele\" \/>\n<meta property=\"og:description\" content=\"Korralda oma hotelli, \u00f6\u00f6klubi v\u00f5i kasiino sissep\u00e4\u00e4s lihtsalt selle vastupidava juhtpostiga. See post on loodud efektiivsuse silmas pidades, pakkudes lihtsat\" \/>\n<meta property=\"og:url\" content=\"https:\/\/adexa.ee\/toode\/must-piirdepost-punase-sissetommatava-lindiga-2m-adexa-bbp01ar-leiunurk\/\" \/>\n<meta property=\"og:site_name\" content=\"Adexa \u2013 Suurk\u00f6\u00f6giseadmed restoranidele ja toitlustusele\" \/>\n<meta property=\"article:modified_time\" content=\"2026-03-11T11:28:55+00:00\" \/>\n<meta property=\"og:image\" content=\"https:\/\/adexa.ee\/wp-content\/uploads\/2024\/12\/BBP01AR.jpg\" \/>\n\t<meta property=\"og:image:width\" content=\"1500\" \/>\n\t<meta property=\"og:image:height\" content=\"1500\" \/>\n\t<meta property=\"og:image:type\" content=\"image\/jpeg\" \/>\n<meta name=\"twitter:card\" content=\"summary_large_image\" \/>\n<meta name=\"twitter:label1\" content=\"Est. reading time\" \/>\n\t<meta name=\"twitter:data1\" content=\"2 minutes\" \/>\n<script type=\"application\/ld+json\" class=\"yoast-schema-graph\">{\"@context\":\"https:\\\/\\\/schema.org\",\"@graph\":[{\"@type\":\"WebPage\",\"@id\":\"https:\\\/\\\/adexa.ee\\\/toode\\\/must-piirdepost-punase-sissetommatava-lindiga-2m-adexa-bbp01ar-leiunurk\\\/\",\"url\":\"https:\\\/\\\/adexa.ee\\\/toode\\\/must-piirdepost-punase-sissetommatava-lindiga-2m-adexa-bbp01ar-leiunurk\\\/\",\"name\":\"Must piirdepost punase sisset\u00f5mmatava lindiga 2m | Adexa BBP01AR - LEIUNURK - Adexa \u2013 Suurk\u00f6\u00f6giseadmed restoranidele ja toitlustusele\",\"isPartOf\":{\"@id\":\"https:\\\/\\\/adexa.ee\\\/#website\"},\"primaryImageOfPage\":{\"@id\":\"https:\\\/\\\/adexa.ee\\\/toode\\\/must-piirdepost-punase-sissetommatava-lindiga-2m-adexa-bbp01ar-leiunurk\\\/#primaryimage\"},\"image\":{\"@id\":\"https:\\\/\\\/adexa.ee\\\/toode\\\/must-piirdepost-punase-sissetommatava-lindiga-2m-adexa-bbp01ar-leiunurk\\\/#primaryimage\"},\"thumbnailUrl\":\"https:\\\/\\\/adexa.ee\\\/wp-content\\\/uploads\\\/2024\\\/12\\\/BBP01AR.jpg\",\"datePublished\":\"2026-03-11T11:25:02+00:00\",\"dateModified\":\"2026-03-11T11:28:55+00:00\",\"breadcrumb\":{\"@id\":\"https:\\\/\\\/adexa.ee\\\/toode\\\/must-piirdepost-punase-sissetommatava-lindiga-2m-adexa-bbp01ar-leiunurk\\\/#breadcrumb\"},\"inLanguage\":\"en-US\",\"potentialAction\":[{\"@type\":\"ReadAction\",\"target\":[\"https:\\\/\\\/adexa.ee\\\/toode\\\/must-piirdepost-punase-sissetommatava-lindiga-2m-adexa-bbp01ar-leiunurk\\\/\"]}]},{\"@type\":\"ImageObject\",\"inLanguage\":\"en-US\",\"@id\":\"https:\\\/\\\/adexa.ee\\\/toode\\\/must-piirdepost-punase-sissetommatava-lindiga-2m-adexa-bbp01ar-leiunurk\\\/#primaryimage\",\"url\":\"https:\\\/\\\/adexa.ee\\\/wp-content\\\/uploads\\\/2024\\\/12\\\/BBP01AR.jpg\",\"contentUrl\":\"https:\\\/\\\/adexa.ee\\\/wp-content\\\/uploads\\\/2024\\\/12\\\/BBP01AR.jpg\",\"width\":1500,\"height\":1500},{\"@type\":\"BreadcrumbList\",\"@id\":\"https:\\\/\\\/adexa.ee\\\/toode\\\/must-piirdepost-punase-sissetommatava-lindiga-2m-adexa-bbp01ar-leiunurk\\\/#breadcrumb\",\"itemListElement\":[{\"@type\":\"ListItem\",\"position\":1,\"name\":\"Home\",\"item\":\"https:\\\/\\\/adexa.ee\\\/\"},{\"@type\":\"ListItem\",\"position\":2,\"name\":\"Tooted\",\"item\":\"https:\\\/\\\/adexa.ee\\\/pood\\\/\"},{\"@type\":\"ListItem\",\"position\":3,\"name\":\"Must piirdepost punase sisset\u00f5mmatava lindiga 2m | Adexa BBP01AR &#8211; LEIUNURK\"}]},{\"@type\":\"WebSite\",\"@id\":\"https:\\\/\\\/adexa.ee\\\/#website\",\"url\":\"https:\\\/\\\/adexa.ee\\\/\",\"name\":\"Adexa\",\"description\":\"\",\"publisher\":{\"@id\":\"https:\\\/\\\/adexa.ee\\\/#organization\"},\"potentialAction\":[{\"@type\":\"SearchAction\",\"target\":{\"@type\":\"EntryPoint\",\"urlTemplate\":\"https:\\\/\\\/adexa.ee\\\/?s={search_term_string}\"},\"query-input\":{\"@type\":\"PropertyValueSpecification\",\"valueRequired\":true,\"valueName\":\"search_term_string\"}}],\"inLanguage\":\"en-US\"},{\"@type\":\"Organization\",\"@id\":\"https:\\\/\\\/adexa.ee\\\/#organization\",\"name\":\"Adexa\",\"url\":\"https:\\\/\\\/adexa.ee\\\/\",\"logo\":{\"@type\":\"ImageObject\",\"inLanguage\":\"en-US\",\"@id\":\"https:\\\/\\\/adexa.ee\\\/#\\\/schema\\\/logo\\\/image\\\/\",\"url\":\"https:\\\/\\\/adexa.ee\\\/wp-content\\\/uploads\\\/2024\\\/04\\\/chef-cooks-working-in-professional-kitchen-2023-11-27-05-07-39-utc-scaled.jpg\",\"contentUrl\":\"https:\\\/\\\/adexa.ee\\\/wp-content\\\/uploads\\\/2024\\\/04\\\/chef-cooks-working-in-professional-kitchen-2023-11-27-05-07-39-utc-scaled.jpg\",\"width\":2560,\"height\":1708,\"caption\":\"Adexa\"},\"image\":{\"@id\":\"https:\\\/\\\/adexa.ee\\\/#\\\/schema\\\/logo\\\/image\\\/\"}}]}<\/script>\n<!-- \/ Yoast SEO plugin. -->","yoast_head_json":{"title":"Must piirdepost punase sisset\u00f5mmatava lindiga 2m | Adexa BBP01AR - LEIUNURK - Adexa \u2013 Suurk\u00f6\u00f6giseadmed restoranidele ja toitlustusele","robots":{"index":"index","follow":"follow","max-snippet":"max-snippet:-1","max-image-preview":"max-image-preview:large","max-video-preview":"max-video-preview:-1"},"canonical":"https:\/\/adexa.ee\/toode\/must-piirdepost-punase-sissetommatava-lindiga-2m-adexa-bbp01ar-leiunurk\/","og_locale":"en_US","og_type":"article","og_title":"Must piirdepost punase sisset\u00f5mmatava lindiga 2m | Adexa BBP01AR - LEIUNURK - Adexa \u2013 Suurk\u00f6\u00f6giseadmed restoranidele ja toitlustusele","og_description":"Korralda oma hotelli, \u00f6\u00f6klubi v\u00f5i kasiino sissep\u00e4\u00e4s lihtsalt selle vastupidava juhtpostiga. See post on loodud efektiivsuse silmas pidades, pakkudes lihtsat","og_url":"https:\/\/adexa.ee\/toode\/must-piirdepost-punase-sissetommatava-lindiga-2m-adexa-bbp01ar-leiunurk\/","og_site_name":"Adexa \u2013 Suurk\u00f6\u00f6giseadmed restoranidele ja toitlustusele","article_modified_time":"2026-03-11T11:28:55+00:00","og_image":[{"width":1500,"height":1500,"url":"https:\/\/adexa.ee\/wp-content\/uploads\/2024\/12\/BBP01AR.jpg","type":"image\/jpeg"}],"twitter_card":"summary_large_image","twitter_misc":{"Est. reading time":"2 minutes"},"schema":{"@context":"https:\/\/schema.org","@graph":[{"@type":"WebPage","@id":"https:\/\/adexa.ee\/toode\/must-piirdepost-punase-sissetommatava-lindiga-2m-adexa-bbp01ar-leiunurk\/","url":"https:\/\/adexa.ee\/toode\/must-piirdepost-punase-sissetommatava-lindiga-2m-adexa-bbp01ar-leiunurk\/","name":"Must piirdepost punase sisset\u00f5mmatava lindiga 2m | Adexa BBP01AR - LEIUNURK - Adexa \u2013 Suurk\u00f6\u00f6giseadmed restoranidele ja toitlustusele","isPartOf":{"@id":"https:\/\/adexa.ee\/#website"},"primaryImageOfPage":{"@id":"https:\/\/adexa.ee\/toode\/must-piirdepost-punase-sissetommatava-lindiga-2m-adexa-bbp01ar-leiunurk\/#primaryimage"},"image":{"@id":"https:\/\/adexa.ee\/toode\/must-piirdepost-punase-sissetommatava-lindiga-2m-adexa-bbp01ar-leiunurk\/#primaryimage"},"thumbnailUrl":"https:\/\/adexa.ee\/wp-content\/uploads\/2024\/12\/BBP01AR.jpg","datePublished":"2026-03-11T11:25:02+00:00","dateModified":"2026-03-11T11:28:55+00:00","breadcrumb":{"@id":"https:\/\/adexa.ee\/toode\/must-piirdepost-punase-sissetommatava-lindiga-2m-adexa-bbp01ar-leiunurk\/#breadcrumb"},"inLanguage":"en-US","potentialAction":[{"@type":"ReadAction","target":["https:\/\/adexa.ee\/toode\/must-piirdepost-punase-sissetommatava-lindiga-2m-adexa-bbp01ar-leiunurk\/"]}]},{"@type":"ImageObject","inLanguage":"en-US","@id":"https:\/\/adexa.ee\/toode\/must-piirdepost-punase-sissetommatava-lindiga-2m-adexa-bbp01ar-leiunurk\/#primaryimage","url":"https:\/\/adexa.ee\/wp-content\/uploads\/2024\/12\/BBP01AR.jpg","contentUrl":"https:\/\/adexa.ee\/wp-content\/uploads\/2024\/12\/BBP01AR.jpg","width":1500,"height":1500},{"@type":"BreadcrumbList","@id":"https:\/\/adexa.ee\/toode\/must-piirdepost-punase-sissetommatava-lindiga-2m-adexa-bbp01ar-leiunurk\/#breadcrumb","itemListElement":[{"@type":"ListItem","position":1,"name":"Home","item":"https:\/\/adexa.ee\/"},{"@type":"ListItem","position":2,"name":"Tooted","item":"https:\/\/adexa.ee\/pood\/"},{"@type":"ListItem","position":3,"name":"Must piirdepost punase sisset\u00f5mmatava lindiga 2m | Adexa BBP01AR &#8211; LEIUNURK"}]},{"@type":"WebSite","@id":"https:\/\/adexa.ee\/#website","url":"https:\/\/adexa.ee\/","name":"Adexa","description":"","publisher":{"@id":"https:\/\/adexa.ee\/#organization"},"potentialAction":[{"@type":"SearchAction","target":{"@type":"EntryPoint","urlTemplate":"https:\/\/adexa.ee\/?s={search_term_string}"},"query-input":{"@type":"PropertyValueSpecification","valueRequired":true,"valueName":"search_term_string"}}],"inLanguage":"en-US"},{"@type":"Organization","@id":"https:\/\/adexa.ee\/#organization","name":"Adexa","url":"https:\/\/adexa.ee\/","logo":{"@type":"ImageObject","inLanguage":"en-US","@id":"https:\/\/adexa.ee\/#\/schema\/logo\/image\/","url":"https:\/\/adexa.ee\/wp-content\/uploads\/2024\/04\/chef-cooks-working-in-professional-kitchen-2023-11-27-05-07-39-utc-scaled.jpg","contentUrl":"https:\/\/adexa.ee\/wp-content\/uploads\/2024\/04\/chef-cooks-working-in-professional-kitchen-2023-11-27-05-07-39-utc-scaled.jpg","width":2560,"height":1708,"caption":"Adexa"},"image":{"@id":"https:\/\/adexa.ee\/#\/schema\/logo\/image\/"}}]}},"_links":{"self":[{"href":"https:\/\/adexa.ee\/en\/wp-json\/wp\/v2\/product\/46229","targetHints":{"allow":["GET"]}}],"collection":[{"href":"https:\/\/adexa.ee\/en\/wp-json\/wp\/v2\/product"}],"about":[{"href":"https:\/\/adexa.ee\/en\/wp-json\/wp\/v2\/types\/product"}],"wp:featuredmedia":[{"embeddable":true,"href":"https:\/\/adexa.ee\/en\/wp-json\/wp\/v2\/media\/20236"}],"wp:attachment":[{"href":"https:\/\/adexa.ee\/en\/wp-json\/wp\/v2\/media?parent=46229"}],"wp:term":[{"taxonomy":"product_brand","embeddable":true,"href":"https:\/\/adexa.ee\/en\/wp-json\/wp\/v2\/product_brand?post=46229"},{"taxonomy":"product_cat","embeddable":true,"href":"https:\/\/adexa.ee\/en\/wp-json\/wp\/v2\/product_cat?post=46229"},{"taxonomy":"product_tag","embeddable":true,"href":"https:\/\/adexa.ee\/en\/wp-json\/wp\/v2\/product_tag?post=46229"}],"curies":[{"name":"wp","href":"https:\/\/api.w.org\/{rel}","templated":true}]}}