{"id":46291,"date":"2026-03-31T08:55:46","date_gmt":"2026-03-31T05:55:46","guid":{"rendered":"https:\/\/adexa.ee\/toode\/600-liitrine-kaubanduslik-kulmik-roostevabast-terasest-pustkapp-uheukseline-gn2-1-ventileeritud-jahutus-adexa-r600v\/"},"modified":"2026-03-31T08:55:46","modified_gmt":"2026-03-31T05:55:46","slug":"600-liitrine-kaubanduslik-kulmik-roostevabast-terasest-pustkapp-uheukseline-gn2-1-ventileeritud-jahutus-adexa-r600v","status":"publish","type":"product","link":"https:\/\/adexa.ee\/en\/toode\/600-liitrine-kaubanduslik-kulmik-roostevabast-terasest-pustkapp-uheukseline-gn2-1-ventileeritud-jahutus-adexa-r600v\/","title":{"rendered":"600-liitrine Kaubanduslik K\u00fclmik Roostevabast Terasest P\u00fcstkapp \u00dcheukseline GN2\/1 Ventileeritud jahutus | Adexa R600V"},"content":{"rendered":"<p>\u00dcheukseline professionaalne p\u00fcstkapp-k\u00fclmik soodushinnaga m\u00fc\u00fcgil. See soodushinnaga k\u00fclmik on ideaalne t\u00e4iendus igale restoranile, hotellile, baarile, kohvikule v\u00f5i muule toitlustusettev\u00f5ttele. GN 2\/1 \u00fchilduv, 3 riiulit iga ukse kohta. V\u00e4lism\u00f5\u00f5tmed (LxSxK): 680 x 845 x 2000 mm. Sisem\u00f5\u00f5tmed (LxSxK): 560 x 680 x 1380 mm. Mahutavus: 537 liitrit. Temperatuur: 0\u00b0C kuni +8\u00b0C. Toiteallikas: 230V \/ 1N \/ 50Hz. Ventileeritud jahutus. Automaatse sulatamisega. CFC-vaba k\u00fclmaaine ja vaht. \u00dcmardatud sisemised servad lihtsaks puhastamiseks. Isolatsioon 60 mm paksune parema energiat\u00f5hususe saavutamiseks. Elektrooniline termostaat ja digitaalne LED temperatuuri n\u00e4idik t\u00e4pseks juhtimiseks ja lihtsaks lugemiseks. Ise sulguv uks. Magnettihendit saab vahetada ilma t\u00f6\u00f6riistadeta. K\u00fcttekeha on peidetud ukseraami sisse, et v\u00e4ltida kondenseerumist. Materjal (v\u00e4limine): Roostevaba teras AISI430. Materjal (sisemine): Reljeefne alumiinium. Rattad kaasas. Standardne UK pistik paigaldatud. Dokumendid: Kl\u00f5psake siin, et alla laadida kasutusjuhend. Kl\u00f5psake siin, et alla laadida tehniline joonis. Palun vaadake jaotist &#8220;Spetsifikatsioon&#8221; \u00fcksikasjaliku teabe saamiseks.<\/p>\n<table style=\"border-collapse: collapse; width: 100%; text-align: left;\">\n<tbody>\n<tr>\n<td style=\"border: 1px solid #ddd; padding: 8px; width: 45%;\"><strong>S\u00fcgavus<\/strong><\/td>\n<td style=\"border: 1px solid #ddd; padding: 8px;\">845 mm<\/td>\n<\/tr>\n<tr>\n<td style=\"border: 1px solid #ddd; padding: 8px; width: 45%;\"><strong>K\u00f5rgus<\/strong><\/td>\n<td style=\"border: 1px solid #ddd; padding: 8px;\">2000mm<\/td>\n<\/tr>\n<tr>\n<td style=\"border: 1px solid #ddd; padding: 8px; width: 45%;\"><strong>Laius<\/strong><\/td>\n<td style=\"border: 1px solid #ddd; padding: 8px;\">560mm<\/td>\n<\/tr>\n<tr>\n<td style=\"border: 1px solid #ddd; padding: 8px; width: 45%;\"><strong>Garantii<\/strong><\/td>\n<td style=\"border: 1px solid #ddd; padding: 8px;\">12 kuu varuosade garantii<\/td>\n<\/tr>\n<tr>\n<td style=\"border: 1px solid #ddd; padding: 8px; width: 45%;\"><strong>Mahutavus<\/strong><\/td>\n<td style=\"border: 1px solid #ddd; padding: 8px;\">537 liitrit<\/td>\n<\/tr>\n<tr>\n<td style=\"border: 1px solid #ddd; padding: 8px; width: 45%;\"><strong>Uksed \/ Sahtlid<\/strong><\/td>\n<td style=\"border: 1px solid #ddd; padding: 8px;\">1 uks<\/td>\n<\/tr>\n<tr>\n<td style=\"border: 1px solid #ddd; padding: 8px; width: 45%;\"><strong>Toiteallikas<\/strong><\/td>\n<td style=\"border: 1px solid #ddd; padding: 8px;\">230V \/ 1 faas<\/td>\n<\/tr>\n<tr>\n<td style=\"border: 1px solid #ddd; padding: 8px; width: 45%;\"><strong>Plaadi\/V\u00f5re suurus<\/strong><\/td>\n<td style=\"border: 1px solid #ddd; padding: 8px;\">GN2\/1<\/td>\n<\/tr>\n<tr>\n<td style=\"border: 1px solid #ddd; padding: 8px; width: 45%;\"><strong>Jahutamine<\/strong><\/td>\n<td style=\"border: 1px solid #ddd; padding: 8px;\">Ventileeritud<\/td>\n<\/tr>\n<tr>\n<td style=\"border: 1px solid #ddd; padding: 8px; width: 45%;\"><strong>Sulatamine<\/strong><\/td>\n<td style=\"border: 1px solid #ddd; padding: 8px;\">Automaatne<\/td>\n<\/tr>\n<tr>\n<td style=\"border: 1px solid #ddd; padding: 8px; width: 45%;\"><strong>K\u00fclmaaine<\/strong><\/td>\n<td style=\"border: 1px solid #ddd; padding: 8px;\">R290<\/td>\n<\/tr>\n<tr>\n<td style=\"border: 1px solid #ddd; padding: 8px; width: 45%;\"><strong>Temperatuur<\/strong><\/td>\n<td style=\"border: 1px solid #ddd; padding: 8px;\">+1 kuni +8\u00b0C<\/td>\n<\/tr>\n<tr>\n<td style=\"border: 1px solid #ddd; padding: 8px; width: 45%;\"><strong>Maksimaalne temperatuur (ruum)<\/strong><\/td>\n<td style=\"border: 1px solid #ddd; padding: 8px;\">+43\u00b0C<\/td>\n<\/tr>\n<tr>\n<td style=\"border: 1px solid #ddd; padding: 8px; width: 45%;\"><strong>Materjal (v\u00e4limine)<\/strong><\/td>\n<td style=\"border: 1px solid #ddd; padding: 8px;\">Roostevaba teras<\/td>\n<\/tr>\n<tr>\n<td style=\"border: 1px solid #ddd; padding: 8px; width: 45%;\"><strong>Siseisolatsioon<\/strong><\/td>\n<td style=\"border: 1px solid #ddd; padding: 8px;\">60mm<\/td>\n<\/tr>\n<\/tbody>\n<\/table>\n","protected":false},"excerpt":{"rendered":"<p>\u00dcheukseline professionaalne p\u00fcstkapp-k\u00fclmik soodushinnaga m\u00fc\u00fcgil. See soodushinnaga k\u00fclmik on ideaalne t\u00e4iendus igale restoranile, hotellile, baarile, kohvikule v\u00f5i muule toitlustusettev\u00f5ttele. GN<\/p>\n","protected":false},"featured_media":46292,"template":"","meta":[],"product_brand":[],"product_cat":[564,677,569],"product_tag":[],"class_list":{"0":"post-46291","1":"product","2":"type-product","3":"status-publish","4":"has-post-thumbnail","6":"product_cat-jahutusseadmed","7":"product_cat-kulmikud","8":"product_cat-lopumuuk","10":"first","11":"instock","12":"sale","13":"taxable","14":"shipping-taxable","15":"purchasable","16":"product-type-simple"},"yoast_head":"<!-- This site is optimized with the Yoast SEO plugin v27.3 - https:\/\/yoast.com\/product\/yoast-seo-wordpress\/ -->\n<title>600-liitrine Kaubanduslik K\u00fclmik Roostevabast Terasest P\u00fcstkapp \u00dcheukseline GN2\/1 Ventileeritud jahutus | Adexa R600V - Adexa \u2013 Suurk\u00f6\u00f6giseadmed restoranidele ja toitlustusele<\/title>\n<meta name=\"robots\" content=\"index, follow, max-snippet:-1, max-image-preview:large, max-video-preview:-1\" \/>\n<link rel=\"canonical\" href=\"https:\/\/adexa.ee\/toode\/600-liitrine-kaubanduslik-kulmik-roostevabast-terasest-pustkapp-uheukseline-gn2-1-ventileeritud-jahutus-adexa-r600v\/\" \/>\n<meta property=\"og:locale\" content=\"en_US\" \/>\n<meta property=\"og:type\" content=\"article\" \/>\n<meta property=\"og:title\" content=\"600-liitrine Kaubanduslik K\u00fclmik Roostevabast Terasest P\u00fcstkapp \u00dcheukseline GN2\/1 Ventileeritud jahutus | Adexa R600V - Adexa \u2013 Suurk\u00f6\u00f6giseadmed restoranidele ja toitlustusele\" \/>\n<meta property=\"og:description\" content=\"\u00dcheukseline professionaalne p\u00fcstkapp-k\u00fclmik soodushinnaga m\u00fc\u00fcgil. See soodushinnaga k\u00fclmik on ideaalne t\u00e4iendus igale restoranile, hotellile, baarile, kohvikule v\u00f5i muule toitlustusettev\u00f5ttele. GN\" \/>\n<meta property=\"og:url\" content=\"https:\/\/adexa.ee\/toode\/600-liitrine-kaubanduslik-kulmik-roostevabast-terasest-pustkapp-uheukseline-gn2-1-ventileeritud-jahutus-adexa-r600v\/\" \/>\n<meta property=\"og:site_name\" content=\"Adexa \u2013 Suurk\u00f6\u00f6giseadmed restoranidele ja toitlustusele\" \/>\n<meta property=\"og:image\" content=\"https:\/\/adexa.ee\/wp-content\/uploads\/2026\/03\/R600S.jpg\" \/>\n\t<meta property=\"og:image:width\" content=\"744\" \/>\n\t<meta property=\"og:image:height\" content=\"744\" \/>\n\t<meta property=\"og:image:type\" content=\"image\/jpeg\" \/>\n<meta name=\"twitter:card\" content=\"summary_large_image\" \/>\n<meta name=\"twitter:label1\" content=\"Est. reading time\" \/>\n\t<meta name=\"twitter:data1\" content=\"1 minute\" \/>\n<script type=\"application\/ld+json\" class=\"yoast-schema-graph\">{\"@context\":\"https:\\\/\\\/schema.org\",\"@graph\":[{\"@type\":\"WebPage\",\"@id\":\"https:\\\/\\\/adexa.ee\\\/toode\\\/600-liitrine-kaubanduslik-kulmik-roostevabast-terasest-pustkapp-uheukseline-gn2-1-ventileeritud-jahutus-adexa-r600v\\\/\",\"url\":\"https:\\\/\\\/adexa.ee\\\/toode\\\/600-liitrine-kaubanduslik-kulmik-roostevabast-terasest-pustkapp-uheukseline-gn2-1-ventileeritud-jahutus-adexa-r600v\\\/\",\"name\":\"600-liitrine Kaubanduslik K\u00fclmik Roostevabast Terasest P\u00fcstkapp \u00dcheukseline GN2\\\/1 Ventileeritud jahutus | Adexa R600V - Adexa \u2013 Suurk\u00f6\u00f6giseadmed restoranidele ja toitlustusele\",\"isPartOf\":{\"@id\":\"https:\\\/\\\/adexa.ee\\\/#website\"},\"primaryImageOfPage\":{\"@id\":\"https:\\\/\\\/adexa.ee\\\/toode\\\/600-liitrine-kaubanduslik-kulmik-roostevabast-terasest-pustkapp-uheukseline-gn2-1-ventileeritud-jahutus-adexa-r600v\\\/#primaryimage\"},\"image\":{\"@id\":\"https:\\\/\\\/adexa.ee\\\/toode\\\/600-liitrine-kaubanduslik-kulmik-roostevabast-terasest-pustkapp-uheukseline-gn2-1-ventileeritud-jahutus-adexa-r600v\\\/#primaryimage\"},\"thumbnailUrl\":\"https:\\\/\\\/adexa.ee\\\/wp-content\\\/uploads\\\/2026\\\/03\\\/R600S.jpg\",\"datePublished\":\"2026-03-31T05:55:46+00:00\",\"breadcrumb\":{\"@id\":\"https:\\\/\\\/adexa.ee\\\/toode\\\/600-liitrine-kaubanduslik-kulmik-roostevabast-terasest-pustkapp-uheukseline-gn2-1-ventileeritud-jahutus-adexa-r600v\\\/#breadcrumb\"},\"inLanguage\":\"en-US\",\"potentialAction\":[{\"@type\":\"ReadAction\",\"target\":[\"https:\\\/\\\/adexa.ee\\\/toode\\\/600-liitrine-kaubanduslik-kulmik-roostevabast-terasest-pustkapp-uheukseline-gn2-1-ventileeritud-jahutus-adexa-r600v\\\/\"]}]},{\"@type\":\"ImageObject\",\"inLanguage\":\"en-US\",\"@id\":\"https:\\\/\\\/adexa.ee\\\/toode\\\/600-liitrine-kaubanduslik-kulmik-roostevabast-terasest-pustkapp-uheukseline-gn2-1-ventileeritud-jahutus-adexa-r600v\\\/#primaryimage\",\"url\":\"https:\\\/\\\/adexa.ee\\\/wp-content\\\/uploads\\\/2026\\\/03\\\/R600S.jpg\",\"contentUrl\":\"https:\\\/\\\/adexa.ee\\\/wp-content\\\/uploads\\\/2026\\\/03\\\/R600S.jpg\",\"width\":744,\"height\":744},{\"@type\":\"BreadcrumbList\",\"@id\":\"https:\\\/\\\/adexa.ee\\\/toode\\\/600-liitrine-kaubanduslik-kulmik-roostevabast-terasest-pustkapp-uheukseline-gn2-1-ventileeritud-jahutus-adexa-r600v\\\/#breadcrumb\",\"itemListElement\":[{\"@type\":\"ListItem\",\"position\":1,\"name\":\"Home\",\"item\":\"https:\\\/\\\/adexa.ee\\\/\"},{\"@type\":\"ListItem\",\"position\":2,\"name\":\"Tooted\",\"item\":\"https:\\\/\\\/adexa.ee\\\/pood\\\/\"},{\"@type\":\"ListItem\",\"position\":3,\"name\":\"600-liitrine Kaubanduslik K\u00fclmik Roostevabast Terasest P\u00fcstkapp \u00dcheukseline GN2\\\/1 Ventileeritud jahutus | Adexa R600V\"}]},{\"@type\":\"WebSite\",\"@id\":\"https:\\\/\\\/adexa.ee\\\/#website\",\"url\":\"https:\\\/\\\/adexa.ee\\\/\",\"name\":\"Adexa\",\"description\":\"\",\"publisher\":{\"@id\":\"https:\\\/\\\/adexa.ee\\\/#organization\"},\"potentialAction\":[{\"@type\":\"SearchAction\",\"target\":{\"@type\":\"EntryPoint\",\"urlTemplate\":\"https:\\\/\\\/adexa.ee\\\/?s={search_term_string}\"},\"query-input\":{\"@type\":\"PropertyValueSpecification\",\"valueRequired\":true,\"valueName\":\"search_term_string\"}}],\"inLanguage\":\"en-US\"},{\"@type\":\"Organization\",\"@id\":\"https:\\\/\\\/adexa.ee\\\/#organization\",\"name\":\"Adexa\",\"url\":\"https:\\\/\\\/adexa.ee\\\/\",\"logo\":{\"@type\":\"ImageObject\",\"inLanguage\":\"en-US\",\"@id\":\"https:\\\/\\\/adexa.ee\\\/#\\\/schema\\\/logo\\\/image\\\/\",\"url\":\"https:\\\/\\\/adexa.ee\\\/wp-content\\\/uploads\\\/2024\\\/04\\\/chef-cooks-working-in-professional-kitchen-2023-11-27-05-07-39-utc-scaled.jpg\",\"contentUrl\":\"https:\\\/\\\/adexa.ee\\\/wp-content\\\/uploads\\\/2024\\\/04\\\/chef-cooks-working-in-professional-kitchen-2023-11-27-05-07-39-utc-scaled.jpg\",\"width\":2560,\"height\":1708,\"caption\":\"Adexa\"},\"image\":{\"@id\":\"https:\\\/\\\/adexa.ee\\\/#\\\/schema\\\/logo\\\/image\\\/\"}}]}<\/script>\n<!-- \/ Yoast SEO plugin. -->","yoast_head_json":{"title":"600-liitrine Kaubanduslik K\u00fclmik Roostevabast Terasest P\u00fcstkapp \u00dcheukseline GN2\/1 Ventileeritud jahutus | Adexa R600V - Adexa \u2013 Suurk\u00f6\u00f6giseadmed restoranidele ja toitlustusele","robots":{"index":"index","follow":"follow","max-snippet":"max-snippet:-1","max-image-preview":"max-image-preview:large","max-video-preview":"max-video-preview:-1"},"canonical":"https:\/\/adexa.ee\/toode\/600-liitrine-kaubanduslik-kulmik-roostevabast-terasest-pustkapp-uheukseline-gn2-1-ventileeritud-jahutus-adexa-r600v\/","og_locale":"en_US","og_type":"article","og_title":"600-liitrine Kaubanduslik K\u00fclmik Roostevabast Terasest P\u00fcstkapp \u00dcheukseline GN2\/1 Ventileeritud jahutus | Adexa R600V - Adexa \u2013 Suurk\u00f6\u00f6giseadmed restoranidele ja toitlustusele","og_description":"\u00dcheukseline professionaalne p\u00fcstkapp-k\u00fclmik soodushinnaga m\u00fc\u00fcgil. See soodushinnaga k\u00fclmik on ideaalne t\u00e4iendus igale restoranile, hotellile, baarile, kohvikule v\u00f5i muule toitlustusettev\u00f5ttele. GN","og_url":"https:\/\/adexa.ee\/toode\/600-liitrine-kaubanduslik-kulmik-roostevabast-terasest-pustkapp-uheukseline-gn2-1-ventileeritud-jahutus-adexa-r600v\/","og_site_name":"Adexa \u2013 Suurk\u00f6\u00f6giseadmed restoranidele ja toitlustusele","og_image":[{"width":744,"height":744,"url":"https:\/\/adexa.ee\/wp-content\/uploads\/2026\/03\/R600S.jpg","type":"image\/jpeg"}],"twitter_card":"summary_large_image","twitter_misc":{"Est. reading time":"1 minute"},"schema":{"@context":"https:\/\/schema.org","@graph":[{"@type":"WebPage","@id":"https:\/\/adexa.ee\/toode\/600-liitrine-kaubanduslik-kulmik-roostevabast-terasest-pustkapp-uheukseline-gn2-1-ventileeritud-jahutus-adexa-r600v\/","url":"https:\/\/adexa.ee\/toode\/600-liitrine-kaubanduslik-kulmik-roostevabast-terasest-pustkapp-uheukseline-gn2-1-ventileeritud-jahutus-adexa-r600v\/","name":"600-liitrine Kaubanduslik K\u00fclmik Roostevabast Terasest P\u00fcstkapp \u00dcheukseline GN2\/1 Ventileeritud jahutus | Adexa R600V - Adexa \u2013 Suurk\u00f6\u00f6giseadmed restoranidele ja toitlustusele","isPartOf":{"@id":"https:\/\/adexa.ee\/#website"},"primaryImageOfPage":{"@id":"https:\/\/adexa.ee\/toode\/600-liitrine-kaubanduslik-kulmik-roostevabast-terasest-pustkapp-uheukseline-gn2-1-ventileeritud-jahutus-adexa-r600v\/#primaryimage"},"image":{"@id":"https:\/\/adexa.ee\/toode\/600-liitrine-kaubanduslik-kulmik-roostevabast-terasest-pustkapp-uheukseline-gn2-1-ventileeritud-jahutus-adexa-r600v\/#primaryimage"},"thumbnailUrl":"https:\/\/adexa.ee\/wp-content\/uploads\/2026\/03\/R600S.jpg","datePublished":"2026-03-31T05:55:46+00:00","breadcrumb":{"@id":"https:\/\/adexa.ee\/toode\/600-liitrine-kaubanduslik-kulmik-roostevabast-terasest-pustkapp-uheukseline-gn2-1-ventileeritud-jahutus-adexa-r600v\/#breadcrumb"},"inLanguage":"en-US","potentialAction":[{"@type":"ReadAction","target":["https:\/\/adexa.ee\/toode\/600-liitrine-kaubanduslik-kulmik-roostevabast-terasest-pustkapp-uheukseline-gn2-1-ventileeritud-jahutus-adexa-r600v\/"]}]},{"@type":"ImageObject","inLanguage":"en-US","@id":"https:\/\/adexa.ee\/toode\/600-liitrine-kaubanduslik-kulmik-roostevabast-terasest-pustkapp-uheukseline-gn2-1-ventileeritud-jahutus-adexa-r600v\/#primaryimage","url":"https:\/\/adexa.ee\/wp-content\/uploads\/2026\/03\/R600S.jpg","contentUrl":"https:\/\/adexa.ee\/wp-content\/uploads\/2026\/03\/R600S.jpg","width":744,"height":744},{"@type":"BreadcrumbList","@id":"https:\/\/adexa.ee\/toode\/600-liitrine-kaubanduslik-kulmik-roostevabast-terasest-pustkapp-uheukseline-gn2-1-ventileeritud-jahutus-adexa-r600v\/#breadcrumb","itemListElement":[{"@type":"ListItem","position":1,"name":"Home","item":"https:\/\/adexa.ee\/"},{"@type":"ListItem","position":2,"name":"Tooted","item":"https:\/\/adexa.ee\/pood\/"},{"@type":"ListItem","position":3,"name":"600-liitrine Kaubanduslik K\u00fclmik Roostevabast Terasest P\u00fcstkapp \u00dcheukseline GN2\/1 Ventileeritud jahutus | Adexa R600V"}]},{"@type":"WebSite","@id":"https:\/\/adexa.ee\/#website","url":"https:\/\/adexa.ee\/","name":"Adexa","description":"","publisher":{"@id":"https:\/\/adexa.ee\/#organization"},"potentialAction":[{"@type":"SearchAction","target":{"@type":"EntryPoint","urlTemplate":"https:\/\/adexa.ee\/?s={search_term_string}"},"query-input":{"@type":"PropertyValueSpecification","valueRequired":true,"valueName":"search_term_string"}}],"inLanguage":"en-US"},{"@type":"Organization","@id":"https:\/\/adexa.ee\/#organization","name":"Adexa","url":"https:\/\/adexa.ee\/","logo":{"@type":"ImageObject","inLanguage":"en-US","@id":"https:\/\/adexa.ee\/#\/schema\/logo\/image\/","url":"https:\/\/adexa.ee\/wp-content\/uploads\/2024\/04\/chef-cooks-working-in-professional-kitchen-2023-11-27-05-07-39-utc-scaled.jpg","contentUrl":"https:\/\/adexa.ee\/wp-content\/uploads\/2024\/04\/chef-cooks-working-in-professional-kitchen-2023-11-27-05-07-39-utc-scaled.jpg","width":2560,"height":1708,"caption":"Adexa"},"image":{"@id":"https:\/\/adexa.ee\/#\/schema\/logo\/image\/"}}]}},"_links":{"self":[{"href":"https:\/\/adexa.ee\/en\/wp-json\/wp\/v2\/product\/46291","targetHints":{"allow":["GET"]}}],"collection":[{"href":"https:\/\/adexa.ee\/en\/wp-json\/wp\/v2\/product"}],"about":[{"href":"https:\/\/adexa.ee\/en\/wp-json\/wp\/v2\/types\/product"}],"wp:featuredmedia":[{"embeddable":true,"href":"https:\/\/adexa.ee\/en\/wp-json\/wp\/v2\/media\/46292"}],"wp:attachment":[{"href":"https:\/\/adexa.ee\/en\/wp-json\/wp\/v2\/media?parent=46291"}],"wp:term":[{"taxonomy":"product_brand","embeddable":true,"href":"https:\/\/adexa.ee\/en\/wp-json\/wp\/v2\/product_brand?post=46291"},{"taxonomy":"product_cat","embeddable":true,"href":"https:\/\/adexa.ee\/en\/wp-json\/wp\/v2\/product_cat?post=46291"},{"taxonomy":"product_tag","embeddable":true,"href":"https:\/\/adexa.ee\/en\/wp-json\/wp\/v2\/product_tag?post=46291"}],"curies":[{"name":"wp","href":"https:\/\/api.w.org\/{rel}","templated":true}]}}