{"id":46293,"date":"2026-03-28T14:45:41","date_gmt":"2026-03-28T12:45:41","guid":{"rendered":"https:\/\/adexa.ee\/toode\/600-liitrine-kaubanduslik-kulmik-roostevabast-terasest-pustkapp-uhe-klaasuksega-gn2-1-ventileeritud-jahutus-adexa-r600vglass\/"},"modified":"2026-03-28T14:45:41","modified_gmt":"2026-03-28T12:45:41","slug":"600-liitrine-kaubanduslik-kulmik-roostevabast-terasest-pustkapp-uhe-klaasuksega-gn2-1-ventileeritud-jahutus-adexa-r600vglass","status":"publish","type":"product","link":"https:\/\/adexa.ee\/en\/toode\/600-liitrine-kaubanduslik-kulmik-roostevabast-terasest-pustkapp-uhe-klaasuksega-gn2-1-ventileeritud-jahutus-adexa-r600vglass\/","title":{"rendered":"600-liitrine Kaubanduslik K\u00fclmik Roostevabast Terasest P\u00fcstkapp \u00dche klaasuksega GN2\/1 Ventileeritud jahutus | Adexa R600VGLASS"},"content":{"rendered":"<p>Premium-klassi kaubanduslik k\u00fclmik restoranidele, hotellidele ja teistele keskmise kuni suure suurusega toitlustusasutustele. Praegu suurep\u00e4rane sooduspakkumine. CFC-vaba k\u00fclmaaine ja vahtVentileeritud jahutus optimaalse \u00f5huringluse tagamiseksT\u00e4ielikult AISI 304 roostevabast terasest sise- ja v\u00e4liskonstruktsioon \u00fcmarate sisemiste servadega lihtsaks puhastamiseks60 mm isolatsiooni paksus parema energiat\u00f5hususe saavutamiseksAutomaatne sulatus ja kondensvee automaatne aurustamineElektrooniline termostaat ja digitaalne LED temperatuuri n\u00e4idik t\u00e4pseks juhtimiseks ja lihtsaks lugemiseksIse sulguv uksMagnettihendit saab vahetada ilma t\u00f6\u00f6riistadetaRiiulid ja riiulitoed on disainitud mahutama 2 x GN1\/1 aluseid v\u00f5i konteinereidRattad kaasasMahutavus: 600 liitritTemperatuur: 0\u00b0C kuni +8\u00b0C3 riiulitToiteallikas: 230V \/ 1N \/ 50HzStandardne UK pistik paigaldatudDokumendidKl\u00f5psake siin, et alla laadida kasutusjuhendKl\u00f5psake siin, et alla laadida energiam\u00e4rgis<\/p>\n<table style=\"border-collapse: collapse; width: 100%; text-align: left;\">\n<tbody>\n<tr>\n<td style=\"border: 1px solid #ddd; padding: 8px; width: 45%;\"><strong>S\u00fcgavus<\/strong><\/td>\n<td style=\"border: 1px solid #ddd; padding: 8px;\">810mm<\/td>\n<\/tr>\n<tr>\n<td style=\"border: 1px solid #ddd; padding: 8px; width: 45%;\"><strong>K\u00f5rgus<\/strong><\/td>\n<td style=\"border: 1px solid #ddd; padding: 8px;\">2010mm<\/td>\n<\/tr>\n<tr>\n<td style=\"border: 1px solid #ddd; padding: 8px; width: 45%;\"><strong>Laius<\/strong><\/td>\n<td style=\"border: 1px solid #ddd; padding: 8px;\">680 mm<\/td>\n<\/tr>\n<tr>\n<td style=\"border: 1px solid #ddd; padding: 8px; width: 45%;\"><strong>Kaal<\/strong><\/td>\n<td style=\"border: 1px solid #ddd; padding: 8px;\">90 kg<\/td>\n<\/tr>\n<tr>\n<td style=\"border: 1px solid #ddd; padding: 8px; width: 45%;\"><strong>Garantii<\/strong><\/td>\n<td style=\"border: 1px solid #ddd; padding: 8px;\">12 kuu varuosade garantii<\/td>\n<\/tr>\n<tr>\n<td style=\"border: 1px solid #ddd; padding: 8px; width: 45%;\"><strong>Mahutavus<\/strong><\/td>\n<td style=\"border: 1px solid #ddd; padding: 8px;\">600 liitrit<\/td>\n<\/tr>\n<tr>\n<td style=\"border: 1px solid #ddd; padding: 8px; width: 45%;\"><strong>Toiteallikas<\/strong><\/td>\n<td style=\"border: 1px solid #ddd; padding: 8px;\">230V \/ 1 faas<\/td>\n<\/tr>\n<tr>\n<td style=\"border: 1px solid #ddd; padding: 8px; width: 45%;\"><strong>Riiulid<\/strong><\/td>\n<td style=\"border: 1px solid #ddd; padding: 8px;\">3<\/td>\n<\/tr>\n<tr>\n<td style=\"border: 1px solid #ddd; padding: 8px; width: 45%;\"><strong>K\u00fclmaaine<\/strong><\/td>\n<td style=\"border: 1px solid #ddd; padding: 8px;\">R290<\/td>\n<\/tr>\n<tr>\n<td style=\"border: 1px solid #ddd; padding: 8px; width: 45%;\"><strong>Temperatuur<\/strong><\/td>\n<td style=\"border: 1px solid #ddd; padding: 8px;\">+1\u00b0C kuni +8\u00b0C<\/td>\n<\/tr>\n<\/tbody>\n<\/table>\n","protected":false},"excerpt":{"rendered":"<p>Premium-klassi kaubanduslik k\u00fclmik restoranidele, hotellidele ja teistele keskmise kuni suure suurusega toitlustusasutustele. Praegu suurep\u00e4rane sooduspakkumine. CFC-vaba k\u00fclmaaine ja vahtVentileeritud jahutus<\/p>\n","protected":false},"featured_media":10586,"template":"","meta":[],"product_brand":[],"product_cat":[564,765,677,904],"product_tag":[],"class_list":{"0":"post-46293","1":"product","2":"type-product","3":"status-publish","4":"has-post-thumbnail","6":"product_cat-jahutusseadmed","7":"product_cat-klaasustega-kulmikud","8":"product_cat-kulmikud","9":"product_cat-uhe-klaasist-uksega-kulmikud","11":"first","12":"instock","13":"sale","14":"taxable","15":"shipping-taxable","16":"purchasable","17":"product-type-simple"},"yoast_head":"<!-- This site is optimized with the Yoast SEO plugin v27.3 - https:\/\/yoast.com\/product\/yoast-seo-wordpress\/ -->\n<title>600-liitrine Kaubanduslik K\u00fclmik Roostevabast Terasest P\u00fcstkapp \u00dche klaasuksega GN2\/1 Ventileeritud jahutus | Adexa R600VGLASS - Adexa \u2013 Suurk\u00f6\u00f6giseadmed restoranidele ja toitlustusele<\/title>\n<meta name=\"robots\" content=\"index, follow, max-snippet:-1, max-image-preview:large, max-video-preview:-1\" \/>\n<link rel=\"canonical\" href=\"https:\/\/adexa.ee\/toode\/600-liitrine-kaubanduslik-kulmik-roostevabast-terasest-pustkapp-uhe-klaasuksega-gn2-1-ventileeritud-jahutus-adexa-r600vglass\/\" \/>\n<meta property=\"og:locale\" content=\"en_US\" \/>\n<meta property=\"og:type\" content=\"article\" \/>\n<meta property=\"og:title\" content=\"600-liitrine Kaubanduslik K\u00fclmik Roostevabast Terasest P\u00fcstkapp \u00dche klaasuksega GN2\/1 Ventileeritud jahutus | Adexa R600VGLASS - Adexa \u2013 Suurk\u00f6\u00f6giseadmed restoranidele ja toitlustusele\" \/>\n<meta property=\"og:description\" content=\"Premium-klassi kaubanduslik k\u00fclmik restoranidele, hotellidele ja teistele keskmise kuni suure suurusega toitlustusasutustele. Praegu suurep\u00e4rane sooduspakkumine. CFC-vaba k\u00fclmaaine ja vahtVentileeritud jahutus\" \/>\n<meta property=\"og:url\" content=\"https:\/\/adexa.ee\/toode\/600-liitrine-kaubanduslik-kulmik-roostevabast-terasest-pustkapp-uhe-klaasuksega-gn2-1-ventileeritud-jahutus-adexa-r600vglass\/\" \/>\n<meta property=\"og:site_name\" content=\"Adexa \u2013 Suurk\u00f6\u00f6giseadmed restoranidele ja toitlustusele\" \/>\n<meta property=\"og:image\" content=\"https:\/\/adexa.ee\/wp-content\/uploads\/2024\/12\/F650VGLASS.jpg\" \/>\n\t<meta property=\"og:image:width\" content=\"1500\" \/>\n\t<meta property=\"og:image:height\" content=\"1500\" \/>\n\t<meta property=\"og:image:type\" content=\"image\/jpeg\" \/>\n<meta name=\"twitter:card\" content=\"summary_large_image\" \/>\n<meta name=\"twitter:label1\" content=\"Est. reading time\" \/>\n\t<meta name=\"twitter:data1\" content=\"1 minute\" \/>\n<script type=\"application\/ld+json\" class=\"yoast-schema-graph\">{\"@context\":\"https:\\\/\\\/schema.org\",\"@graph\":[{\"@type\":\"WebPage\",\"@id\":\"https:\\\/\\\/adexa.ee\\\/toode\\\/600-liitrine-kaubanduslik-kulmik-roostevabast-terasest-pustkapp-uhe-klaasuksega-gn2-1-ventileeritud-jahutus-adexa-r600vglass\\\/\",\"url\":\"https:\\\/\\\/adexa.ee\\\/toode\\\/600-liitrine-kaubanduslik-kulmik-roostevabast-terasest-pustkapp-uhe-klaasuksega-gn2-1-ventileeritud-jahutus-adexa-r600vglass\\\/\",\"name\":\"600-liitrine Kaubanduslik K\u00fclmik Roostevabast Terasest P\u00fcstkapp \u00dche klaasuksega GN2\\\/1 Ventileeritud jahutus | Adexa R600VGLASS - Adexa \u2013 Suurk\u00f6\u00f6giseadmed restoranidele ja toitlustusele\",\"isPartOf\":{\"@id\":\"https:\\\/\\\/adexa.ee\\\/#website\"},\"primaryImageOfPage\":{\"@id\":\"https:\\\/\\\/adexa.ee\\\/toode\\\/600-liitrine-kaubanduslik-kulmik-roostevabast-terasest-pustkapp-uhe-klaasuksega-gn2-1-ventileeritud-jahutus-adexa-r600vglass\\\/#primaryimage\"},\"image\":{\"@id\":\"https:\\\/\\\/adexa.ee\\\/toode\\\/600-liitrine-kaubanduslik-kulmik-roostevabast-terasest-pustkapp-uhe-klaasuksega-gn2-1-ventileeritud-jahutus-adexa-r600vglass\\\/#primaryimage\"},\"thumbnailUrl\":\"https:\\\/\\\/adexa.ee\\\/wp-content\\\/uploads\\\/2024\\\/12\\\/F650VGLASS.jpg\",\"datePublished\":\"2026-03-28T12:45:41+00:00\",\"breadcrumb\":{\"@id\":\"https:\\\/\\\/adexa.ee\\\/toode\\\/600-liitrine-kaubanduslik-kulmik-roostevabast-terasest-pustkapp-uhe-klaasuksega-gn2-1-ventileeritud-jahutus-adexa-r600vglass\\\/#breadcrumb\"},\"inLanguage\":\"en-US\",\"potentialAction\":[{\"@type\":\"ReadAction\",\"target\":[\"https:\\\/\\\/adexa.ee\\\/toode\\\/600-liitrine-kaubanduslik-kulmik-roostevabast-terasest-pustkapp-uhe-klaasuksega-gn2-1-ventileeritud-jahutus-adexa-r600vglass\\\/\"]}]},{\"@type\":\"ImageObject\",\"inLanguage\":\"en-US\",\"@id\":\"https:\\\/\\\/adexa.ee\\\/toode\\\/600-liitrine-kaubanduslik-kulmik-roostevabast-terasest-pustkapp-uhe-klaasuksega-gn2-1-ventileeritud-jahutus-adexa-r600vglass\\\/#primaryimage\",\"url\":\"https:\\\/\\\/adexa.ee\\\/wp-content\\\/uploads\\\/2024\\\/12\\\/F650VGLASS.jpg\",\"contentUrl\":\"https:\\\/\\\/adexa.ee\\\/wp-content\\\/uploads\\\/2024\\\/12\\\/F650VGLASS.jpg\",\"width\":1500,\"height\":1500},{\"@type\":\"BreadcrumbList\",\"@id\":\"https:\\\/\\\/adexa.ee\\\/toode\\\/600-liitrine-kaubanduslik-kulmik-roostevabast-terasest-pustkapp-uhe-klaasuksega-gn2-1-ventileeritud-jahutus-adexa-r600vglass\\\/#breadcrumb\",\"itemListElement\":[{\"@type\":\"ListItem\",\"position\":1,\"name\":\"Home\",\"item\":\"https:\\\/\\\/adexa.ee\\\/\"},{\"@type\":\"ListItem\",\"position\":2,\"name\":\"Tooted\",\"item\":\"https:\\\/\\\/adexa.ee\\\/pood\\\/\"},{\"@type\":\"ListItem\",\"position\":3,\"name\":\"600-liitrine Kaubanduslik K\u00fclmik Roostevabast Terasest P\u00fcstkapp \u00dche klaasuksega GN2\\\/1 Ventileeritud jahutus | Adexa R600VGLASS\"}]},{\"@type\":\"WebSite\",\"@id\":\"https:\\\/\\\/adexa.ee\\\/#website\",\"url\":\"https:\\\/\\\/adexa.ee\\\/\",\"name\":\"Adexa\",\"description\":\"\",\"publisher\":{\"@id\":\"https:\\\/\\\/adexa.ee\\\/#organization\"},\"potentialAction\":[{\"@type\":\"SearchAction\",\"target\":{\"@type\":\"EntryPoint\",\"urlTemplate\":\"https:\\\/\\\/adexa.ee\\\/?s={search_term_string}\"},\"query-input\":{\"@type\":\"PropertyValueSpecification\",\"valueRequired\":true,\"valueName\":\"search_term_string\"}}],\"inLanguage\":\"en-US\"},{\"@type\":\"Organization\",\"@id\":\"https:\\\/\\\/adexa.ee\\\/#organization\",\"name\":\"Adexa\",\"url\":\"https:\\\/\\\/adexa.ee\\\/\",\"logo\":{\"@type\":\"ImageObject\",\"inLanguage\":\"en-US\",\"@id\":\"https:\\\/\\\/adexa.ee\\\/#\\\/schema\\\/logo\\\/image\\\/\",\"url\":\"https:\\\/\\\/adexa.ee\\\/wp-content\\\/uploads\\\/2024\\\/04\\\/chef-cooks-working-in-professional-kitchen-2023-11-27-05-07-39-utc-scaled.jpg\",\"contentUrl\":\"https:\\\/\\\/adexa.ee\\\/wp-content\\\/uploads\\\/2024\\\/04\\\/chef-cooks-working-in-professional-kitchen-2023-11-27-05-07-39-utc-scaled.jpg\",\"width\":2560,\"height\":1708,\"caption\":\"Adexa\"},\"image\":{\"@id\":\"https:\\\/\\\/adexa.ee\\\/#\\\/schema\\\/logo\\\/image\\\/\"}}]}<\/script>\n<!-- \/ Yoast SEO plugin. -->","yoast_head_json":{"title":"600-liitrine Kaubanduslik K\u00fclmik Roostevabast Terasest P\u00fcstkapp \u00dche klaasuksega GN2\/1 Ventileeritud jahutus | Adexa R600VGLASS - Adexa \u2013 Suurk\u00f6\u00f6giseadmed restoranidele ja toitlustusele","robots":{"index":"index","follow":"follow","max-snippet":"max-snippet:-1","max-image-preview":"max-image-preview:large","max-video-preview":"max-video-preview:-1"},"canonical":"https:\/\/adexa.ee\/toode\/600-liitrine-kaubanduslik-kulmik-roostevabast-terasest-pustkapp-uhe-klaasuksega-gn2-1-ventileeritud-jahutus-adexa-r600vglass\/","og_locale":"en_US","og_type":"article","og_title":"600-liitrine Kaubanduslik K\u00fclmik Roostevabast Terasest P\u00fcstkapp \u00dche klaasuksega GN2\/1 Ventileeritud jahutus | Adexa R600VGLASS - Adexa \u2013 Suurk\u00f6\u00f6giseadmed restoranidele ja toitlustusele","og_description":"Premium-klassi kaubanduslik k\u00fclmik restoranidele, hotellidele ja teistele keskmise kuni suure suurusega toitlustusasutustele. Praegu suurep\u00e4rane sooduspakkumine. CFC-vaba k\u00fclmaaine ja vahtVentileeritud jahutus","og_url":"https:\/\/adexa.ee\/toode\/600-liitrine-kaubanduslik-kulmik-roostevabast-terasest-pustkapp-uhe-klaasuksega-gn2-1-ventileeritud-jahutus-adexa-r600vglass\/","og_site_name":"Adexa \u2013 Suurk\u00f6\u00f6giseadmed restoranidele ja toitlustusele","og_image":[{"width":1500,"height":1500,"url":"https:\/\/adexa.ee\/wp-content\/uploads\/2024\/12\/F650VGLASS.jpg","type":"image\/jpeg"}],"twitter_card":"summary_large_image","twitter_misc":{"Est. reading time":"1 minute"},"schema":{"@context":"https:\/\/schema.org","@graph":[{"@type":"WebPage","@id":"https:\/\/adexa.ee\/toode\/600-liitrine-kaubanduslik-kulmik-roostevabast-terasest-pustkapp-uhe-klaasuksega-gn2-1-ventileeritud-jahutus-adexa-r600vglass\/","url":"https:\/\/adexa.ee\/toode\/600-liitrine-kaubanduslik-kulmik-roostevabast-terasest-pustkapp-uhe-klaasuksega-gn2-1-ventileeritud-jahutus-adexa-r600vglass\/","name":"600-liitrine Kaubanduslik K\u00fclmik Roostevabast Terasest P\u00fcstkapp \u00dche klaasuksega GN2\/1 Ventileeritud jahutus | Adexa R600VGLASS - Adexa \u2013 Suurk\u00f6\u00f6giseadmed restoranidele ja toitlustusele","isPartOf":{"@id":"https:\/\/adexa.ee\/#website"},"primaryImageOfPage":{"@id":"https:\/\/adexa.ee\/toode\/600-liitrine-kaubanduslik-kulmik-roostevabast-terasest-pustkapp-uhe-klaasuksega-gn2-1-ventileeritud-jahutus-adexa-r600vglass\/#primaryimage"},"image":{"@id":"https:\/\/adexa.ee\/toode\/600-liitrine-kaubanduslik-kulmik-roostevabast-terasest-pustkapp-uhe-klaasuksega-gn2-1-ventileeritud-jahutus-adexa-r600vglass\/#primaryimage"},"thumbnailUrl":"https:\/\/adexa.ee\/wp-content\/uploads\/2024\/12\/F650VGLASS.jpg","datePublished":"2026-03-28T12:45:41+00:00","breadcrumb":{"@id":"https:\/\/adexa.ee\/toode\/600-liitrine-kaubanduslik-kulmik-roostevabast-terasest-pustkapp-uhe-klaasuksega-gn2-1-ventileeritud-jahutus-adexa-r600vglass\/#breadcrumb"},"inLanguage":"en-US","potentialAction":[{"@type":"ReadAction","target":["https:\/\/adexa.ee\/toode\/600-liitrine-kaubanduslik-kulmik-roostevabast-terasest-pustkapp-uhe-klaasuksega-gn2-1-ventileeritud-jahutus-adexa-r600vglass\/"]}]},{"@type":"ImageObject","inLanguage":"en-US","@id":"https:\/\/adexa.ee\/toode\/600-liitrine-kaubanduslik-kulmik-roostevabast-terasest-pustkapp-uhe-klaasuksega-gn2-1-ventileeritud-jahutus-adexa-r600vglass\/#primaryimage","url":"https:\/\/adexa.ee\/wp-content\/uploads\/2024\/12\/F650VGLASS.jpg","contentUrl":"https:\/\/adexa.ee\/wp-content\/uploads\/2024\/12\/F650VGLASS.jpg","width":1500,"height":1500},{"@type":"BreadcrumbList","@id":"https:\/\/adexa.ee\/toode\/600-liitrine-kaubanduslik-kulmik-roostevabast-terasest-pustkapp-uhe-klaasuksega-gn2-1-ventileeritud-jahutus-adexa-r600vglass\/#breadcrumb","itemListElement":[{"@type":"ListItem","position":1,"name":"Home","item":"https:\/\/adexa.ee\/"},{"@type":"ListItem","position":2,"name":"Tooted","item":"https:\/\/adexa.ee\/pood\/"},{"@type":"ListItem","position":3,"name":"600-liitrine Kaubanduslik K\u00fclmik Roostevabast Terasest P\u00fcstkapp \u00dche klaasuksega GN2\/1 Ventileeritud jahutus | Adexa R600VGLASS"}]},{"@type":"WebSite","@id":"https:\/\/adexa.ee\/#website","url":"https:\/\/adexa.ee\/","name":"Adexa","description":"","publisher":{"@id":"https:\/\/adexa.ee\/#organization"},"potentialAction":[{"@type":"SearchAction","target":{"@type":"EntryPoint","urlTemplate":"https:\/\/adexa.ee\/?s={search_term_string}"},"query-input":{"@type":"PropertyValueSpecification","valueRequired":true,"valueName":"search_term_string"}}],"inLanguage":"en-US"},{"@type":"Organization","@id":"https:\/\/adexa.ee\/#organization","name":"Adexa","url":"https:\/\/adexa.ee\/","logo":{"@type":"ImageObject","inLanguage":"en-US","@id":"https:\/\/adexa.ee\/#\/schema\/logo\/image\/","url":"https:\/\/adexa.ee\/wp-content\/uploads\/2024\/04\/chef-cooks-working-in-professional-kitchen-2023-11-27-05-07-39-utc-scaled.jpg","contentUrl":"https:\/\/adexa.ee\/wp-content\/uploads\/2024\/04\/chef-cooks-working-in-professional-kitchen-2023-11-27-05-07-39-utc-scaled.jpg","width":2560,"height":1708,"caption":"Adexa"},"image":{"@id":"https:\/\/adexa.ee\/#\/schema\/logo\/image\/"}}]}},"_links":{"self":[{"href":"https:\/\/adexa.ee\/en\/wp-json\/wp\/v2\/product\/46293","targetHints":{"allow":["GET"]}}],"collection":[{"href":"https:\/\/adexa.ee\/en\/wp-json\/wp\/v2\/product"}],"about":[{"href":"https:\/\/adexa.ee\/en\/wp-json\/wp\/v2\/types\/product"}],"wp:featuredmedia":[{"embeddable":true,"href":"https:\/\/adexa.ee\/en\/wp-json\/wp\/v2\/media\/10586"}],"wp:attachment":[{"href":"https:\/\/adexa.ee\/en\/wp-json\/wp\/v2\/media?parent=46293"}],"wp:term":[{"taxonomy":"product_brand","embeddable":true,"href":"https:\/\/adexa.ee\/en\/wp-json\/wp\/v2\/product_brand?post=46293"},{"taxonomy":"product_cat","embeddable":true,"href":"https:\/\/adexa.ee\/en\/wp-json\/wp\/v2\/product_cat?post=46293"},{"taxonomy":"product_tag","embeddable":true,"href":"https:\/\/adexa.ee\/en\/wp-json\/wp\/v2\/product_tag?post=46293"}],"curies":[{"name":"wp","href":"https:\/\/api.w.org\/{rel}","templated":true}]}}