{"id":46317,"date":"2026-03-26T19:55:57","date_gmt":"2026-03-26T17:55:57","guid":{"rendered":"https:\/\/adexa.ee\/toode\/tugev-kahepoolne-panini-kontaktgrill-kahetsooniline-3-6kw-ribitud-tasane-pealispind-adexa-mlp813b\/"},"modified":"2026-03-26T19:55:57","modified_gmt":"2026-03-26T17:55:57","slug":"tugev-kahepoolne-panini-kontaktgrill-kahetsooniline-3-6kw-ribitud-tasane-pealispind-adexa-mlp813b","status":"publish","type":"product","link":"https:\/\/adexa.ee\/en\/toode\/tugev-kahepoolne-panini-kontaktgrill-kahetsooniline-3-6kw-ribitud-tasane-pealispind-adexa-mlp813b\/","title":{"rendered":"Tugev Kahepoolne Panini Kontaktgrill Kahetsooniline 3.6kW Ribitud\/Tasane pealispind | Adexa MLP813B"},"content":{"rendered":"<p>T\u00e4issuuruses kahekordne panini kontaktgrill, millel on lai valik professionaalseid toitlustusv\u00f5imalusi. Ideaalne kontaktgrill igale professionaalsele restoranile, kohvikule, baarile, v\u00f5ileivapoele v\u00f5i hotellile. \u00dcksikasjaliku teabe saamiseks vaadake jaotist &#8220;Spetsifikatsioon&#8221;.<\/p>\n<table style=\"border-collapse: collapse; width: 100%; text-align: left;\">\n<tbody>\n<tr>\n<td style=\"border: 1px solid #ddd; padding: 8px; width: 45%;\"><strong>S\u00fcgavus<\/strong><\/td>\n<td style=\"border: 1px solid #ddd; padding: 8px;\">370mm<\/td>\n<\/tr>\n<tr>\n<td style=\"border: 1px solid #ddd; padding: 8px; width: 45%;\"><strong>K\u00f5rgus<\/strong><\/td>\n<td style=\"border: 1px solid #ddd; padding: 8px;\">190mm<\/td>\n<\/tr>\n<tr>\n<td style=\"border: 1px solid #ddd; padding: 8px; width: 45%;\"><strong>Laius<\/strong><\/td>\n<td style=\"border: 1px solid #ddd; padding: 8px;\">565 mm<\/td>\n<\/tr>\n<tr>\n<td style=\"border: 1px solid #ddd; padding: 8px; width: 45%;\"><strong>Garantii<\/strong><\/td>\n<td style=\"border: 1px solid #ddd; padding: 8px;\">12 kuu varuosade garantii<\/td>\n<\/tr>\n<tr>\n<td style=\"border: 1px solid #ddd; padding: 8px; width: 45%;\"><strong>Versioon<\/strong><\/td>\n<td style=\"border: 1px solid #ddd; padding: 8px;\">Poolribiline \u00fclaosa \/ Ribiline alaosa &#038; Pooltasane \u00fclaosa \/ Tasane alaosa<\/td>\n<\/tr>\n<tr>\n<td style=\"border: 1px solid #ddd; padding: 8px; width: 45%;\"><strong>Toiteallikas<\/strong><\/td>\n<td style=\"border: 1px solid #ddd; padding: 8px;\">230V \/ 1 faas<\/td>\n<\/tr>\n<tr>\n<td style=\"border: 1px solid #ddd; padding: 8px; width: 45%;\"><strong>V\u00f5imsus<\/strong><\/td>\n<td style=\"border: 1px solid #ddd; padding: 8px;\">3600W<\/td>\n<\/tr>\n<tr>\n<td style=\"border: 1px solid #ddd; padding: 8px; width: 45%;\"><strong>Temperatuur<\/strong><\/td>\n<td style=\"border: 1px solid #ddd; padding: 8px;\">+50\u00b0C kuni +300\u00b0C<\/td>\n<\/tr>\n<tr>\n<td style=\"border: 1px solid #ddd; padding: 8px; width: 45%;\"><strong>Materjal (keetmisala)<\/strong><\/td>\n<td style=\"border: 1px solid #ddd; padding: 8px;\">K\u00f5va emailiga kaetud malm<\/td>\n<\/tr>\n<\/tbody>\n<\/table>\n","protected":false},"excerpt":{"rendered":"<p>T\u00e4issuuruses kahekordne panini kontaktgrill, millel on lai valik professionaalseid toitlustusv\u00f5imalusi. Ideaalne kontaktgrill igale professionaalsele restoranile, kohvikule, baarile, v\u00f5ileivapoele v\u00f5i hotellile.<\/p>\n","protected":false},"featured_media":46318,"template":"","meta":[],"product_brand":[],"product_cat":[557,728],"product_tag":[],"class_list":{"0":"post-46317","1":"product","2":"type-product","3":"status-publish","4":"has-post-thumbnail","6":"product_cat-kupsetusseadmed","7":"product_cat-panini-kontaktgrillid","9":"first","10":"instock","11":"sale","12":"taxable","13":"shipping-taxable","14":"purchasable","15":"product-type-simple"},"yoast_head":"<!-- This site is optimized with the Yoast SEO plugin v27.3 - https:\/\/yoast.com\/product\/yoast-seo-wordpress\/ -->\n<title>Tugev Kahepoolne Panini Kontaktgrill Kahetsooniline 3.6kW Ribitud\/Tasane pealispind | Adexa MLP813B - Adexa \u2013 Suurk\u00f6\u00f6giseadmed restoranidele ja toitlustusele<\/title>\n<meta name=\"robots\" content=\"index, follow, max-snippet:-1, max-image-preview:large, max-video-preview:-1\" \/>\n<link rel=\"canonical\" href=\"https:\/\/adexa.ee\/toode\/tugev-kahepoolne-panini-kontaktgrill-kahetsooniline-3-6kw-ribitud-tasane-pealispind-adexa-mlp813b\/\" \/>\n<meta property=\"og:locale\" content=\"en_US\" \/>\n<meta property=\"og:type\" content=\"article\" \/>\n<meta property=\"og:title\" content=\"Tugev Kahepoolne Panini Kontaktgrill Kahetsooniline 3.6kW Ribitud\/Tasane pealispind | Adexa MLP813B - Adexa \u2013 Suurk\u00f6\u00f6giseadmed restoranidele ja toitlustusele\" \/>\n<meta property=\"og:description\" content=\"T\u00e4issuuruses kahekordne panini kontaktgrill, millel on lai valik professionaalseid toitlustusv\u00f5imalusi. Ideaalne kontaktgrill igale professionaalsele restoranile, kohvikule, baarile, v\u00f5ileivapoele v\u00f5i hotellile.\" \/>\n<meta property=\"og:url\" content=\"https:\/\/adexa.ee\/toode\/tugev-kahepoolne-panini-kontaktgrill-kahetsooniline-3-6kw-ribitud-tasane-pealispind-adexa-mlp813b\/\" \/>\n<meta property=\"og:site_name\" content=\"Adexa \u2013 Suurk\u00f6\u00f6giseadmed restoranidele ja toitlustusele\" \/>\n<meta property=\"og:image\" content=\"https:\/\/adexa.ee\/wp-content\/uploads\/2026\/03\/MLP813B.jpg\" \/>\n\t<meta property=\"og:image:width\" content=\"1376\" \/>\n\t<meta property=\"og:image:height\" content=\"1376\" \/>\n\t<meta property=\"og:image:type\" content=\"image\/jpeg\" \/>\n<meta name=\"twitter:card\" content=\"summary_large_image\" \/>\n<script type=\"application\/ld+json\" class=\"yoast-schema-graph\">{\"@context\":\"https:\\\/\\\/schema.org\",\"@graph\":[{\"@type\":\"WebPage\",\"@id\":\"https:\\\/\\\/adexa.ee\\\/toode\\\/tugev-kahepoolne-panini-kontaktgrill-kahetsooniline-3-6kw-ribitud-tasane-pealispind-adexa-mlp813b\\\/\",\"url\":\"https:\\\/\\\/adexa.ee\\\/toode\\\/tugev-kahepoolne-panini-kontaktgrill-kahetsooniline-3-6kw-ribitud-tasane-pealispind-adexa-mlp813b\\\/\",\"name\":\"Tugev Kahepoolne Panini Kontaktgrill Kahetsooniline 3.6kW Ribitud\\\/Tasane pealispind | Adexa MLP813B - Adexa \u2013 Suurk\u00f6\u00f6giseadmed restoranidele ja toitlustusele\",\"isPartOf\":{\"@id\":\"https:\\\/\\\/adexa.ee\\\/#website\"},\"primaryImageOfPage\":{\"@id\":\"https:\\\/\\\/adexa.ee\\\/toode\\\/tugev-kahepoolne-panini-kontaktgrill-kahetsooniline-3-6kw-ribitud-tasane-pealispind-adexa-mlp813b\\\/#primaryimage\"},\"image\":{\"@id\":\"https:\\\/\\\/adexa.ee\\\/toode\\\/tugev-kahepoolne-panini-kontaktgrill-kahetsooniline-3-6kw-ribitud-tasane-pealispind-adexa-mlp813b\\\/#primaryimage\"},\"thumbnailUrl\":\"https:\\\/\\\/adexa.ee\\\/wp-content\\\/uploads\\\/2026\\\/03\\\/MLP813B.jpg\",\"datePublished\":\"2026-03-26T17:55:57+00:00\",\"breadcrumb\":{\"@id\":\"https:\\\/\\\/adexa.ee\\\/toode\\\/tugev-kahepoolne-panini-kontaktgrill-kahetsooniline-3-6kw-ribitud-tasane-pealispind-adexa-mlp813b\\\/#breadcrumb\"},\"inLanguage\":\"en-US\",\"potentialAction\":[{\"@type\":\"ReadAction\",\"target\":[\"https:\\\/\\\/adexa.ee\\\/toode\\\/tugev-kahepoolne-panini-kontaktgrill-kahetsooniline-3-6kw-ribitud-tasane-pealispind-adexa-mlp813b\\\/\"]}]},{\"@type\":\"ImageObject\",\"inLanguage\":\"en-US\",\"@id\":\"https:\\\/\\\/adexa.ee\\\/toode\\\/tugev-kahepoolne-panini-kontaktgrill-kahetsooniline-3-6kw-ribitud-tasane-pealispind-adexa-mlp813b\\\/#primaryimage\",\"url\":\"https:\\\/\\\/adexa.ee\\\/wp-content\\\/uploads\\\/2026\\\/03\\\/MLP813B.jpg\",\"contentUrl\":\"https:\\\/\\\/adexa.ee\\\/wp-content\\\/uploads\\\/2026\\\/03\\\/MLP813B.jpg\",\"width\":1376,\"height\":1376},{\"@type\":\"BreadcrumbList\",\"@id\":\"https:\\\/\\\/adexa.ee\\\/toode\\\/tugev-kahepoolne-panini-kontaktgrill-kahetsooniline-3-6kw-ribitud-tasane-pealispind-adexa-mlp813b\\\/#breadcrumb\",\"itemListElement\":[{\"@type\":\"ListItem\",\"position\":1,\"name\":\"Home\",\"item\":\"https:\\\/\\\/adexa.ee\\\/\"},{\"@type\":\"ListItem\",\"position\":2,\"name\":\"Tooted\",\"item\":\"https:\\\/\\\/adexa.ee\\\/pood\\\/\"},{\"@type\":\"ListItem\",\"position\":3,\"name\":\"Tugev Kahepoolne Panini Kontaktgrill Kahetsooniline 3.6kW Ribitud\\\/Tasane pealispind | Adexa MLP813B\"}]},{\"@type\":\"WebSite\",\"@id\":\"https:\\\/\\\/adexa.ee\\\/#website\",\"url\":\"https:\\\/\\\/adexa.ee\\\/\",\"name\":\"Adexa\",\"description\":\"\",\"publisher\":{\"@id\":\"https:\\\/\\\/adexa.ee\\\/#organization\"},\"potentialAction\":[{\"@type\":\"SearchAction\",\"target\":{\"@type\":\"EntryPoint\",\"urlTemplate\":\"https:\\\/\\\/adexa.ee\\\/?s={search_term_string}\"},\"query-input\":{\"@type\":\"PropertyValueSpecification\",\"valueRequired\":true,\"valueName\":\"search_term_string\"}}],\"inLanguage\":\"en-US\"},{\"@type\":\"Organization\",\"@id\":\"https:\\\/\\\/adexa.ee\\\/#organization\",\"name\":\"Adexa\",\"url\":\"https:\\\/\\\/adexa.ee\\\/\",\"logo\":{\"@type\":\"ImageObject\",\"inLanguage\":\"en-US\",\"@id\":\"https:\\\/\\\/adexa.ee\\\/#\\\/schema\\\/logo\\\/image\\\/\",\"url\":\"https:\\\/\\\/adexa.ee\\\/wp-content\\\/uploads\\\/2024\\\/04\\\/chef-cooks-working-in-professional-kitchen-2023-11-27-05-07-39-utc-scaled.jpg\",\"contentUrl\":\"https:\\\/\\\/adexa.ee\\\/wp-content\\\/uploads\\\/2024\\\/04\\\/chef-cooks-working-in-professional-kitchen-2023-11-27-05-07-39-utc-scaled.jpg\",\"width\":2560,\"height\":1708,\"caption\":\"Adexa\"},\"image\":{\"@id\":\"https:\\\/\\\/adexa.ee\\\/#\\\/schema\\\/logo\\\/image\\\/\"}}]}<\/script>\n<!-- \/ Yoast SEO plugin. -->","yoast_head_json":{"title":"Tugev Kahepoolne Panini Kontaktgrill Kahetsooniline 3.6kW Ribitud\/Tasane pealispind | Adexa MLP813B - Adexa \u2013 Suurk\u00f6\u00f6giseadmed restoranidele ja toitlustusele","robots":{"index":"index","follow":"follow","max-snippet":"max-snippet:-1","max-image-preview":"max-image-preview:large","max-video-preview":"max-video-preview:-1"},"canonical":"https:\/\/adexa.ee\/toode\/tugev-kahepoolne-panini-kontaktgrill-kahetsooniline-3-6kw-ribitud-tasane-pealispind-adexa-mlp813b\/","og_locale":"en_US","og_type":"article","og_title":"Tugev Kahepoolne Panini Kontaktgrill Kahetsooniline 3.6kW Ribitud\/Tasane pealispind | Adexa MLP813B - Adexa \u2013 Suurk\u00f6\u00f6giseadmed restoranidele ja toitlustusele","og_description":"T\u00e4issuuruses kahekordne panini kontaktgrill, millel on lai valik professionaalseid toitlustusv\u00f5imalusi. Ideaalne kontaktgrill igale professionaalsele restoranile, kohvikule, baarile, v\u00f5ileivapoele v\u00f5i hotellile.","og_url":"https:\/\/adexa.ee\/toode\/tugev-kahepoolne-panini-kontaktgrill-kahetsooniline-3-6kw-ribitud-tasane-pealispind-adexa-mlp813b\/","og_site_name":"Adexa \u2013 Suurk\u00f6\u00f6giseadmed restoranidele ja toitlustusele","og_image":[{"width":1376,"height":1376,"url":"https:\/\/adexa.ee\/wp-content\/uploads\/2026\/03\/MLP813B.jpg","type":"image\/jpeg"}],"twitter_card":"summary_large_image","schema":{"@context":"https:\/\/schema.org","@graph":[{"@type":"WebPage","@id":"https:\/\/adexa.ee\/toode\/tugev-kahepoolne-panini-kontaktgrill-kahetsooniline-3-6kw-ribitud-tasane-pealispind-adexa-mlp813b\/","url":"https:\/\/adexa.ee\/toode\/tugev-kahepoolne-panini-kontaktgrill-kahetsooniline-3-6kw-ribitud-tasane-pealispind-adexa-mlp813b\/","name":"Tugev Kahepoolne Panini Kontaktgrill Kahetsooniline 3.6kW Ribitud\/Tasane pealispind | Adexa MLP813B - Adexa \u2013 Suurk\u00f6\u00f6giseadmed restoranidele ja toitlustusele","isPartOf":{"@id":"https:\/\/adexa.ee\/#website"},"primaryImageOfPage":{"@id":"https:\/\/adexa.ee\/toode\/tugev-kahepoolne-panini-kontaktgrill-kahetsooniline-3-6kw-ribitud-tasane-pealispind-adexa-mlp813b\/#primaryimage"},"image":{"@id":"https:\/\/adexa.ee\/toode\/tugev-kahepoolne-panini-kontaktgrill-kahetsooniline-3-6kw-ribitud-tasane-pealispind-adexa-mlp813b\/#primaryimage"},"thumbnailUrl":"https:\/\/adexa.ee\/wp-content\/uploads\/2026\/03\/MLP813B.jpg","datePublished":"2026-03-26T17:55:57+00:00","breadcrumb":{"@id":"https:\/\/adexa.ee\/toode\/tugev-kahepoolne-panini-kontaktgrill-kahetsooniline-3-6kw-ribitud-tasane-pealispind-adexa-mlp813b\/#breadcrumb"},"inLanguage":"en-US","potentialAction":[{"@type":"ReadAction","target":["https:\/\/adexa.ee\/toode\/tugev-kahepoolne-panini-kontaktgrill-kahetsooniline-3-6kw-ribitud-tasane-pealispind-adexa-mlp813b\/"]}]},{"@type":"ImageObject","inLanguage":"en-US","@id":"https:\/\/adexa.ee\/toode\/tugev-kahepoolne-panini-kontaktgrill-kahetsooniline-3-6kw-ribitud-tasane-pealispind-adexa-mlp813b\/#primaryimage","url":"https:\/\/adexa.ee\/wp-content\/uploads\/2026\/03\/MLP813B.jpg","contentUrl":"https:\/\/adexa.ee\/wp-content\/uploads\/2026\/03\/MLP813B.jpg","width":1376,"height":1376},{"@type":"BreadcrumbList","@id":"https:\/\/adexa.ee\/toode\/tugev-kahepoolne-panini-kontaktgrill-kahetsooniline-3-6kw-ribitud-tasane-pealispind-adexa-mlp813b\/#breadcrumb","itemListElement":[{"@type":"ListItem","position":1,"name":"Home","item":"https:\/\/adexa.ee\/"},{"@type":"ListItem","position":2,"name":"Tooted","item":"https:\/\/adexa.ee\/pood\/"},{"@type":"ListItem","position":3,"name":"Tugev Kahepoolne Panini Kontaktgrill Kahetsooniline 3.6kW Ribitud\/Tasane pealispind | Adexa MLP813B"}]},{"@type":"WebSite","@id":"https:\/\/adexa.ee\/#website","url":"https:\/\/adexa.ee\/","name":"Adexa","description":"","publisher":{"@id":"https:\/\/adexa.ee\/#organization"},"potentialAction":[{"@type":"SearchAction","target":{"@type":"EntryPoint","urlTemplate":"https:\/\/adexa.ee\/?s={search_term_string}"},"query-input":{"@type":"PropertyValueSpecification","valueRequired":true,"valueName":"search_term_string"}}],"inLanguage":"en-US"},{"@type":"Organization","@id":"https:\/\/adexa.ee\/#organization","name":"Adexa","url":"https:\/\/adexa.ee\/","logo":{"@type":"ImageObject","inLanguage":"en-US","@id":"https:\/\/adexa.ee\/#\/schema\/logo\/image\/","url":"https:\/\/adexa.ee\/wp-content\/uploads\/2024\/04\/chef-cooks-working-in-professional-kitchen-2023-11-27-05-07-39-utc-scaled.jpg","contentUrl":"https:\/\/adexa.ee\/wp-content\/uploads\/2024\/04\/chef-cooks-working-in-professional-kitchen-2023-11-27-05-07-39-utc-scaled.jpg","width":2560,"height":1708,"caption":"Adexa"},"image":{"@id":"https:\/\/adexa.ee\/#\/schema\/logo\/image\/"}}]}},"_links":{"self":[{"href":"https:\/\/adexa.ee\/en\/wp-json\/wp\/v2\/product\/46317","targetHints":{"allow":["GET"]}}],"collection":[{"href":"https:\/\/adexa.ee\/en\/wp-json\/wp\/v2\/product"}],"about":[{"href":"https:\/\/adexa.ee\/en\/wp-json\/wp\/v2\/types\/product"}],"wp:featuredmedia":[{"embeddable":true,"href":"https:\/\/adexa.ee\/en\/wp-json\/wp\/v2\/media\/46318"}],"wp:attachment":[{"href":"https:\/\/adexa.ee\/en\/wp-json\/wp\/v2\/media?parent=46317"}],"wp:term":[{"taxonomy":"product_brand","embeddable":true,"href":"https:\/\/adexa.ee\/en\/wp-json\/wp\/v2\/product_brand?post=46317"},{"taxonomy":"product_cat","embeddable":true,"href":"https:\/\/adexa.ee\/en\/wp-json\/wp\/v2\/product_cat?post=46317"},{"taxonomy":"product_tag","embeddable":true,"href":"https:\/\/adexa.ee\/en\/wp-json\/wp\/v2\/product_tag?post=46317"}],"curies":[{"name":"wp","href":"https:\/\/api.w.org\/{rel}","templated":true}]}}