{"id":46333,"date":"2026-03-26T19:55:57","date_gmt":"2026-03-26T17:55:57","guid":{"rendered":"https:\/\/adexa.ee\/toode\/kaubanduslik-kahe-filtriga-kohvimasin-kasitsi-taitmine-4-klaaskannu-4-kuumutusplaati-adexa-cbd02b1\/"},"modified":"2026-03-26T19:56:17","modified_gmt":"2026-03-26T17:56:17","slug":"kaubanduslik-kahe-filtriga-kohvimasin-kasitsi-taitmine-4-klaaskannu-4-kuumutusplaati-adexa-cbd02b1","status":"publish","type":"product","link":"https:\/\/adexa.ee\/en\/toode\/kaubanduslik-kahe-filtriga-kohvimasin-kasitsi-taitmine-4-klaaskannu-4-kuumutusplaati-adexa-cbd02b1\/","title":{"rendered":"Kaubanduslik kahe filtriga kohvimasin k\u00e4sitsi t\u00e4itmine 4 klaaskannu 4 kuumutusplaati | Adexa CBD02B1"},"content":{"rendered":"<p>Valmistage oma klientidele v\u00f5i k\u00fclalistele suurep\u00e4rase maitsega kohvi professionaalse kahe filtriga kohvimasinaga. See toitlustusasutuste topelt k\u00e4sitsi ja automaatse t\u00e4itmisega masin on m\u00f5eldud avalikesse kohtadesse, kus inimesed vajavad suurep\u00e4rase kohvi valmistamist lihtsalt, mugavalt ja kiiresti, nagu kontorid, konverentsiruumid, klubid, baarid ja restoranid. Kaasaegse voolujoonelise disainiga toob see kaubanduslikele kohvimasinatele t\u00e4iesti uue mugavuse ja luksuse tunde. \u00dcksikasjaliku teabe saamiseks vaadake jaotist &#8216;Spetsifikatsioon&#8217;.<\/p>\n<table style=\"border-collapse: collapse; width: 100%; text-align: left;\">\n<tbody>\n<tr>\n<td style=\"border: 1px solid #ddd; padding: 8px; width: 45%;\"><strong>S\u00fcgavus<\/strong><\/td>\n<td style=\"border: 1px solid #ddd; padding: 8px;\">402 mm<\/td>\n<\/tr>\n<tr>\n<td style=\"border: 1px solid #ddd; padding: 8px; width: 45%;\"><strong>K\u00f5rgus<\/strong><\/td>\n<td style=\"border: 1px solid #ddd; padding: 8px;\">452 mm<\/td>\n<\/tr>\n<tr>\n<td style=\"border: 1px solid #ddd; padding: 8px; width: 45%;\"><strong>Laius<\/strong><\/td>\n<td style=\"border: 1px solid #ddd; padding: 8px;\">403 mm<\/td>\n<\/tr>\n<tr>\n<td style=\"border: 1px solid #ddd; padding: 8px; width: 45%;\"><strong>Kaal<\/strong><\/td>\n<td style=\"border: 1px solid #ddd; padding: 8px;\">19kg<\/td>\n<\/tr>\n<tr>\n<td style=\"border: 1px solid #ddd; padding: 8px; width: 45%;\"><strong>Garantii<\/strong><\/td>\n<td style=\"border: 1px solid #ddd; padding: 8px;\">12 kuu varuosade garantii<\/td>\n<\/tr>\n<tr>\n<td style=\"border: 1px solid #ddd; padding: 8px; width: 45%;\"><strong>Mahutavus<\/strong><\/td>\n<td style=\"border: 1px solid #ddd; padding: 8px;\">4 x 1,8 liitrit (potid)<\/td>\n<\/tr>\n<tr>\n<td style=\"border: 1px solid #ddd; padding: 8px; width: 45%;\"><strong>Toiteallikas<\/strong><\/td>\n<td style=\"border: 1px solid #ddd; padding: 8px;\">230V \/ 1 faas<\/td>\n<\/tr>\n<tr>\n<td style=\"border: 1px solid #ddd; padding: 8px; width: 45%;\"><strong>V\u00f5imsus<\/strong><\/td>\n<td style=\"border: 1px solid #ddd; padding: 8px;\">2 x 2020W<\/td>\n<\/tr>\n<tr>\n<td style=\"border: 1px solid #ddd; padding: 8px; width: 45%;\"><strong>Materjal<\/strong><\/td>\n<td style=\"border: 1px solid #ddd; padding: 8px;\">Roostevaba teras &#038; roostevabast terasest kohvihoidja<\/td>\n<\/tr>\n<tr>\n<td style=\"border: 1px solid #ddd; padding: 8px; width: 45%;\"><strong>Kaasas<\/strong><\/td>\n<td style=\"border: 1px solid #ddd; padding: 8px;\">4 potti<\/td>\n<\/tr>\n<tr>\n<td style=\"border: 1px solid #ddd; padding: 8px; width: 45%;\"><strong>Tootlikkus<\/strong><\/td>\n<td style=\"border: 1px solid #ddd; padding: 8px;\">Kuni 30 liitrit tunnis<\/td>\n<\/tr>\n<tr>\n<td style=\"border: 1px solid #ddd; padding: 8px; width: 45%;\"><strong>Temperatuur<\/strong><\/td>\n<td style=\"border: 1px solid #ddd; padding: 8px;\">+92 kuni +96 \u00b0C<\/td>\n<\/tr>\n<tr>\n<td style=\"border: 1px solid #ddd; padding: 8px; width: 45%;\"><strong>Valmimisaeg<\/strong><\/td>\n<td style=\"border: 1px solid #ddd; padding: 8px;\">6 kuni 7 minutit<\/td>\n<\/tr>\n<tr>\n<td style=\"border: 1px solid #ddd; padding: 8px; width: 45%;\"><strong>Veetoru \u00fchendus<\/strong><\/td>\n<td style=\"border: 1px solid #ddd; padding: 8px;\">K\u00e4sitsi t\u00e4itmine<\/td>\n<\/tr>\n<tr>\n<td style=\"border: 1px solid #ddd; padding: 8px; width: 45%;\"><strong>Mahutavus (reservuaar)<\/strong><\/td>\n<td style=\"border: 1px solid #ddd; padding: 8px;\">2 x 1,8 liitrit<\/td>\n<\/tr>\n<\/tbody>\n<\/table>\n","protected":false},"excerpt":{"rendered":"<p>Valmistage oma klientidele v\u00f5i k\u00fclalistele suurep\u00e4rase maitsega kohvi professionaalse kahe filtriga kohvimasinaga. See toitlustusasutuste topelt k\u00e4sitsi ja automaatse t\u00e4itmisega masin<\/p>\n","protected":false},"featured_media":46334,"template":"","meta":[],"product_brand":[],"product_cat":[729,613],"product_tag":[],"class_list":{"0":"post-46333","1":"product","2":"type-product","3":"status-publish","4":"has-post-thumbnail","6":"product_cat-filtrikohvimasinad","7":"product_cat-kohv-ja-joogid","9":"first","10":"instock","11":"sale","12":"taxable","13":"shipping-taxable","14":"purchasable","15":"product-type-simple"},"yoast_head":"<!-- This site is optimized with the Yoast SEO plugin v27.3 - https:\/\/yoast.com\/product\/yoast-seo-wordpress\/ -->\n<title>Kaubanduslik kahe filtriga kohvimasin k\u00e4sitsi t\u00e4itmine 4 klaaskannu 4 kuumutusplaati | Adexa CBD02B1 - Adexa \u2013 Suurk\u00f6\u00f6giseadmed restoranidele ja toitlustusele<\/title>\n<meta name=\"robots\" content=\"index, follow, max-snippet:-1, max-image-preview:large, max-video-preview:-1\" \/>\n<link rel=\"canonical\" href=\"https:\/\/adexa.ee\/toode\/kaubanduslik-kahe-filtriga-kohvimasin-kasitsi-taitmine-4-klaaskannu-4-kuumutusplaati-adexa-cbd02b1\/\" \/>\n<meta property=\"og:locale\" content=\"en_US\" \/>\n<meta property=\"og:type\" content=\"article\" \/>\n<meta property=\"og:title\" content=\"Kaubanduslik kahe filtriga kohvimasin k\u00e4sitsi t\u00e4itmine 4 klaaskannu 4 kuumutusplaati | Adexa CBD02B1 - Adexa \u2013 Suurk\u00f6\u00f6giseadmed restoranidele ja toitlustusele\" \/>\n<meta property=\"og:description\" content=\"Valmistage oma klientidele v\u00f5i k\u00fclalistele suurep\u00e4rase maitsega kohvi professionaalse kahe filtriga kohvimasinaga. See toitlustusasutuste topelt k\u00e4sitsi ja automaatse t\u00e4itmisega masin\" \/>\n<meta property=\"og:url\" content=\"https:\/\/adexa.ee\/toode\/kaubanduslik-kahe-filtriga-kohvimasin-kasitsi-taitmine-4-klaaskannu-4-kuumutusplaati-adexa-cbd02b1\/\" \/>\n<meta property=\"og:site_name\" content=\"Adexa \u2013 Suurk\u00f6\u00f6giseadmed restoranidele ja toitlustusele\" \/>\n<meta property=\"article:modified_time\" content=\"2026-03-26T17:56:17+00:00\" \/>\n<meta property=\"og:image\" content=\"https:\/\/adexa.ee\/wp-content\/uploads\/2026\/03\/CBD02B1.jpg\" \/>\n\t<meta property=\"og:image:width\" content=\"1305\" \/>\n\t<meta property=\"og:image:height\" content=\"1305\" \/>\n\t<meta property=\"og:image:type\" content=\"image\/jpeg\" \/>\n<meta name=\"twitter:card\" content=\"summary_large_image\" \/>\n<meta name=\"twitter:label1\" content=\"Est. reading time\" \/>\n\t<meta name=\"twitter:data1\" content=\"1 minute\" \/>\n<script type=\"application\/ld+json\" class=\"yoast-schema-graph\">{\"@context\":\"https:\\\/\\\/schema.org\",\"@graph\":[{\"@type\":\"WebPage\",\"@id\":\"https:\\\/\\\/adexa.ee\\\/toode\\\/kaubanduslik-kahe-filtriga-kohvimasin-kasitsi-taitmine-4-klaaskannu-4-kuumutusplaati-adexa-cbd02b1\\\/\",\"url\":\"https:\\\/\\\/adexa.ee\\\/toode\\\/kaubanduslik-kahe-filtriga-kohvimasin-kasitsi-taitmine-4-klaaskannu-4-kuumutusplaati-adexa-cbd02b1\\\/\",\"name\":\"Kaubanduslik kahe filtriga kohvimasin k\u00e4sitsi t\u00e4itmine 4 klaaskannu 4 kuumutusplaati | Adexa CBD02B1 - Adexa \u2013 Suurk\u00f6\u00f6giseadmed restoranidele ja toitlustusele\",\"isPartOf\":{\"@id\":\"https:\\\/\\\/adexa.ee\\\/#website\"},\"primaryImageOfPage\":{\"@id\":\"https:\\\/\\\/adexa.ee\\\/toode\\\/kaubanduslik-kahe-filtriga-kohvimasin-kasitsi-taitmine-4-klaaskannu-4-kuumutusplaati-adexa-cbd02b1\\\/#primaryimage\"},\"image\":{\"@id\":\"https:\\\/\\\/adexa.ee\\\/toode\\\/kaubanduslik-kahe-filtriga-kohvimasin-kasitsi-taitmine-4-klaaskannu-4-kuumutusplaati-adexa-cbd02b1\\\/#primaryimage\"},\"thumbnailUrl\":\"https:\\\/\\\/adexa.ee\\\/wp-content\\\/uploads\\\/2026\\\/03\\\/CBD02B1.jpg\",\"datePublished\":\"2026-03-26T17:55:57+00:00\",\"dateModified\":\"2026-03-26T17:56:17+00:00\",\"breadcrumb\":{\"@id\":\"https:\\\/\\\/adexa.ee\\\/toode\\\/kaubanduslik-kahe-filtriga-kohvimasin-kasitsi-taitmine-4-klaaskannu-4-kuumutusplaati-adexa-cbd02b1\\\/#breadcrumb\"},\"inLanguage\":\"en-US\",\"potentialAction\":[{\"@type\":\"ReadAction\",\"target\":[\"https:\\\/\\\/adexa.ee\\\/toode\\\/kaubanduslik-kahe-filtriga-kohvimasin-kasitsi-taitmine-4-klaaskannu-4-kuumutusplaati-adexa-cbd02b1\\\/\"]}]},{\"@type\":\"ImageObject\",\"inLanguage\":\"en-US\",\"@id\":\"https:\\\/\\\/adexa.ee\\\/toode\\\/kaubanduslik-kahe-filtriga-kohvimasin-kasitsi-taitmine-4-klaaskannu-4-kuumutusplaati-adexa-cbd02b1\\\/#primaryimage\",\"url\":\"https:\\\/\\\/adexa.ee\\\/wp-content\\\/uploads\\\/2026\\\/03\\\/CBD02B1.jpg\",\"contentUrl\":\"https:\\\/\\\/adexa.ee\\\/wp-content\\\/uploads\\\/2026\\\/03\\\/CBD02B1.jpg\",\"width\":1305,\"height\":1305},{\"@type\":\"BreadcrumbList\",\"@id\":\"https:\\\/\\\/adexa.ee\\\/toode\\\/kaubanduslik-kahe-filtriga-kohvimasin-kasitsi-taitmine-4-klaaskannu-4-kuumutusplaati-adexa-cbd02b1\\\/#breadcrumb\",\"itemListElement\":[{\"@type\":\"ListItem\",\"position\":1,\"name\":\"Home\",\"item\":\"https:\\\/\\\/adexa.ee\\\/\"},{\"@type\":\"ListItem\",\"position\":2,\"name\":\"Tooted\",\"item\":\"https:\\\/\\\/adexa.ee\\\/pood\\\/\"},{\"@type\":\"ListItem\",\"position\":3,\"name\":\"Kaubanduslik kahe filtriga kohvimasin k\u00e4sitsi t\u00e4itmine 4 klaaskannu 4 kuumutusplaati | Adexa CBD02B1\"}]},{\"@type\":\"WebSite\",\"@id\":\"https:\\\/\\\/adexa.ee\\\/#website\",\"url\":\"https:\\\/\\\/adexa.ee\\\/\",\"name\":\"Adexa\",\"description\":\"\",\"publisher\":{\"@id\":\"https:\\\/\\\/adexa.ee\\\/#organization\"},\"potentialAction\":[{\"@type\":\"SearchAction\",\"target\":{\"@type\":\"EntryPoint\",\"urlTemplate\":\"https:\\\/\\\/adexa.ee\\\/?s={search_term_string}\"},\"query-input\":{\"@type\":\"PropertyValueSpecification\",\"valueRequired\":true,\"valueName\":\"search_term_string\"}}],\"inLanguage\":\"en-US\"},{\"@type\":\"Organization\",\"@id\":\"https:\\\/\\\/adexa.ee\\\/#organization\",\"name\":\"Adexa\",\"url\":\"https:\\\/\\\/adexa.ee\\\/\",\"logo\":{\"@type\":\"ImageObject\",\"inLanguage\":\"en-US\",\"@id\":\"https:\\\/\\\/adexa.ee\\\/#\\\/schema\\\/logo\\\/image\\\/\",\"url\":\"https:\\\/\\\/adexa.ee\\\/wp-content\\\/uploads\\\/2024\\\/04\\\/chef-cooks-working-in-professional-kitchen-2023-11-27-05-07-39-utc-scaled.jpg\",\"contentUrl\":\"https:\\\/\\\/adexa.ee\\\/wp-content\\\/uploads\\\/2024\\\/04\\\/chef-cooks-working-in-professional-kitchen-2023-11-27-05-07-39-utc-scaled.jpg\",\"width\":2560,\"height\":1708,\"caption\":\"Adexa\"},\"image\":{\"@id\":\"https:\\\/\\\/adexa.ee\\\/#\\\/schema\\\/logo\\\/image\\\/\"}}]}<\/script>\n<!-- \/ Yoast SEO plugin. -->","yoast_head_json":{"title":"Kaubanduslik kahe filtriga kohvimasin k\u00e4sitsi t\u00e4itmine 4 klaaskannu 4 kuumutusplaati | Adexa CBD02B1 - Adexa \u2013 Suurk\u00f6\u00f6giseadmed restoranidele ja toitlustusele","robots":{"index":"index","follow":"follow","max-snippet":"max-snippet:-1","max-image-preview":"max-image-preview:large","max-video-preview":"max-video-preview:-1"},"canonical":"https:\/\/adexa.ee\/toode\/kaubanduslik-kahe-filtriga-kohvimasin-kasitsi-taitmine-4-klaaskannu-4-kuumutusplaati-adexa-cbd02b1\/","og_locale":"en_US","og_type":"article","og_title":"Kaubanduslik kahe filtriga kohvimasin k\u00e4sitsi t\u00e4itmine 4 klaaskannu 4 kuumutusplaati | Adexa CBD02B1 - Adexa \u2013 Suurk\u00f6\u00f6giseadmed restoranidele ja toitlustusele","og_description":"Valmistage oma klientidele v\u00f5i k\u00fclalistele suurep\u00e4rase maitsega kohvi professionaalse kahe filtriga kohvimasinaga. See toitlustusasutuste topelt k\u00e4sitsi ja automaatse t\u00e4itmisega masin","og_url":"https:\/\/adexa.ee\/toode\/kaubanduslik-kahe-filtriga-kohvimasin-kasitsi-taitmine-4-klaaskannu-4-kuumutusplaati-adexa-cbd02b1\/","og_site_name":"Adexa \u2013 Suurk\u00f6\u00f6giseadmed restoranidele ja toitlustusele","article_modified_time":"2026-03-26T17:56:17+00:00","og_image":[{"width":1305,"height":1305,"url":"https:\/\/adexa.ee\/wp-content\/uploads\/2026\/03\/CBD02B1.jpg","type":"image\/jpeg"}],"twitter_card":"summary_large_image","twitter_misc":{"Est. reading time":"1 minute"},"schema":{"@context":"https:\/\/schema.org","@graph":[{"@type":"WebPage","@id":"https:\/\/adexa.ee\/toode\/kaubanduslik-kahe-filtriga-kohvimasin-kasitsi-taitmine-4-klaaskannu-4-kuumutusplaati-adexa-cbd02b1\/","url":"https:\/\/adexa.ee\/toode\/kaubanduslik-kahe-filtriga-kohvimasin-kasitsi-taitmine-4-klaaskannu-4-kuumutusplaati-adexa-cbd02b1\/","name":"Kaubanduslik kahe filtriga kohvimasin k\u00e4sitsi t\u00e4itmine 4 klaaskannu 4 kuumutusplaati | Adexa CBD02B1 - Adexa \u2013 Suurk\u00f6\u00f6giseadmed restoranidele ja toitlustusele","isPartOf":{"@id":"https:\/\/adexa.ee\/#website"},"primaryImageOfPage":{"@id":"https:\/\/adexa.ee\/toode\/kaubanduslik-kahe-filtriga-kohvimasin-kasitsi-taitmine-4-klaaskannu-4-kuumutusplaati-adexa-cbd02b1\/#primaryimage"},"image":{"@id":"https:\/\/adexa.ee\/toode\/kaubanduslik-kahe-filtriga-kohvimasin-kasitsi-taitmine-4-klaaskannu-4-kuumutusplaati-adexa-cbd02b1\/#primaryimage"},"thumbnailUrl":"https:\/\/adexa.ee\/wp-content\/uploads\/2026\/03\/CBD02B1.jpg","datePublished":"2026-03-26T17:55:57+00:00","dateModified":"2026-03-26T17:56:17+00:00","breadcrumb":{"@id":"https:\/\/adexa.ee\/toode\/kaubanduslik-kahe-filtriga-kohvimasin-kasitsi-taitmine-4-klaaskannu-4-kuumutusplaati-adexa-cbd02b1\/#breadcrumb"},"inLanguage":"en-US","potentialAction":[{"@type":"ReadAction","target":["https:\/\/adexa.ee\/toode\/kaubanduslik-kahe-filtriga-kohvimasin-kasitsi-taitmine-4-klaaskannu-4-kuumutusplaati-adexa-cbd02b1\/"]}]},{"@type":"ImageObject","inLanguage":"en-US","@id":"https:\/\/adexa.ee\/toode\/kaubanduslik-kahe-filtriga-kohvimasin-kasitsi-taitmine-4-klaaskannu-4-kuumutusplaati-adexa-cbd02b1\/#primaryimage","url":"https:\/\/adexa.ee\/wp-content\/uploads\/2026\/03\/CBD02B1.jpg","contentUrl":"https:\/\/adexa.ee\/wp-content\/uploads\/2026\/03\/CBD02B1.jpg","width":1305,"height":1305},{"@type":"BreadcrumbList","@id":"https:\/\/adexa.ee\/toode\/kaubanduslik-kahe-filtriga-kohvimasin-kasitsi-taitmine-4-klaaskannu-4-kuumutusplaati-adexa-cbd02b1\/#breadcrumb","itemListElement":[{"@type":"ListItem","position":1,"name":"Home","item":"https:\/\/adexa.ee\/"},{"@type":"ListItem","position":2,"name":"Tooted","item":"https:\/\/adexa.ee\/pood\/"},{"@type":"ListItem","position":3,"name":"Kaubanduslik kahe filtriga kohvimasin k\u00e4sitsi t\u00e4itmine 4 klaaskannu 4 kuumutusplaati | Adexa CBD02B1"}]},{"@type":"WebSite","@id":"https:\/\/adexa.ee\/#website","url":"https:\/\/adexa.ee\/","name":"Adexa","description":"","publisher":{"@id":"https:\/\/adexa.ee\/#organization"},"potentialAction":[{"@type":"SearchAction","target":{"@type":"EntryPoint","urlTemplate":"https:\/\/adexa.ee\/?s={search_term_string}"},"query-input":{"@type":"PropertyValueSpecification","valueRequired":true,"valueName":"search_term_string"}}],"inLanguage":"en-US"},{"@type":"Organization","@id":"https:\/\/adexa.ee\/#organization","name":"Adexa","url":"https:\/\/adexa.ee\/","logo":{"@type":"ImageObject","inLanguage":"en-US","@id":"https:\/\/adexa.ee\/#\/schema\/logo\/image\/","url":"https:\/\/adexa.ee\/wp-content\/uploads\/2024\/04\/chef-cooks-working-in-professional-kitchen-2023-11-27-05-07-39-utc-scaled.jpg","contentUrl":"https:\/\/adexa.ee\/wp-content\/uploads\/2024\/04\/chef-cooks-working-in-professional-kitchen-2023-11-27-05-07-39-utc-scaled.jpg","width":2560,"height":1708,"caption":"Adexa"},"image":{"@id":"https:\/\/adexa.ee\/#\/schema\/logo\/image\/"}}]}},"_links":{"self":[{"href":"https:\/\/adexa.ee\/en\/wp-json\/wp\/v2\/product\/46333","targetHints":{"allow":["GET"]}}],"collection":[{"href":"https:\/\/adexa.ee\/en\/wp-json\/wp\/v2\/product"}],"about":[{"href":"https:\/\/adexa.ee\/en\/wp-json\/wp\/v2\/types\/product"}],"wp:featuredmedia":[{"embeddable":true,"href":"https:\/\/adexa.ee\/en\/wp-json\/wp\/v2\/media\/46334"}],"wp:attachment":[{"href":"https:\/\/adexa.ee\/en\/wp-json\/wp\/v2\/media?parent=46333"}],"wp:term":[{"taxonomy":"product_brand","embeddable":true,"href":"https:\/\/adexa.ee\/en\/wp-json\/wp\/v2\/product_brand?post=46333"},{"taxonomy":"product_cat","embeddable":true,"href":"https:\/\/adexa.ee\/en\/wp-json\/wp\/v2\/product_cat?post=46333"},{"taxonomy":"product_tag","embeddable":true,"href":"https:\/\/adexa.ee\/en\/wp-json\/wp\/v2\/product_tag?post=46333"}],"curies":[{"name":"wp","href":"https:\/\/api.w.org\/{rel}","templated":true}]}}