{"id":46343,"date":"2026-03-26T19:55:57","date_gmt":"2026-03-26T17:55:57","guid":{"rendered":"https:\/\/adexa.ee\/toode\/raskeveokite-panini-kontaktgrill-uksik-ribbed-sile-adexa-mlp811ka\/"},"modified":"2026-03-26T19:56:26","modified_gmt":"2026-03-26T17:56:26","slug":"raskeveokite-panini-kontaktgrill-uksik-ribbed-sile-adexa-mlp811ka","status":"publish","type":"product","link":"https:\/\/adexa.ee\/en\/toode\/raskeveokite-panini-kontaktgrill-uksik-ribbed-sile-adexa-mlp811ka\/","title":{"rendered":"Raskeveokite Panini kontaktgrill \u00dcksik Ribbed\/Sile | Adexa MLP811KA"},"content":{"rendered":"<p>Grillige oma populaarsemaid v\u00f5ileibu t\u00e4iuslikult selle mitmekontaktse panini v\u00f5ileivagrilliga! Sellel grillil on siledad malmplaadid, mis k\u00fcpsetavad v\u00f5ileibu \u00fchtlaselt ja j\u00e4tavad leivale isu\u00e4ratavad grillij\u00e4ljed. Termostaatilised juhtseadmed v\u00f5imaldavad teil temperatuuri reguleerida, et k\u00fcpsetada t\u00e4iuslikul temperatuuril, samal ajal kui roostevabast terasest v\u00e4lisraam tagab pikaajalise vastupidavuse. Suurep\u00e4rane paninide, v\u00f5ileibade, leiva ja isegi hamburgerite ja quesadillade grillimiseks, see mitmek\u00fclgne grill lisab teie asutusele mitmekesisust! \u00dcksikasjaliku teabe saamiseks vaadake jaotist &#8220;Spetsifikatsioon&#8221;.<\/p>\n<table style=\"border-collapse: collapse; width: 100%; text-align: left;\">\n<tbody>\n<tr>\n<td style=\"border: 1px solid #ddd; padding: 8px; width: 45%;\"><strong>S\u00fcgavus<\/strong><\/td>\n<td style=\"border: 1px solid #ddd; padding: 8px;\">290mm<\/td>\n<\/tr>\n<tr>\n<td style=\"border: 1px solid #ddd; padding: 8px; width: 45%;\"><strong>K\u00f5rgus<\/strong><\/td>\n<td style=\"border: 1px solid #ddd; padding: 8px;\">190mm<\/td>\n<\/tr>\n<tr>\n<td style=\"border: 1px solid #ddd; padding: 8px; width: 45%;\"><strong>Laius<\/strong><\/td>\n<td style=\"border: 1px solid #ddd; padding: 8px;\">350mm<\/td>\n<\/tr>\n<tr>\n<td style=\"border: 1px solid #ddd; padding: 8px; width: 45%;\"><strong>Kaal<\/strong><\/td>\n<td style=\"border: 1px solid #ddd; padding: 8px;\">13kg<\/td>\n<\/tr>\n<tr>\n<td style=\"border: 1px solid #ddd; padding: 8px; width: 45%;\"><strong>Garantii<\/strong><\/td>\n<td style=\"border: 1px solid #ddd; padding: 8px;\">12 kuu varuosade garantii<\/td>\n<\/tr>\n<tr>\n<td style=\"border: 1px solid #ddd; padding: 8px; width: 45%;\"><strong>Versioon<\/strong><\/td>\n<td style=\"border: 1px solid #ddd; padding: 8px;\">Sile \u00fclaosa \/ Lame p\u00f5hi<\/td>\n<\/tr>\n<tr>\n<td style=\"border: 1px solid #ddd; padding: 8px; width: 45%;\"><strong>Toiteallikas<\/strong><\/td>\n<td style=\"border: 1px solid #ddd; padding: 8px;\">230V \/ 1 faas<\/td>\n<\/tr>\n<tr>\n<td style=\"border: 1px solid #ddd; padding: 8px; width: 45%;\"><strong>V\u00f5imsus<\/strong><\/td>\n<td style=\"border: 1px solid #ddd; padding: 8px;\">1800W<\/td>\n<\/tr>\n<tr>\n<td style=\"border: 1px solid #ddd; padding: 8px; width: 45%;\"><strong>Materjal<\/strong><\/td>\n<td style=\"border: 1px solid #ddd; padding: 8px;\">Roostevaba teras<\/td>\n<\/tr>\n<tr>\n<td style=\"border: 1px solid #ddd; padding: 8px; width: 45%;\"><strong>Temperatuur<\/strong><\/td>\n<td style=\"border: 1px solid #ddd; padding: 8px;\">+50\u00b0C kuni +300\u00b0C<\/td>\n<\/tr>\n<tr>\n<td style=\"border: 1px solid #ddd; padding: 8px; width: 45%;\"><strong>Materjal (keetmisala)<\/strong><\/td>\n<td style=\"border: 1px solid #ddd; padding: 8px;\">Teflonkattega malm<\/td>\n<\/tr>\n<tr>\n<td style=\"border: 1px solid #ddd; padding: 8px; width: 45%;\"><strong>M\u00f5\u00f5tmed (keetmisala)<\/strong><\/td>\n<td style=\"border: 1px solid #ddd; padding: 8px;\">215x215mm (\u00fclemine) \/ 225x225mm (alumine)<\/td>\n<\/tr>\n<\/tbody>\n<\/table>\n","protected":false},"excerpt":{"rendered":"<p>Grillige oma populaarsemaid v\u00f5ileibu t\u00e4iuslikult selle mitmekontaktse panini v\u00f5ileivagrilliga! Sellel grillil on siledad malmplaadid, mis k\u00fcpsetavad v\u00f5ileibu \u00fchtlaselt ja j\u00e4tavad<\/p>\n","protected":false},"featured_media":46344,"template":"","meta":[],"product_brand":[],"product_cat":[557,728],"product_tag":[],"class_list":{"0":"post-46343","1":"product","2":"type-product","3":"status-publish","4":"has-post-thumbnail","6":"product_cat-kupsetusseadmed","7":"product_cat-panini-kontaktgrillid","9":"first","10":"instock","11":"sale","12":"taxable","13":"shipping-taxable","14":"purchasable","15":"product-type-simple"},"yoast_head":"<!-- This site is optimized with the Yoast SEO plugin v27.3 - https:\/\/yoast.com\/product\/yoast-seo-wordpress\/ -->\n<title>Raskeveokite Panini kontaktgrill \u00dcksik Ribbed\/Sile | Adexa MLP811KA - Adexa \u2013 Suurk\u00f6\u00f6giseadmed restoranidele ja toitlustusele<\/title>\n<meta name=\"robots\" content=\"index, follow, max-snippet:-1, max-image-preview:large, max-video-preview:-1\" \/>\n<link rel=\"canonical\" href=\"https:\/\/adexa.ee\/toode\/raskeveokite-panini-kontaktgrill-uksik-ribbed-sile-adexa-mlp811ka\/\" \/>\n<meta property=\"og:locale\" content=\"en_US\" \/>\n<meta property=\"og:type\" content=\"article\" \/>\n<meta property=\"og:title\" content=\"Raskeveokite Panini kontaktgrill \u00dcksik Ribbed\/Sile | Adexa MLP811KA - Adexa \u2013 Suurk\u00f6\u00f6giseadmed restoranidele ja toitlustusele\" \/>\n<meta property=\"og:description\" content=\"Grillige oma populaarsemaid v\u00f5ileibu t\u00e4iuslikult selle mitmekontaktse panini v\u00f5ileivagrilliga! Sellel grillil on siledad malmplaadid, mis k\u00fcpsetavad v\u00f5ileibu \u00fchtlaselt ja j\u00e4tavad\" \/>\n<meta property=\"og:url\" content=\"https:\/\/adexa.ee\/toode\/raskeveokite-panini-kontaktgrill-uksik-ribbed-sile-adexa-mlp811ka\/\" \/>\n<meta property=\"og:site_name\" content=\"Adexa \u2013 Suurk\u00f6\u00f6giseadmed restoranidele ja toitlustusele\" \/>\n<meta property=\"article:modified_time\" content=\"2026-03-26T17:56:26+00:00\" \/>\n<meta property=\"og:image\" content=\"https:\/\/adexa.ee\/wp-content\/uploads\/2026\/03\/MLP811KA.jpg\" \/>\n\t<meta property=\"og:image:width\" content=\"1375\" \/>\n\t<meta property=\"og:image:height\" content=\"1375\" \/>\n\t<meta property=\"og:image:type\" content=\"image\/jpeg\" \/>\n<meta name=\"twitter:card\" content=\"summary_large_image\" \/>\n<meta name=\"twitter:label1\" content=\"Est. reading time\" \/>\n\t<meta name=\"twitter:data1\" content=\"1 minute\" \/>\n<script type=\"application\/ld+json\" class=\"yoast-schema-graph\">{\"@context\":\"https:\\\/\\\/schema.org\",\"@graph\":[{\"@type\":\"WebPage\",\"@id\":\"https:\\\/\\\/adexa.ee\\\/toode\\\/raskeveokite-panini-kontaktgrill-uksik-ribbed-sile-adexa-mlp811ka\\\/\",\"url\":\"https:\\\/\\\/adexa.ee\\\/toode\\\/raskeveokite-panini-kontaktgrill-uksik-ribbed-sile-adexa-mlp811ka\\\/\",\"name\":\"Raskeveokite Panini kontaktgrill \u00dcksik Ribbed\\\/Sile | Adexa MLP811KA - Adexa \u2013 Suurk\u00f6\u00f6giseadmed restoranidele ja toitlustusele\",\"isPartOf\":{\"@id\":\"https:\\\/\\\/adexa.ee\\\/#website\"},\"primaryImageOfPage\":{\"@id\":\"https:\\\/\\\/adexa.ee\\\/toode\\\/raskeveokite-panini-kontaktgrill-uksik-ribbed-sile-adexa-mlp811ka\\\/#primaryimage\"},\"image\":{\"@id\":\"https:\\\/\\\/adexa.ee\\\/toode\\\/raskeveokite-panini-kontaktgrill-uksik-ribbed-sile-adexa-mlp811ka\\\/#primaryimage\"},\"thumbnailUrl\":\"https:\\\/\\\/adexa.ee\\\/wp-content\\\/uploads\\\/2026\\\/03\\\/MLP811KA.jpg\",\"datePublished\":\"2026-03-26T17:55:57+00:00\",\"dateModified\":\"2026-03-26T17:56:26+00:00\",\"breadcrumb\":{\"@id\":\"https:\\\/\\\/adexa.ee\\\/toode\\\/raskeveokite-panini-kontaktgrill-uksik-ribbed-sile-adexa-mlp811ka\\\/#breadcrumb\"},\"inLanguage\":\"en-US\",\"potentialAction\":[{\"@type\":\"ReadAction\",\"target\":[\"https:\\\/\\\/adexa.ee\\\/toode\\\/raskeveokite-panini-kontaktgrill-uksik-ribbed-sile-adexa-mlp811ka\\\/\"]}]},{\"@type\":\"ImageObject\",\"inLanguage\":\"en-US\",\"@id\":\"https:\\\/\\\/adexa.ee\\\/toode\\\/raskeveokite-panini-kontaktgrill-uksik-ribbed-sile-adexa-mlp811ka\\\/#primaryimage\",\"url\":\"https:\\\/\\\/adexa.ee\\\/wp-content\\\/uploads\\\/2026\\\/03\\\/MLP811KA.jpg\",\"contentUrl\":\"https:\\\/\\\/adexa.ee\\\/wp-content\\\/uploads\\\/2026\\\/03\\\/MLP811KA.jpg\",\"width\":1375,\"height\":1375},{\"@type\":\"BreadcrumbList\",\"@id\":\"https:\\\/\\\/adexa.ee\\\/toode\\\/raskeveokite-panini-kontaktgrill-uksik-ribbed-sile-adexa-mlp811ka\\\/#breadcrumb\",\"itemListElement\":[{\"@type\":\"ListItem\",\"position\":1,\"name\":\"Home\",\"item\":\"https:\\\/\\\/adexa.ee\\\/\"},{\"@type\":\"ListItem\",\"position\":2,\"name\":\"Tooted\",\"item\":\"https:\\\/\\\/adexa.ee\\\/pood\\\/\"},{\"@type\":\"ListItem\",\"position\":3,\"name\":\"Raskeveokite Panini kontaktgrill \u00dcksik Ribbed\\\/Sile | Adexa MLP811KA\"}]},{\"@type\":\"WebSite\",\"@id\":\"https:\\\/\\\/adexa.ee\\\/#website\",\"url\":\"https:\\\/\\\/adexa.ee\\\/\",\"name\":\"Adexa\",\"description\":\"\",\"publisher\":{\"@id\":\"https:\\\/\\\/adexa.ee\\\/#organization\"},\"potentialAction\":[{\"@type\":\"SearchAction\",\"target\":{\"@type\":\"EntryPoint\",\"urlTemplate\":\"https:\\\/\\\/adexa.ee\\\/?s={search_term_string}\"},\"query-input\":{\"@type\":\"PropertyValueSpecification\",\"valueRequired\":true,\"valueName\":\"search_term_string\"}}],\"inLanguage\":\"en-US\"},{\"@type\":\"Organization\",\"@id\":\"https:\\\/\\\/adexa.ee\\\/#organization\",\"name\":\"Adexa\",\"url\":\"https:\\\/\\\/adexa.ee\\\/\",\"logo\":{\"@type\":\"ImageObject\",\"inLanguage\":\"en-US\",\"@id\":\"https:\\\/\\\/adexa.ee\\\/#\\\/schema\\\/logo\\\/image\\\/\",\"url\":\"https:\\\/\\\/adexa.ee\\\/wp-content\\\/uploads\\\/2024\\\/04\\\/chef-cooks-working-in-professional-kitchen-2023-11-27-05-07-39-utc-scaled.jpg\",\"contentUrl\":\"https:\\\/\\\/adexa.ee\\\/wp-content\\\/uploads\\\/2024\\\/04\\\/chef-cooks-working-in-professional-kitchen-2023-11-27-05-07-39-utc-scaled.jpg\",\"width\":2560,\"height\":1708,\"caption\":\"Adexa\"},\"image\":{\"@id\":\"https:\\\/\\\/adexa.ee\\\/#\\\/schema\\\/logo\\\/image\\\/\"}}]}<\/script>\n<!-- \/ Yoast SEO plugin. -->","yoast_head_json":{"title":"Raskeveokite Panini kontaktgrill \u00dcksik Ribbed\/Sile | Adexa MLP811KA - Adexa \u2013 Suurk\u00f6\u00f6giseadmed restoranidele ja toitlustusele","robots":{"index":"index","follow":"follow","max-snippet":"max-snippet:-1","max-image-preview":"max-image-preview:large","max-video-preview":"max-video-preview:-1"},"canonical":"https:\/\/adexa.ee\/toode\/raskeveokite-panini-kontaktgrill-uksik-ribbed-sile-adexa-mlp811ka\/","og_locale":"en_US","og_type":"article","og_title":"Raskeveokite Panini kontaktgrill \u00dcksik Ribbed\/Sile | Adexa MLP811KA - Adexa \u2013 Suurk\u00f6\u00f6giseadmed restoranidele ja toitlustusele","og_description":"Grillige oma populaarsemaid v\u00f5ileibu t\u00e4iuslikult selle mitmekontaktse panini v\u00f5ileivagrilliga! Sellel grillil on siledad malmplaadid, mis k\u00fcpsetavad v\u00f5ileibu \u00fchtlaselt ja j\u00e4tavad","og_url":"https:\/\/adexa.ee\/toode\/raskeveokite-panini-kontaktgrill-uksik-ribbed-sile-adexa-mlp811ka\/","og_site_name":"Adexa \u2013 Suurk\u00f6\u00f6giseadmed restoranidele ja toitlustusele","article_modified_time":"2026-03-26T17:56:26+00:00","og_image":[{"width":1375,"height":1375,"url":"https:\/\/adexa.ee\/wp-content\/uploads\/2026\/03\/MLP811KA.jpg","type":"image\/jpeg"}],"twitter_card":"summary_large_image","twitter_misc":{"Est. reading time":"1 minute"},"schema":{"@context":"https:\/\/schema.org","@graph":[{"@type":"WebPage","@id":"https:\/\/adexa.ee\/toode\/raskeveokite-panini-kontaktgrill-uksik-ribbed-sile-adexa-mlp811ka\/","url":"https:\/\/adexa.ee\/toode\/raskeveokite-panini-kontaktgrill-uksik-ribbed-sile-adexa-mlp811ka\/","name":"Raskeveokite Panini kontaktgrill \u00dcksik Ribbed\/Sile | Adexa MLP811KA - Adexa \u2013 Suurk\u00f6\u00f6giseadmed restoranidele ja toitlustusele","isPartOf":{"@id":"https:\/\/adexa.ee\/#website"},"primaryImageOfPage":{"@id":"https:\/\/adexa.ee\/toode\/raskeveokite-panini-kontaktgrill-uksik-ribbed-sile-adexa-mlp811ka\/#primaryimage"},"image":{"@id":"https:\/\/adexa.ee\/toode\/raskeveokite-panini-kontaktgrill-uksik-ribbed-sile-adexa-mlp811ka\/#primaryimage"},"thumbnailUrl":"https:\/\/adexa.ee\/wp-content\/uploads\/2026\/03\/MLP811KA.jpg","datePublished":"2026-03-26T17:55:57+00:00","dateModified":"2026-03-26T17:56:26+00:00","breadcrumb":{"@id":"https:\/\/adexa.ee\/toode\/raskeveokite-panini-kontaktgrill-uksik-ribbed-sile-adexa-mlp811ka\/#breadcrumb"},"inLanguage":"en-US","potentialAction":[{"@type":"ReadAction","target":["https:\/\/adexa.ee\/toode\/raskeveokite-panini-kontaktgrill-uksik-ribbed-sile-adexa-mlp811ka\/"]}]},{"@type":"ImageObject","inLanguage":"en-US","@id":"https:\/\/adexa.ee\/toode\/raskeveokite-panini-kontaktgrill-uksik-ribbed-sile-adexa-mlp811ka\/#primaryimage","url":"https:\/\/adexa.ee\/wp-content\/uploads\/2026\/03\/MLP811KA.jpg","contentUrl":"https:\/\/adexa.ee\/wp-content\/uploads\/2026\/03\/MLP811KA.jpg","width":1375,"height":1375},{"@type":"BreadcrumbList","@id":"https:\/\/adexa.ee\/toode\/raskeveokite-panini-kontaktgrill-uksik-ribbed-sile-adexa-mlp811ka\/#breadcrumb","itemListElement":[{"@type":"ListItem","position":1,"name":"Home","item":"https:\/\/adexa.ee\/"},{"@type":"ListItem","position":2,"name":"Tooted","item":"https:\/\/adexa.ee\/pood\/"},{"@type":"ListItem","position":3,"name":"Raskeveokite Panini kontaktgrill \u00dcksik Ribbed\/Sile | Adexa MLP811KA"}]},{"@type":"WebSite","@id":"https:\/\/adexa.ee\/#website","url":"https:\/\/adexa.ee\/","name":"Adexa","description":"","publisher":{"@id":"https:\/\/adexa.ee\/#organization"},"potentialAction":[{"@type":"SearchAction","target":{"@type":"EntryPoint","urlTemplate":"https:\/\/adexa.ee\/?s={search_term_string}"},"query-input":{"@type":"PropertyValueSpecification","valueRequired":true,"valueName":"search_term_string"}}],"inLanguage":"en-US"},{"@type":"Organization","@id":"https:\/\/adexa.ee\/#organization","name":"Adexa","url":"https:\/\/adexa.ee\/","logo":{"@type":"ImageObject","inLanguage":"en-US","@id":"https:\/\/adexa.ee\/#\/schema\/logo\/image\/","url":"https:\/\/adexa.ee\/wp-content\/uploads\/2024\/04\/chef-cooks-working-in-professional-kitchen-2023-11-27-05-07-39-utc-scaled.jpg","contentUrl":"https:\/\/adexa.ee\/wp-content\/uploads\/2024\/04\/chef-cooks-working-in-professional-kitchen-2023-11-27-05-07-39-utc-scaled.jpg","width":2560,"height":1708,"caption":"Adexa"},"image":{"@id":"https:\/\/adexa.ee\/#\/schema\/logo\/image\/"}}]}},"_links":{"self":[{"href":"https:\/\/adexa.ee\/en\/wp-json\/wp\/v2\/product\/46343","targetHints":{"allow":["GET"]}}],"collection":[{"href":"https:\/\/adexa.ee\/en\/wp-json\/wp\/v2\/product"}],"about":[{"href":"https:\/\/adexa.ee\/en\/wp-json\/wp\/v2\/types\/product"}],"wp:featuredmedia":[{"embeddable":true,"href":"https:\/\/adexa.ee\/en\/wp-json\/wp\/v2\/media\/46344"}],"wp:attachment":[{"href":"https:\/\/adexa.ee\/en\/wp-json\/wp\/v2\/media?parent=46343"}],"wp:term":[{"taxonomy":"product_brand","embeddable":true,"href":"https:\/\/adexa.ee\/en\/wp-json\/wp\/v2\/product_brand?post=46343"},{"taxonomy":"product_cat","embeddable":true,"href":"https:\/\/adexa.ee\/en\/wp-json\/wp\/v2\/product_cat?post=46343"},{"taxonomy":"product_tag","embeddable":true,"href":"https:\/\/adexa.ee\/en\/wp-json\/wp\/v2\/product_tag?post=46343"}],"curies":[{"name":"wp","href":"https:\/\/api.w.org\/{rel}","templated":true}]}}