{"id":9901,"date":"2026-03-26T09:05:03","date_gmt":"2026-03-26T07:05:03","guid":{"rendered":"https:\/\/adexa.ee\/toode\/touse-ja-lange-kupli-soojuslamp-roosa-kuld-adexa-a65121206\/"},"modified":"2026-03-26T09:05:05","modified_gmt":"2026-03-26T07:05:05","slug":"soojuslamp-reguleeritava-korgusega-roosa-kuld-adexa-a65121206","status":"publish","type":"product","link":"https:\/\/adexa.ee\/en\/toode\/soojuslamp-reguleeritava-korgusega-roosa-kuld-adexa-a65121206\/","title":{"rendered":"Soojuslamp reguleeritava k\u00f5rgusega, roosa kuld | Adexa A65121206"},"content":{"rendered":"<p>Lae alla paigaldatav kommertsotstarbeline soojuslamp h\u00f5bedase tagasi t\u00f5mmatava juhtmega on usaldusv\u00e4\u00e4rne ja stiilne lahendus toidu soojana hoidmiseks. Ideaalne kasutamiseks restoranides v\u00f5i iseteenindusbuffetides, lampi saab h\u00f5lpsasti reguleerida, et hoida toitu isu\u00e4ratavana ja ideaalsel serveerimistemperatuuril. L\u00e4bim\u00f5\u00f5t: 175 mm Kaabli ulatus: 600 kuni 1500 mm Lambi v\u00f5imsus: 250 W<\/p>\n<table style=\"border-collapse: collapse; width: 100%; text-align: left;\">\n<tbody>\n<tr>\n<td style=\"border: 1px solid #ddd; padding: 8px; width: 45%;\"><strong>K\u00f5rgus<\/strong><\/td>\n<td style=\"border: 1px solid #ddd; padding: 8px;\">600 kuni 1500 mm<\/td>\n<\/tr>\n<tr>\n<td style=\"border: 1px solid #ddd; padding: 8px; width: 45%;\"><strong>Kaal<\/strong><\/td>\n<td style=\"border: 1px solid #ddd; padding: 8px;\">1,4 kg<\/td>\n<\/tr>\n<tr>\n<td style=\"border: 1px solid #ddd; padding: 8px; width: 45%;\"><strong>Garantii<\/strong><\/td>\n<td style=\"border: 1px solid #ddd; padding: 8px;\">12 kuu varuosade garantii<\/td>\n<\/tr>\n<tr>\n<td style=\"border: 1px solid #ddd; padding: 8px; width: 45%;\"><strong>Toiteallikas<\/strong><\/td>\n<td style=\"border: 1px solid #ddd; padding: 8px;\">230V \/ 1 faas<\/td>\n<\/tr>\n<tr>\n<td style=\"border: 1px solid #ddd; padding: 8px; width: 45%;\"><strong>V\u00e4rv<\/strong><\/td>\n<td style=\"border: 1px solid #ddd; padding: 8px;\">Roosa kuld<\/td>\n<\/tr>\n<tr>\n<td style=\"border: 1px solid #ddd; padding: 8px; width: 45%;\"><strong>L\u00e4bim\u00f5\u00f5t<\/strong><\/td>\n<td style=\"border: 1px solid #ddd; padding: 8px;\">175 mm<\/td>\n<\/tr>\n<\/tbody>\n<\/table>\n","protected":false},"excerpt":{"rendered":"<p>Lae alla paigaldatav kommertsotstarbeline soojuslamp h\u00f5bedase tagasi t\u00f5mmatava juhtmega on usaldusv\u00e4\u00e4rne ja stiilne lahendus toidu soojana hoidmiseks. Ideaalne kasutamiseks restoranides<\/p>\n","protected":false},"featured_media":9904,"template":"","meta":[],"product_brand":[],"product_cat":[560,557,671,586,559,558],"product_tag":[],"class_list":{"0":"post-9901","1":"product","2":"type-product","3":"status-publish","4":"has-post-thumbnail","6":"product_cat-bufee-toidusoojendajad","7":"product_cat-kupsetusseadmed","8":"product_cat-muud-toidu-soojendusvahendid","9":"product_cat-serveerimine","10":"product_cat-soojuslambid-ja-soojusribad","11":"product_cat-toidu-soojendamine","13":"first","14":"instock","15":"sale","16":"taxable","17":"shipping-taxable","18":"purchasable","19":"product-type-simple"},"yoast_head":"<!-- This site is optimized with the Yoast SEO plugin v27.3 - https:\/\/yoast.com\/product\/yoast-seo-wordpress\/ -->\n<title>Soojuslamp reguleeritava k\u00f5rgusega, roosa kuld | Adexa A65121206 - Adexa \u2013 Suurk\u00f6\u00f6giseadmed restoranidele ja toitlustusele<\/title>\n<meta name=\"robots\" content=\"index, follow, max-snippet:-1, max-image-preview:large, max-video-preview:-1\" \/>\n<link rel=\"canonical\" href=\"https:\/\/adexa.ee\/toode\/soojuslamp-reguleeritava-korgusega-roosa-kuld-adexa-a65121206\/\" \/>\n<meta property=\"og:locale\" content=\"en_US\" \/>\n<meta property=\"og:type\" content=\"article\" \/>\n<meta property=\"og:title\" content=\"Soojuslamp reguleeritava k\u00f5rgusega, roosa kuld | Adexa A65121206 - Adexa \u2013 Suurk\u00f6\u00f6giseadmed restoranidele ja toitlustusele\" \/>\n<meta property=\"og:description\" content=\"Lae alla paigaldatav kommertsotstarbeline soojuslamp h\u00f5bedase tagasi t\u00f5mmatava juhtmega on usaldusv\u00e4\u00e4rne ja stiilne lahendus toidu soojana hoidmiseks. Ideaalne kasutamiseks restoranides\" \/>\n<meta property=\"og:url\" content=\"https:\/\/adexa.ee\/toode\/soojuslamp-reguleeritava-korgusega-roosa-kuld-adexa-a65121206\/\" \/>\n<meta property=\"og:site_name\" content=\"Adexa \u2013 Suurk\u00f6\u00f6giseadmed restoranidele ja toitlustusele\" \/>\n<meta property=\"article:modified_time\" content=\"2026-03-26T07:05:05+00:00\" \/>\n<meta property=\"og:image\" content=\"https:\/\/adexa.ee\/wp-content\/uploads\/2024\/12\/A65121206N.jpg\" \/>\n\t<meta property=\"og:image:width\" content=\"1084\" \/>\n\t<meta property=\"og:image:height\" content=\"1084\" \/>\n\t<meta property=\"og:image:type\" content=\"image\/jpeg\" \/>\n<meta name=\"twitter:card\" content=\"summary_large_image\" \/>\n<script type=\"application\/ld+json\" class=\"yoast-schema-graph\">{\"@context\":\"https:\\\/\\\/schema.org\",\"@graph\":[{\"@type\":\"WebPage\",\"@id\":\"https:\\\/\\\/adexa.ee\\\/toode\\\/soojuslamp-reguleeritava-korgusega-roosa-kuld-adexa-a65121206\\\/\",\"url\":\"https:\\\/\\\/adexa.ee\\\/toode\\\/soojuslamp-reguleeritava-korgusega-roosa-kuld-adexa-a65121206\\\/\",\"name\":\"Soojuslamp reguleeritava k\u00f5rgusega, roosa kuld | Adexa A65121206 - Adexa \u2013 Suurk\u00f6\u00f6giseadmed restoranidele ja toitlustusele\",\"isPartOf\":{\"@id\":\"https:\\\/\\\/adexa.ee\\\/#website\"},\"primaryImageOfPage\":{\"@id\":\"https:\\\/\\\/adexa.ee\\\/toode\\\/soojuslamp-reguleeritava-korgusega-roosa-kuld-adexa-a65121206\\\/#primaryimage\"},\"image\":{\"@id\":\"https:\\\/\\\/adexa.ee\\\/toode\\\/soojuslamp-reguleeritava-korgusega-roosa-kuld-adexa-a65121206\\\/#primaryimage\"},\"thumbnailUrl\":\"https:\\\/\\\/adexa.ee\\\/wp-content\\\/uploads\\\/2024\\\/12\\\/A65121206N.jpg\",\"datePublished\":\"2026-03-26T07:05:03+00:00\",\"dateModified\":\"2026-03-26T07:05:05+00:00\",\"breadcrumb\":{\"@id\":\"https:\\\/\\\/adexa.ee\\\/toode\\\/soojuslamp-reguleeritava-korgusega-roosa-kuld-adexa-a65121206\\\/#breadcrumb\"},\"inLanguage\":\"en-US\",\"potentialAction\":[{\"@type\":\"ReadAction\",\"target\":[\"https:\\\/\\\/adexa.ee\\\/toode\\\/soojuslamp-reguleeritava-korgusega-roosa-kuld-adexa-a65121206\\\/\"]}]},{\"@type\":\"ImageObject\",\"inLanguage\":\"en-US\",\"@id\":\"https:\\\/\\\/adexa.ee\\\/toode\\\/soojuslamp-reguleeritava-korgusega-roosa-kuld-adexa-a65121206\\\/#primaryimage\",\"url\":\"https:\\\/\\\/adexa.ee\\\/wp-content\\\/uploads\\\/2024\\\/12\\\/A65121206N.jpg\",\"contentUrl\":\"https:\\\/\\\/adexa.ee\\\/wp-content\\\/uploads\\\/2024\\\/12\\\/A65121206N.jpg\",\"width\":1084,\"height\":1084},{\"@type\":\"BreadcrumbList\",\"@id\":\"https:\\\/\\\/adexa.ee\\\/toode\\\/soojuslamp-reguleeritava-korgusega-roosa-kuld-adexa-a65121206\\\/#breadcrumb\",\"itemListElement\":[{\"@type\":\"ListItem\",\"position\":1,\"name\":\"Home\",\"item\":\"https:\\\/\\\/adexa.ee\\\/\"},{\"@type\":\"ListItem\",\"position\":2,\"name\":\"Tooted\",\"item\":\"https:\\\/\\\/adexa.ee\\\/pood\\\/\"},{\"@type\":\"ListItem\",\"position\":3,\"name\":\"Soojuslamp reguleeritava k\u00f5rgusega, roosa kuld | Adexa A65121206\"}]},{\"@type\":\"WebSite\",\"@id\":\"https:\\\/\\\/adexa.ee\\\/#website\",\"url\":\"https:\\\/\\\/adexa.ee\\\/\",\"name\":\"Adexa\",\"description\":\"\",\"publisher\":{\"@id\":\"https:\\\/\\\/adexa.ee\\\/#organization\"},\"potentialAction\":[{\"@type\":\"SearchAction\",\"target\":{\"@type\":\"EntryPoint\",\"urlTemplate\":\"https:\\\/\\\/adexa.ee\\\/?s={search_term_string}\"},\"query-input\":{\"@type\":\"PropertyValueSpecification\",\"valueRequired\":true,\"valueName\":\"search_term_string\"}}],\"inLanguage\":\"en-US\"},{\"@type\":\"Organization\",\"@id\":\"https:\\\/\\\/adexa.ee\\\/#organization\",\"name\":\"Adexa\",\"url\":\"https:\\\/\\\/adexa.ee\\\/\",\"logo\":{\"@type\":\"ImageObject\",\"inLanguage\":\"en-US\",\"@id\":\"https:\\\/\\\/adexa.ee\\\/#\\\/schema\\\/logo\\\/image\\\/\",\"url\":\"https:\\\/\\\/adexa.ee\\\/wp-content\\\/uploads\\\/2024\\\/04\\\/chef-cooks-working-in-professional-kitchen-2023-11-27-05-07-39-utc-scaled.jpg\",\"contentUrl\":\"https:\\\/\\\/adexa.ee\\\/wp-content\\\/uploads\\\/2024\\\/04\\\/chef-cooks-working-in-professional-kitchen-2023-11-27-05-07-39-utc-scaled.jpg\",\"width\":2560,\"height\":1708,\"caption\":\"Adexa\"},\"image\":{\"@id\":\"https:\\\/\\\/adexa.ee\\\/#\\\/schema\\\/logo\\\/image\\\/\"}}]}<\/script>\n<!-- \/ Yoast SEO plugin. -->","yoast_head_json":{"title":"Soojuslamp reguleeritava k\u00f5rgusega, roosa kuld | Adexa A65121206 - Adexa \u2013 Suurk\u00f6\u00f6giseadmed restoranidele ja toitlustusele","robots":{"index":"index","follow":"follow","max-snippet":"max-snippet:-1","max-image-preview":"max-image-preview:large","max-video-preview":"max-video-preview:-1"},"canonical":"https:\/\/adexa.ee\/toode\/soojuslamp-reguleeritava-korgusega-roosa-kuld-adexa-a65121206\/","og_locale":"en_US","og_type":"article","og_title":"Soojuslamp reguleeritava k\u00f5rgusega, roosa kuld | Adexa A65121206 - Adexa \u2013 Suurk\u00f6\u00f6giseadmed restoranidele ja toitlustusele","og_description":"Lae alla paigaldatav kommertsotstarbeline soojuslamp h\u00f5bedase tagasi t\u00f5mmatava juhtmega on usaldusv\u00e4\u00e4rne ja stiilne lahendus toidu soojana hoidmiseks. Ideaalne kasutamiseks restoranides","og_url":"https:\/\/adexa.ee\/toode\/soojuslamp-reguleeritava-korgusega-roosa-kuld-adexa-a65121206\/","og_site_name":"Adexa \u2013 Suurk\u00f6\u00f6giseadmed restoranidele ja toitlustusele","article_modified_time":"2026-03-26T07:05:05+00:00","og_image":[{"width":1084,"height":1084,"url":"https:\/\/adexa.ee\/wp-content\/uploads\/2024\/12\/A65121206N.jpg","type":"image\/jpeg"}],"twitter_card":"summary_large_image","schema":{"@context":"https:\/\/schema.org","@graph":[{"@type":"WebPage","@id":"https:\/\/adexa.ee\/toode\/soojuslamp-reguleeritava-korgusega-roosa-kuld-adexa-a65121206\/","url":"https:\/\/adexa.ee\/toode\/soojuslamp-reguleeritava-korgusega-roosa-kuld-adexa-a65121206\/","name":"Soojuslamp reguleeritava k\u00f5rgusega, roosa kuld | Adexa A65121206 - Adexa \u2013 Suurk\u00f6\u00f6giseadmed restoranidele ja toitlustusele","isPartOf":{"@id":"https:\/\/adexa.ee\/#website"},"primaryImageOfPage":{"@id":"https:\/\/adexa.ee\/toode\/soojuslamp-reguleeritava-korgusega-roosa-kuld-adexa-a65121206\/#primaryimage"},"image":{"@id":"https:\/\/adexa.ee\/toode\/soojuslamp-reguleeritava-korgusega-roosa-kuld-adexa-a65121206\/#primaryimage"},"thumbnailUrl":"https:\/\/adexa.ee\/wp-content\/uploads\/2024\/12\/A65121206N.jpg","datePublished":"2026-03-26T07:05:03+00:00","dateModified":"2026-03-26T07:05:05+00:00","breadcrumb":{"@id":"https:\/\/adexa.ee\/toode\/soojuslamp-reguleeritava-korgusega-roosa-kuld-adexa-a65121206\/#breadcrumb"},"inLanguage":"en-US","potentialAction":[{"@type":"ReadAction","target":["https:\/\/adexa.ee\/toode\/soojuslamp-reguleeritava-korgusega-roosa-kuld-adexa-a65121206\/"]}]},{"@type":"ImageObject","inLanguage":"en-US","@id":"https:\/\/adexa.ee\/toode\/soojuslamp-reguleeritava-korgusega-roosa-kuld-adexa-a65121206\/#primaryimage","url":"https:\/\/adexa.ee\/wp-content\/uploads\/2024\/12\/A65121206N.jpg","contentUrl":"https:\/\/adexa.ee\/wp-content\/uploads\/2024\/12\/A65121206N.jpg","width":1084,"height":1084},{"@type":"BreadcrumbList","@id":"https:\/\/adexa.ee\/toode\/soojuslamp-reguleeritava-korgusega-roosa-kuld-adexa-a65121206\/#breadcrumb","itemListElement":[{"@type":"ListItem","position":1,"name":"Home","item":"https:\/\/adexa.ee\/"},{"@type":"ListItem","position":2,"name":"Tooted","item":"https:\/\/adexa.ee\/pood\/"},{"@type":"ListItem","position":3,"name":"Soojuslamp reguleeritava k\u00f5rgusega, roosa kuld | Adexa A65121206"}]},{"@type":"WebSite","@id":"https:\/\/adexa.ee\/#website","url":"https:\/\/adexa.ee\/","name":"Adexa","description":"","publisher":{"@id":"https:\/\/adexa.ee\/#organization"},"potentialAction":[{"@type":"SearchAction","target":{"@type":"EntryPoint","urlTemplate":"https:\/\/adexa.ee\/?s={search_term_string}"},"query-input":{"@type":"PropertyValueSpecification","valueRequired":true,"valueName":"search_term_string"}}],"inLanguage":"en-US"},{"@type":"Organization","@id":"https:\/\/adexa.ee\/#organization","name":"Adexa","url":"https:\/\/adexa.ee\/","logo":{"@type":"ImageObject","inLanguage":"en-US","@id":"https:\/\/adexa.ee\/#\/schema\/logo\/image\/","url":"https:\/\/adexa.ee\/wp-content\/uploads\/2024\/04\/chef-cooks-working-in-professional-kitchen-2023-11-27-05-07-39-utc-scaled.jpg","contentUrl":"https:\/\/adexa.ee\/wp-content\/uploads\/2024\/04\/chef-cooks-working-in-professional-kitchen-2023-11-27-05-07-39-utc-scaled.jpg","width":2560,"height":1708,"caption":"Adexa"},"image":{"@id":"https:\/\/adexa.ee\/#\/schema\/logo\/image\/"}}]}},"_links":{"self":[{"href":"https:\/\/adexa.ee\/en\/wp-json\/wp\/v2\/product\/9901","targetHints":{"allow":["GET"]}}],"collection":[{"href":"https:\/\/adexa.ee\/en\/wp-json\/wp\/v2\/product"}],"about":[{"href":"https:\/\/adexa.ee\/en\/wp-json\/wp\/v2\/types\/product"}],"wp:featuredmedia":[{"embeddable":true,"href":"https:\/\/adexa.ee\/en\/wp-json\/wp\/v2\/media\/9904"}],"wp:attachment":[{"href":"https:\/\/adexa.ee\/en\/wp-json\/wp\/v2\/media?parent=9901"}],"wp:term":[{"taxonomy":"product_brand","embeddable":true,"href":"https:\/\/adexa.ee\/en\/wp-json\/wp\/v2\/product_brand?post=9901"},{"taxonomy":"product_cat","embeddable":true,"href":"https:\/\/adexa.ee\/en\/wp-json\/wp\/v2\/product_cat?post=9901"},{"taxonomy":"product_tag","embeddable":true,"href":"https:\/\/adexa.ee\/en\/wp-json\/wp\/v2\/product_tag?post=9901"}],"curies":[{"name":"wp","href":"https:\/\/api.w.org\/{rel}","templated":true}]}}