{"id":9931,"date":"2026-03-26T09:05:03","date_gmt":"2026-03-26T07:05:03","guid":{"rendered":"https:\/\/adexa.ee\/toode\/seadmealus-madal-laud-kolme-kulgmise-kandiga-900x760x600mm-adexa-es4187690\/"},"modified":"2026-03-26T09:05:08","modified_gmt":"2026-03-26T07:05:08","slug":"seadmealus-madal-laud-kolme-kulgmise-kandiga-900x760x600mm-adexa-es4187690","status":"publish","type":"product","link":"https:\/\/adexa.ee\/en\/toode\/seadmealus-madal-laud-kolme-kulgmise-kandiga-900x760x600mm-adexa-es4187690\/","title":{"rendered":"Seadmealus\/Madal laud kolme k\u00fclgmise kandiga 900x760x600mm | Adexa ES4187690"},"content":{"rendered":"<p>Toetage oma kaubandusliku toitlustusk\u00f6\u00f6gi seadmeid selle professionaalse roostevabast terasest seadmealusega! Sellel laual on vastupidav roostevabast terasest pealne koos t\u00f5stetud servadega, et teie seadmed p\u00fcsiksid kindlalt paigal kogu kiire t\u00f6\u00f6p\u00e4eva v\u00e4ltel. T\u00e4iendav alariiul pakub veelgi rohkem hoiustamisv\u00f5imalusi, et saaksite k\u00f5ik vajaliku hoida k\u00e4eulatuses mugava ja sujuva t\u00f6\u00f6 tagamiseks. \u00dcksikasjalik teave on saadaval jaotises &#8216;Spetsifikatsioon&#8217;.<\/p>\n<table style=\"border-collapse: collapse; width: 100%; text-align: left;\">\n<tbody>\n<tr>\n<td style=\"border: 1px solid #ddd; padding: 8px; width: 45%;\"><strong>S\u00fcgavus<\/strong><\/td>\n<td style=\"border: 1px solid #ddd; padding: 8px;\">760 mm<\/td>\n<\/tr>\n<tr>\n<td style=\"border: 1px solid #ddd; padding: 8px; width: 45%;\"><strong>K\u00f5rgus<\/strong><\/td>\n<td style=\"border: 1px solid #ddd; padding: 8px;\">600 mm<\/td>\n<\/tr>\n<tr>\n<td style=\"border: 1px solid #ddd; padding: 8px; width: 45%;\"><strong>Laius<\/strong><\/td>\n<td style=\"border: 1px solid #ddd; padding: 8px;\">900 mm<\/td>\n<\/tr>\n<tr>\n<td style=\"border: 1px solid #ddd; padding: 8px; width: 45%;\"><strong>Kaal<\/strong><\/td>\n<td style=\"border: 1px solid #ddd; padding: 8px;\">22 kg<\/td>\n<\/tr>\n<tr>\n<td style=\"border: 1px solid #ddd; padding: 8px; width: 45%;\"><strong>Garantii<\/strong><\/td>\n<td style=\"border: 1px solid #ddd; padding: 8px;\">12 kuu varuosade garantii<\/td>\n<\/tr>\n<tr>\n<td style=\"border: 1px solid #ddd; padding: 8px; width: 45%;\"><strong>Mahutavus<\/strong><\/td>\n<td style=\"border: 1px solid #ddd; padding: 8px;\">200 kg<\/td>\n<\/tr>\n<tr>\n<td style=\"border: 1px solid #ddd; padding: 8px; width: 45%;\"><strong>Materjal<\/strong><\/td>\n<td style=\"border: 1px solid #ddd; padding: 8px;\">Roostevabast terasest pealispind \/ tsingitud alaruum ja jalad<\/td>\n<\/tr>\n<\/tbody>\n<\/table>\n","protected":false},"excerpt":{"rendered":"<p>Toetage oma kaubandusliku toitlustusk\u00f6\u00f6gi seadmeid selle professionaalse roostevabast terasest seadmealusega! Sellel laual on vastupidav roostevabast terasest pealne koos t\u00f5stetud servadega,<\/p>\n","protected":false},"featured_media":9933,"template":"","meta":[],"product_brand":[],"product_cat":[572,577],"product_tag":[],"class_list":{"0":"post-9931","1":"product","2":"type-product","3":"status-publish","4":"has-post-thumbnail","6":"product_cat-roostevabad-tooted","7":"product_cat-seadmete-alusraamid","9":"first","10":"instock","11":"sale","12":"taxable","13":"shipping-taxable","14":"purchasable","15":"product-type-simple"},"yoast_head":"<!-- This site is optimized with the Yoast SEO plugin v27.3 - https:\/\/yoast.com\/product\/yoast-seo-wordpress\/ -->\n<title>Seadmealus\/Madal laud kolme k\u00fclgmise kandiga 900x760x600mm | Adexa ES4187690 - Adexa \u2013 Suurk\u00f6\u00f6giseadmed restoranidele ja toitlustusele<\/title>\n<meta name=\"robots\" content=\"index, follow, max-snippet:-1, max-image-preview:large, max-video-preview:-1\" \/>\n<link rel=\"canonical\" href=\"https:\/\/adexa.ee\/toode\/seadmealus-madal-laud-kolme-kulgmise-kandiga-900x760x600mm-adexa-es4187690\/\" \/>\n<meta property=\"og:locale\" content=\"en_US\" \/>\n<meta property=\"og:type\" content=\"article\" \/>\n<meta property=\"og:title\" content=\"Seadmealus\/Madal laud kolme k\u00fclgmise kandiga 900x760x600mm | Adexa ES4187690 - Adexa \u2013 Suurk\u00f6\u00f6giseadmed restoranidele ja toitlustusele\" \/>\n<meta property=\"og:description\" content=\"Toetage oma kaubandusliku toitlustusk\u00f6\u00f6gi seadmeid selle professionaalse roostevabast terasest seadmealusega! Sellel laual on vastupidav roostevabast terasest pealne koos t\u00f5stetud servadega,\" \/>\n<meta property=\"og:url\" content=\"https:\/\/adexa.ee\/toode\/seadmealus-madal-laud-kolme-kulgmise-kandiga-900x760x600mm-adexa-es4187690\/\" \/>\n<meta property=\"og:site_name\" content=\"Adexa \u2013 Suurk\u00f6\u00f6giseadmed restoranidele ja toitlustusele\" \/>\n<meta property=\"article:modified_time\" content=\"2026-03-26T07:05:08+00:00\" \/>\n<meta property=\"og:image\" content=\"https:\/\/adexa.ee\/wp-content\/uploads\/2024\/12\/ES4187690.jpg\" \/>\n\t<meta property=\"og:image:width\" content=\"1500\" \/>\n\t<meta property=\"og:image:height\" content=\"1500\" \/>\n\t<meta property=\"og:image:type\" content=\"image\/jpeg\" \/>\n<meta name=\"twitter:card\" content=\"summary_large_image\" \/>\n<script type=\"application\/ld+json\" class=\"yoast-schema-graph\">{\"@context\":\"https:\\\/\\\/schema.org\",\"@graph\":[{\"@type\":\"WebPage\",\"@id\":\"https:\\\/\\\/adexa.ee\\\/toode\\\/seadmealus-madal-laud-kolme-kulgmise-kandiga-900x760x600mm-adexa-es4187690\\\/\",\"url\":\"https:\\\/\\\/adexa.ee\\\/toode\\\/seadmealus-madal-laud-kolme-kulgmise-kandiga-900x760x600mm-adexa-es4187690\\\/\",\"name\":\"Seadmealus\\\/Madal laud kolme k\u00fclgmise kandiga 900x760x600mm | Adexa ES4187690 - Adexa \u2013 Suurk\u00f6\u00f6giseadmed restoranidele ja toitlustusele\",\"isPartOf\":{\"@id\":\"https:\\\/\\\/adexa.ee\\\/#website\"},\"primaryImageOfPage\":{\"@id\":\"https:\\\/\\\/adexa.ee\\\/toode\\\/seadmealus-madal-laud-kolme-kulgmise-kandiga-900x760x600mm-adexa-es4187690\\\/#primaryimage\"},\"image\":{\"@id\":\"https:\\\/\\\/adexa.ee\\\/toode\\\/seadmealus-madal-laud-kolme-kulgmise-kandiga-900x760x600mm-adexa-es4187690\\\/#primaryimage\"},\"thumbnailUrl\":\"https:\\\/\\\/adexa.ee\\\/wp-content\\\/uploads\\\/2024\\\/12\\\/ES4187690.jpg\",\"datePublished\":\"2026-03-26T07:05:03+00:00\",\"dateModified\":\"2026-03-26T07:05:08+00:00\",\"breadcrumb\":{\"@id\":\"https:\\\/\\\/adexa.ee\\\/toode\\\/seadmealus-madal-laud-kolme-kulgmise-kandiga-900x760x600mm-adexa-es4187690\\\/#breadcrumb\"},\"inLanguage\":\"en-US\",\"potentialAction\":[{\"@type\":\"ReadAction\",\"target\":[\"https:\\\/\\\/adexa.ee\\\/toode\\\/seadmealus-madal-laud-kolme-kulgmise-kandiga-900x760x600mm-adexa-es4187690\\\/\"]}]},{\"@type\":\"ImageObject\",\"inLanguage\":\"en-US\",\"@id\":\"https:\\\/\\\/adexa.ee\\\/toode\\\/seadmealus-madal-laud-kolme-kulgmise-kandiga-900x760x600mm-adexa-es4187690\\\/#primaryimage\",\"url\":\"https:\\\/\\\/adexa.ee\\\/wp-content\\\/uploads\\\/2024\\\/12\\\/ES4187690.jpg\",\"contentUrl\":\"https:\\\/\\\/adexa.ee\\\/wp-content\\\/uploads\\\/2024\\\/12\\\/ES4187690.jpg\",\"width\":1500,\"height\":1500},{\"@type\":\"BreadcrumbList\",\"@id\":\"https:\\\/\\\/adexa.ee\\\/toode\\\/seadmealus-madal-laud-kolme-kulgmise-kandiga-900x760x600mm-adexa-es4187690\\\/#breadcrumb\",\"itemListElement\":[{\"@type\":\"ListItem\",\"position\":1,\"name\":\"Home\",\"item\":\"https:\\\/\\\/adexa.ee\\\/\"},{\"@type\":\"ListItem\",\"position\":2,\"name\":\"Tooted\",\"item\":\"https:\\\/\\\/adexa.ee\\\/pood\\\/\"},{\"@type\":\"ListItem\",\"position\":3,\"name\":\"Seadmealus\\\/Madal laud kolme k\u00fclgmise kandiga 900x760x600mm | Adexa ES4187690\"}]},{\"@type\":\"WebSite\",\"@id\":\"https:\\\/\\\/adexa.ee\\\/#website\",\"url\":\"https:\\\/\\\/adexa.ee\\\/\",\"name\":\"Adexa\",\"description\":\"\",\"publisher\":{\"@id\":\"https:\\\/\\\/adexa.ee\\\/#organization\"},\"potentialAction\":[{\"@type\":\"SearchAction\",\"target\":{\"@type\":\"EntryPoint\",\"urlTemplate\":\"https:\\\/\\\/adexa.ee\\\/?s={search_term_string}\"},\"query-input\":{\"@type\":\"PropertyValueSpecification\",\"valueRequired\":true,\"valueName\":\"search_term_string\"}}],\"inLanguage\":\"en-US\"},{\"@type\":\"Organization\",\"@id\":\"https:\\\/\\\/adexa.ee\\\/#organization\",\"name\":\"Adexa\",\"url\":\"https:\\\/\\\/adexa.ee\\\/\",\"logo\":{\"@type\":\"ImageObject\",\"inLanguage\":\"en-US\",\"@id\":\"https:\\\/\\\/adexa.ee\\\/#\\\/schema\\\/logo\\\/image\\\/\",\"url\":\"https:\\\/\\\/adexa.ee\\\/wp-content\\\/uploads\\\/2024\\\/04\\\/chef-cooks-working-in-professional-kitchen-2023-11-27-05-07-39-utc-scaled.jpg\",\"contentUrl\":\"https:\\\/\\\/adexa.ee\\\/wp-content\\\/uploads\\\/2024\\\/04\\\/chef-cooks-working-in-professional-kitchen-2023-11-27-05-07-39-utc-scaled.jpg\",\"width\":2560,\"height\":1708,\"caption\":\"Adexa\"},\"image\":{\"@id\":\"https:\\\/\\\/adexa.ee\\\/#\\\/schema\\\/logo\\\/image\\\/\"}}]}<\/script>\n<!-- \/ Yoast SEO plugin. -->","yoast_head_json":{"title":"Seadmealus\/Madal laud kolme k\u00fclgmise kandiga 900x760x600mm | Adexa ES4187690 - Adexa \u2013 Suurk\u00f6\u00f6giseadmed restoranidele ja toitlustusele","robots":{"index":"index","follow":"follow","max-snippet":"max-snippet:-1","max-image-preview":"max-image-preview:large","max-video-preview":"max-video-preview:-1"},"canonical":"https:\/\/adexa.ee\/toode\/seadmealus-madal-laud-kolme-kulgmise-kandiga-900x760x600mm-adexa-es4187690\/","og_locale":"en_US","og_type":"article","og_title":"Seadmealus\/Madal laud kolme k\u00fclgmise kandiga 900x760x600mm | Adexa ES4187690 - Adexa \u2013 Suurk\u00f6\u00f6giseadmed restoranidele ja toitlustusele","og_description":"Toetage oma kaubandusliku toitlustusk\u00f6\u00f6gi seadmeid selle professionaalse roostevabast terasest seadmealusega! Sellel laual on vastupidav roostevabast terasest pealne koos t\u00f5stetud servadega,","og_url":"https:\/\/adexa.ee\/toode\/seadmealus-madal-laud-kolme-kulgmise-kandiga-900x760x600mm-adexa-es4187690\/","og_site_name":"Adexa \u2013 Suurk\u00f6\u00f6giseadmed restoranidele ja toitlustusele","article_modified_time":"2026-03-26T07:05:08+00:00","og_image":[{"width":1500,"height":1500,"url":"https:\/\/adexa.ee\/wp-content\/uploads\/2024\/12\/ES4187690.jpg","type":"image\/jpeg"}],"twitter_card":"summary_large_image","schema":{"@context":"https:\/\/schema.org","@graph":[{"@type":"WebPage","@id":"https:\/\/adexa.ee\/toode\/seadmealus-madal-laud-kolme-kulgmise-kandiga-900x760x600mm-adexa-es4187690\/","url":"https:\/\/adexa.ee\/toode\/seadmealus-madal-laud-kolme-kulgmise-kandiga-900x760x600mm-adexa-es4187690\/","name":"Seadmealus\/Madal laud kolme k\u00fclgmise kandiga 900x760x600mm | Adexa ES4187690 - Adexa \u2013 Suurk\u00f6\u00f6giseadmed restoranidele ja toitlustusele","isPartOf":{"@id":"https:\/\/adexa.ee\/#website"},"primaryImageOfPage":{"@id":"https:\/\/adexa.ee\/toode\/seadmealus-madal-laud-kolme-kulgmise-kandiga-900x760x600mm-adexa-es4187690\/#primaryimage"},"image":{"@id":"https:\/\/adexa.ee\/toode\/seadmealus-madal-laud-kolme-kulgmise-kandiga-900x760x600mm-adexa-es4187690\/#primaryimage"},"thumbnailUrl":"https:\/\/adexa.ee\/wp-content\/uploads\/2024\/12\/ES4187690.jpg","datePublished":"2026-03-26T07:05:03+00:00","dateModified":"2026-03-26T07:05:08+00:00","breadcrumb":{"@id":"https:\/\/adexa.ee\/toode\/seadmealus-madal-laud-kolme-kulgmise-kandiga-900x760x600mm-adexa-es4187690\/#breadcrumb"},"inLanguage":"en-US","potentialAction":[{"@type":"ReadAction","target":["https:\/\/adexa.ee\/toode\/seadmealus-madal-laud-kolme-kulgmise-kandiga-900x760x600mm-adexa-es4187690\/"]}]},{"@type":"ImageObject","inLanguage":"en-US","@id":"https:\/\/adexa.ee\/toode\/seadmealus-madal-laud-kolme-kulgmise-kandiga-900x760x600mm-adexa-es4187690\/#primaryimage","url":"https:\/\/adexa.ee\/wp-content\/uploads\/2024\/12\/ES4187690.jpg","contentUrl":"https:\/\/adexa.ee\/wp-content\/uploads\/2024\/12\/ES4187690.jpg","width":1500,"height":1500},{"@type":"BreadcrumbList","@id":"https:\/\/adexa.ee\/toode\/seadmealus-madal-laud-kolme-kulgmise-kandiga-900x760x600mm-adexa-es4187690\/#breadcrumb","itemListElement":[{"@type":"ListItem","position":1,"name":"Home","item":"https:\/\/adexa.ee\/"},{"@type":"ListItem","position":2,"name":"Tooted","item":"https:\/\/adexa.ee\/pood\/"},{"@type":"ListItem","position":3,"name":"Seadmealus\/Madal laud kolme k\u00fclgmise kandiga 900x760x600mm | Adexa ES4187690"}]},{"@type":"WebSite","@id":"https:\/\/adexa.ee\/#website","url":"https:\/\/adexa.ee\/","name":"Adexa","description":"","publisher":{"@id":"https:\/\/adexa.ee\/#organization"},"potentialAction":[{"@type":"SearchAction","target":{"@type":"EntryPoint","urlTemplate":"https:\/\/adexa.ee\/?s={search_term_string}"},"query-input":{"@type":"PropertyValueSpecification","valueRequired":true,"valueName":"search_term_string"}}],"inLanguage":"en-US"},{"@type":"Organization","@id":"https:\/\/adexa.ee\/#organization","name":"Adexa","url":"https:\/\/adexa.ee\/","logo":{"@type":"ImageObject","inLanguage":"en-US","@id":"https:\/\/adexa.ee\/#\/schema\/logo\/image\/","url":"https:\/\/adexa.ee\/wp-content\/uploads\/2024\/04\/chef-cooks-working-in-professional-kitchen-2023-11-27-05-07-39-utc-scaled.jpg","contentUrl":"https:\/\/adexa.ee\/wp-content\/uploads\/2024\/04\/chef-cooks-working-in-professional-kitchen-2023-11-27-05-07-39-utc-scaled.jpg","width":2560,"height":1708,"caption":"Adexa"},"image":{"@id":"https:\/\/adexa.ee\/#\/schema\/logo\/image\/"}}]}},"_links":{"self":[{"href":"https:\/\/adexa.ee\/en\/wp-json\/wp\/v2\/product\/9931","targetHints":{"allow":["GET"]}}],"collection":[{"href":"https:\/\/adexa.ee\/en\/wp-json\/wp\/v2\/product"}],"about":[{"href":"https:\/\/adexa.ee\/en\/wp-json\/wp\/v2\/types\/product"}],"wp:featuredmedia":[{"embeddable":true,"href":"https:\/\/adexa.ee\/en\/wp-json\/wp\/v2\/media\/9933"}],"wp:attachment":[{"href":"https:\/\/adexa.ee\/en\/wp-json\/wp\/v2\/media?parent=9931"}],"wp:term":[{"taxonomy":"product_brand","embeddable":true,"href":"https:\/\/adexa.ee\/en\/wp-json\/wp\/v2\/product_brand?post=9931"},{"taxonomy":"product_cat","embeddable":true,"href":"https:\/\/adexa.ee\/en\/wp-json\/wp\/v2\/product_cat?post=9931"},{"taxonomy":"product_tag","embeddable":true,"href":"https:\/\/adexa.ee\/en\/wp-json\/wp\/v2\/product_tag?post=9931"}],"curies":[{"name":"wp","href":"https:\/\/api.w.org\/{rel}","templated":true}]}}