{"id":9952,"date":"2026-04-01T11:35:04","date_gmt":"2026-04-01T08:35:04","guid":{"rendered":"https:\/\/adexa.ee\/toode\/serveerimislaua-polupropuleenist-ristkulikukujuline-430x305mm-must-adexa-tf0003\/"},"modified":"2026-04-01T11:35:05","modified_gmt":"2026-04-01T08:35:05","slug":"serveerimiskandik-polupropuleenist-ristkulikukujuline-430x305mm-must-adexa-tf0003","status":"publish","type":"product","link":"https:\/\/adexa.ee\/en\/toode\/serveerimiskandik-polupropuleenist-ristkulikukujuline-430x305mm-must-adexa-tf0003\/","title":{"rendered":"Serveerimiskandik pol\u00fcprop\u00fcleenist ristk\u00fclikukujuline 430x305mm must | Adexa TF0003"},"content":{"rendered":"<p>Ideaalne kasutamiseks kohvikutes, buffetides ja iseteeninduskohtades, see must serveerimisalus on mitmek\u00fclgsuse ja vastupidavuse t\u00e4iuslik kombinatsioon! Kerge konstruktsioon sobib ideaalselt, kui tuleb liikuda tiheda restoraniga, kus tellimus on t\u00e4is jooke ja toitu. Samuti on see lihtsasti puhastatav ja virnastatav, mis t\u00e4hendab, et seda saab k\u00f6\u00f6gis v\u00f5i baaris hoiustada. T\u00e4psema teabe saamiseks vaadake jaotist &#8220;Tehnilised andmed&#8221;.<\/p>\n<table style=\"border-collapse: collapse; width: 100%; text-align: left;\">\n<tbody>\n<tr>\n<td style=\"border: 1px solid #ddd; padding: 8px; width: 45%;\"><strong>Materjal<\/strong><\/td>\n<td style=\"border: 1px solid #ddd; padding: 8px;\">Pol\u00fcprop\u00fcleen<\/td>\n<\/tr>\n<tr>\n<td style=\"border: 1px solid #ddd; padding: 8px; width: 45%;\"><strong>V\u00e4rv<\/strong><\/td>\n<td style=\"border: 1px solid #ddd; padding: 8px;\">Must<\/td>\n<\/tr>\n<tr>\n<td style=\"border: 1px solid #ddd; padding: 8px; width: 45%;\"><strong>M\u00f5\u00f5tmed<\/strong><\/td>\n<td style=\"border: 1px solid #ddd; padding: 8px;\">430&#215;305 mm<\/td>\n<\/tr>\n<\/tbody>\n<\/table>\n","protected":false},"excerpt":{"rendered":"<p>Ideaalne kasutamiseks kohvikutes, buffetides ja iseteeninduskohtades, see must serveerimisalus on mitmek\u00fclgsuse ja vastupidavuse t\u00e4iuslik kombinatsioon! Kerge konstruktsioon sobib ideaalselt, kui<\/p>\n","protected":false},"featured_media":9954,"template":"","meta":[],"product_brand":[],"product_cat":[587,579,569,586],"product_tag":[],"class_list":{"0":"post-9952","1":"product","2":"type-product","3":"status-publish","4":"has-post-thumbnail","6":"product_cat-kandikud-ja-serveerimisalused","7":"product_cat-koogitarbed-noud","8":"product_cat-lopumuuk","9":"product_cat-serveerimine","11":"first","12":"instock","13":"sale","14":"taxable","15":"shipping-taxable","16":"purchasable","17":"product-type-simple"},"yoast_head":"<!-- This site is optimized with the Yoast SEO plugin v27.3 - https:\/\/yoast.com\/product\/yoast-seo-wordpress\/ -->\n<title>Serveerimiskandik pol\u00fcprop\u00fcleenist ristk\u00fclikukujuline 430x305mm must | Adexa TF0003 - Adexa \u2013 Suurk\u00f6\u00f6giseadmed restoranidele ja toitlustusele<\/title>\n<meta name=\"robots\" content=\"index, follow, max-snippet:-1, max-image-preview:large, max-video-preview:-1\" \/>\n<link rel=\"canonical\" href=\"https:\/\/adexa.ee\/toode\/serveerimiskandik-polupropuleenist-ristkulikukujuline-430x305mm-must-adexa-tf0003\/\" \/>\n<meta property=\"og:locale\" content=\"en_US\" \/>\n<meta property=\"og:type\" content=\"article\" \/>\n<meta property=\"og:title\" content=\"Serveerimiskandik pol\u00fcprop\u00fcleenist ristk\u00fclikukujuline 430x305mm must | Adexa TF0003 - Adexa \u2013 Suurk\u00f6\u00f6giseadmed restoranidele ja toitlustusele\" \/>\n<meta property=\"og:description\" content=\"Ideaalne kasutamiseks kohvikutes, buffetides ja iseteeninduskohtades, see must serveerimisalus on mitmek\u00fclgsuse ja vastupidavuse t\u00e4iuslik kombinatsioon! Kerge konstruktsioon sobib ideaalselt, kui\" \/>\n<meta property=\"og:url\" content=\"https:\/\/adexa.ee\/toode\/serveerimiskandik-polupropuleenist-ristkulikukujuline-430x305mm-must-adexa-tf0003\/\" \/>\n<meta property=\"og:site_name\" content=\"Adexa \u2013 Suurk\u00f6\u00f6giseadmed restoranidele ja toitlustusele\" \/>\n<meta property=\"article:modified_time\" content=\"2026-04-01T08:35:05+00:00\" \/>\n<meta property=\"og:image\" content=\"https:\/\/adexa.ee\/wp-content\/uploads\/2024\/12\/TF0003-B.jpg\" \/>\n\t<meta property=\"og:image:width\" content=\"2000\" \/>\n\t<meta property=\"og:image:height\" content=\"2000\" \/>\n\t<meta property=\"og:image:type\" content=\"image\/jpeg\" \/>\n<meta name=\"twitter:card\" content=\"summary_large_image\" \/>\n<script type=\"application\/ld+json\" class=\"yoast-schema-graph\">{\"@context\":\"https:\\\/\\\/schema.org\",\"@graph\":[{\"@type\":\"WebPage\",\"@id\":\"https:\\\/\\\/adexa.ee\\\/toode\\\/serveerimiskandik-polupropuleenist-ristkulikukujuline-430x305mm-must-adexa-tf0003\\\/\",\"url\":\"https:\\\/\\\/adexa.ee\\\/toode\\\/serveerimiskandik-polupropuleenist-ristkulikukujuline-430x305mm-must-adexa-tf0003\\\/\",\"name\":\"Serveerimiskandik pol\u00fcprop\u00fcleenist ristk\u00fclikukujuline 430x305mm must | Adexa TF0003 - Adexa \u2013 Suurk\u00f6\u00f6giseadmed restoranidele ja toitlustusele\",\"isPartOf\":{\"@id\":\"https:\\\/\\\/adexa.ee\\\/#website\"},\"primaryImageOfPage\":{\"@id\":\"https:\\\/\\\/adexa.ee\\\/toode\\\/serveerimiskandik-polupropuleenist-ristkulikukujuline-430x305mm-must-adexa-tf0003\\\/#primaryimage\"},\"image\":{\"@id\":\"https:\\\/\\\/adexa.ee\\\/toode\\\/serveerimiskandik-polupropuleenist-ristkulikukujuline-430x305mm-must-adexa-tf0003\\\/#primaryimage\"},\"thumbnailUrl\":\"https:\\\/\\\/adexa.ee\\\/wp-content\\\/uploads\\\/2024\\\/12\\\/TF0003-B.jpg\",\"datePublished\":\"2026-04-01T08:35:04+00:00\",\"dateModified\":\"2026-04-01T08:35:05+00:00\",\"breadcrumb\":{\"@id\":\"https:\\\/\\\/adexa.ee\\\/toode\\\/serveerimiskandik-polupropuleenist-ristkulikukujuline-430x305mm-must-adexa-tf0003\\\/#breadcrumb\"},\"inLanguage\":\"en-US\",\"potentialAction\":[{\"@type\":\"ReadAction\",\"target\":[\"https:\\\/\\\/adexa.ee\\\/toode\\\/serveerimiskandik-polupropuleenist-ristkulikukujuline-430x305mm-must-adexa-tf0003\\\/\"]}]},{\"@type\":\"ImageObject\",\"inLanguage\":\"en-US\",\"@id\":\"https:\\\/\\\/adexa.ee\\\/toode\\\/serveerimiskandik-polupropuleenist-ristkulikukujuline-430x305mm-must-adexa-tf0003\\\/#primaryimage\",\"url\":\"https:\\\/\\\/adexa.ee\\\/wp-content\\\/uploads\\\/2024\\\/12\\\/TF0003-B.jpg\",\"contentUrl\":\"https:\\\/\\\/adexa.ee\\\/wp-content\\\/uploads\\\/2024\\\/12\\\/TF0003-B.jpg\",\"width\":2000,\"height\":2000},{\"@type\":\"BreadcrumbList\",\"@id\":\"https:\\\/\\\/adexa.ee\\\/toode\\\/serveerimiskandik-polupropuleenist-ristkulikukujuline-430x305mm-must-adexa-tf0003\\\/#breadcrumb\",\"itemListElement\":[{\"@type\":\"ListItem\",\"position\":1,\"name\":\"Home\",\"item\":\"https:\\\/\\\/adexa.ee\\\/\"},{\"@type\":\"ListItem\",\"position\":2,\"name\":\"Tooted\",\"item\":\"https:\\\/\\\/adexa.ee\\\/pood\\\/\"},{\"@type\":\"ListItem\",\"position\":3,\"name\":\"Serveerimiskandik pol\u00fcprop\u00fcleenist ristk\u00fclikukujuline 430x305mm must | Adexa TF0003\"}]},{\"@type\":\"WebSite\",\"@id\":\"https:\\\/\\\/adexa.ee\\\/#website\",\"url\":\"https:\\\/\\\/adexa.ee\\\/\",\"name\":\"Adexa\",\"description\":\"\",\"publisher\":{\"@id\":\"https:\\\/\\\/adexa.ee\\\/#organization\"},\"potentialAction\":[{\"@type\":\"SearchAction\",\"target\":{\"@type\":\"EntryPoint\",\"urlTemplate\":\"https:\\\/\\\/adexa.ee\\\/?s={search_term_string}\"},\"query-input\":{\"@type\":\"PropertyValueSpecification\",\"valueRequired\":true,\"valueName\":\"search_term_string\"}}],\"inLanguage\":\"en-US\"},{\"@type\":\"Organization\",\"@id\":\"https:\\\/\\\/adexa.ee\\\/#organization\",\"name\":\"Adexa\",\"url\":\"https:\\\/\\\/adexa.ee\\\/\",\"logo\":{\"@type\":\"ImageObject\",\"inLanguage\":\"en-US\",\"@id\":\"https:\\\/\\\/adexa.ee\\\/#\\\/schema\\\/logo\\\/image\\\/\",\"url\":\"https:\\\/\\\/adexa.ee\\\/wp-content\\\/uploads\\\/2024\\\/04\\\/chef-cooks-working-in-professional-kitchen-2023-11-27-05-07-39-utc-scaled.jpg\",\"contentUrl\":\"https:\\\/\\\/adexa.ee\\\/wp-content\\\/uploads\\\/2024\\\/04\\\/chef-cooks-working-in-professional-kitchen-2023-11-27-05-07-39-utc-scaled.jpg\",\"width\":2560,\"height\":1708,\"caption\":\"Adexa\"},\"image\":{\"@id\":\"https:\\\/\\\/adexa.ee\\\/#\\\/schema\\\/logo\\\/image\\\/\"}}]}<\/script>\n<!-- \/ Yoast SEO plugin. -->","yoast_head_json":{"title":"Serveerimiskandik pol\u00fcprop\u00fcleenist ristk\u00fclikukujuline 430x305mm must | Adexa TF0003 - Adexa \u2013 Suurk\u00f6\u00f6giseadmed restoranidele ja toitlustusele","robots":{"index":"index","follow":"follow","max-snippet":"max-snippet:-1","max-image-preview":"max-image-preview:large","max-video-preview":"max-video-preview:-1"},"canonical":"https:\/\/adexa.ee\/toode\/serveerimiskandik-polupropuleenist-ristkulikukujuline-430x305mm-must-adexa-tf0003\/","og_locale":"en_US","og_type":"article","og_title":"Serveerimiskandik pol\u00fcprop\u00fcleenist ristk\u00fclikukujuline 430x305mm must | Adexa TF0003 - Adexa \u2013 Suurk\u00f6\u00f6giseadmed restoranidele ja toitlustusele","og_description":"Ideaalne kasutamiseks kohvikutes, buffetides ja iseteeninduskohtades, see must serveerimisalus on mitmek\u00fclgsuse ja vastupidavuse t\u00e4iuslik kombinatsioon! Kerge konstruktsioon sobib ideaalselt, kui","og_url":"https:\/\/adexa.ee\/toode\/serveerimiskandik-polupropuleenist-ristkulikukujuline-430x305mm-must-adexa-tf0003\/","og_site_name":"Adexa \u2013 Suurk\u00f6\u00f6giseadmed restoranidele ja toitlustusele","article_modified_time":"2026-04-01T08:35:05+00:00","og_image":[{"width":2000,"height":2000,"url":"https:\/\/adexa.ee\/wp-content\/uploads\/2024\/12\/TF0003-B.jpg","type":"image\/jpeg"}],"twitter_card":"summary_large_image","schema":{"@context":"https:\/\/schema.org","@graph":[{"@type":"WebPage","@id":"https:\/\/adexa.ee\/toode\/serveerimiskandik-polupropuleenist-ristkulikukujuline-430x305mm-must-adexa-tf0003\/","url":"https:\/\/adexa.ee\/toode\/serveerimiskandik-polupropuleenist-ristkulikukujuline-430x305mm-must-adexa-tf0003\/","name":"Serveerimiskandik pol\u00fcprop\u00fcleenist ristk\u00fclikukujuline 430x305mm must | Adexa TF0003 - Adexa \u2013 Suurk\u00f6\u00f6giseadmed restoranidele ja toitlustusele","isPartOf":{"@id":"https:\/\/adexa.ee\/#website"},"primaryImageOfPage":{"@id":"https:\/\/adexa.ee\/toode\/serveerimiskandik-polupropuleenist-ristkulikukujuline-430x305mm-must-adexa-tf0003\/#primaryimage"},"image":{"@id":"https:\/\/adexa.ee\/toode\/serveerimiskandik-polupropuleenist-ristkulikukujuline-430x305mm-must-adexa-tf0003\/#primaryimage"},"thumbnailUrl":"https:\/\/adexa.ee\/wp-content\/uploads\/2024\/12\/TF0003-B.jpg","datePublished":"2026-04-01T08:35:04+00:00","dateModified":"2026-04-01T08:35:05+00:00","breadcrumb":{"@id":"https:\/\/adexa.ee\/toode\/serveerimiskandik-polupropuleenist-ristkulikukujuline-430x305mm-must-adexa-tf0003\/#breadcrumb"},"inLanguage":"en-US","potentialAction":[{"@type":"ReadAction","target":["https:\/\/adexa.ee\/toode\/serveerimiskandik-polupropuleenist-ristkulikukujuline-430x305mm-must-adexa-tf0003\/"]}]},{"@type":"ImageObject","inLanguage":"en-US","@id":"https:\/\/adexa.ee\/toode\/serveerimiskandik-polupropuleenist-ristkulikukujuline-430x305mm-must-adexa-tf0003\/#primaryimage","url":"https:\/\/adexa.ee\/wp-content\/uploads\/2024\/12\/TF0003-B.jpg","contentUrl":"https:\/\/adexa.ee\/wp-content\/uploads\/2024\/12\/TF0003-B.jpg","width":2000,"height":2000},{"@type":"BreadcrumbList","@id":"https:\/\/adexa.ee\/toode\/serveerimiskandik-polupropuleenist-ristkulikukujuline-430x305mm-must-adexa-tf0003\/#breadcrumb","itemListElement":[{"@type":"ListItem","position":1,"name":"Home","item":"https:\/\/adexa.ee\/"},{"@type":"ListItem","position":2,"name":"Tooted","item":"https:\/\/adexa.ee\/pood\/"},{"@type":"ListItem","position":3,"name":"Serveerimiskandik pol\u00fcprop\u00fcleenist ristk\u00fclikukujuline 430x305mm must | Adexa TF0003"}]},{"@type":"WebSite","@id":"https:\/\/adexa.ee\/#website","url":"https:\/\/adexa.ee\/","name":"Adexa","description":"","publisher":{"@id":"https:\/\/adexa.ee\/#organization"},"potentialAction":[{"@type":"SearchAction","target":{"@type":"EntryPoint","urlTemplate":"https:\/\/adexa.ee\/?s={search_term_string}"},"query-input":{"@type":"PropertyValueSpecification","valueRequired":true,"valueName":"search_term_string"}}],"inLanguage":"en-US"},{"@type":"Organization","@id":"https:\/\/adexa.ee\/#organization","name":"Adexa","url":"https:\/\/adexa.ee\/","logo":{"@type":"ImageObject","inLanguage":"en-US","@id":"https:\/\/adexa.ee\/#\/schema\/logo\/image\/","url":"https:\/\/adexa.ee\/wp-content\/uploads\/2024\/04\/chef-cooks-working-in-professional-kitchen-2023-11-27-05-07-39-utc-scaled.jpg","contentUrl":"https:\/\/adexa.ee\/wp-content\/uploads\/2024\/04\/chef-cooks-working-in-professional-kitchen-2023-11-27-05-07-39-utc-scaled.jpg","width":2560,"height":1708,"caption":"Adexa"},"image":{"@id":"https:\/\/adexa.ee\/#\/schema\/logo\/image\/"}}]}},"_links":{"self":[{"href":"https:\/\/adexa.ee\/en\/wp-json\/wp\/v2\/product\/9952","targetHints":{"allow":["GET"]}}],"collection":[{"href":"https:\/\/adexa.ee\/en\/wp-json\/wp\/v2\/product"}],"about":[{"href":"https:\/\/adexa.ee\/en\/wp-json\/wp\/v2\/types\/product"}],"wp:featuredmedia":[{"embeddable":true,"href":"https:\/\/adexa.ee\/en\/wp-json\/wp\/v2\/media\/9954"}],"wp:attachment":[{"href":"https:\/\/adexa.ee\/en\/wp-json\/wp\/v2\/media?parent=9952"}],"wp:term":[{"taxonomy":"product_brand","embeddable":true,"href":"https:\/\/adexa.ee\/en\/wp-json\/wp\/v2\/product_brand?post=9952"},{"taxonomy":"product_cat","embeddable":true,"href":"https:\/\/adexa.ee\/en\/wp-json\/wp\/v2\/product_cat?post=9952"},{"taxonomy":"product_tag","embeddable":true,"href":"https:\/\/adexa.ee\/en\/wp-json\/wp\/v2\/product_tag?post=9952"}],"curies":[{"name":"wp","href":"https:\/\/api.w.org\/{rel}","templated":true}]}}