{"id":9955,"date":"2026-03-26T09:05:03","date_gmt":"2026-03-26T07:05:03","guid":{"rendered":"https:\/\/adexa.ee\/toode\/kommertsiaalne-grilli-sile-ribitud-vaike-1-tsoon-2kw-elektriline-adexa-wheg810afr\/"},"modified":"2026-03-26T09:05:10","modified_gmt":"2026-03-26T07:05:10","slug":"plaatgrill-sile-soonega-vaike-1-tsoon-2kw-elektriline-adexa-wheg810afr","status":"publish","type":"product","link":"https:\/\/adexa.ee\/en\/toode\/plaatgrill-sile-soonega-vaike-1-tsoon-2kw-elektriline-adexa-wheg810afr\/","title":{"rendered":"Plaatgrill Sile\/Soonega V\u00e4ike 1 tsoon 2kW Elektriline | Adexa WHEG810AFR"},"content":{"rendered":"<p>See elektriline lauapealne grilli on loodud maksimaalse kiiruse ja mitmek\u00fclgsuse jaoks. Saate kiiresti valmistada erinevaid oma populaarseimaid roogasid selle kommertsliku elektrilise praepinnaga! Olgu tegu pannkookide, burgerite, grilljuustu v\u00f5i munapudruga, see raskekujuline roostevabast terasest grillpind pakub vajalikku vastupidavust ja j\u00f5udlust, et t\u00f6\u00f6 saaks tehtud. Paks terasest k\u00fcpsetuspind soojeneb \u00fchtlaselt, tagades kindlad k\u00fcpsetustulemused, olenemata sellest, kuhu toidu grilliplaadile asetate. 364x480x220mmSile\/ribitud2000WRoostevaba terasKuni +300\u00b0CK\u00fcpsetusala 358x393mm Palun vaadake jaotisest &#8220;Spetsifikatsioon&#8221; \u00fcksikasjaliku teabe saamiseks.<\/p>\n<table style=\"border-collapse: collapse; width: 100%; text-align: left;\">\n<tbody>\n<tr>\n<td style=\"border: 1px solid #ddd; padding: 8px; width: 45%;\"><strong>S\u00fcgavus<\/strong><\/td>\n<td style=\"border: 1px solid #ddd; padding: 8px;\">480 mm<\/td>\n<\/tr>\n<tr>\n<td style=\"border: 1px solid #ddd; padding: 8px; width: 45%;\"><strong>K\u00f5rgus<\/strong><\/td>\n<td style=\"border: 1px solid #ddd; padding: 8px;\">220 mm<\/td>\n<\/tr>\n<tr>\n<td style=\"border: 1px solid #ddd; padding: 8px; width: 45%;\"><strong>Laius<\/strong><\/td>\n<td style=\"border: 1px solid #ddd; padding: 8px;\">364 mm<\/td>\n<\/tr>\n<tr>\n<td style=\"border: 1px solid #ddd; padding: 8px; width: 45%;\"><strong>Kaal<\/strong><\/td>\n<td style=\"border: 1px solid #ddd; padding: 8px;\">11 kg<\/td>\n<\/tr>\n<tr>\n<td style=\"border: 1px solid #ddd; padding: 8px; width: 45%;\"><strong>Garantii<\/strong><\/td>\n<td style=\"border: 1px solid #ddd; padding: 8px;\">12 kuu varuosade garantii<\/td>\n<\/tr>\n<tr>\n<td style=\"border: 1px solid #ddd; padding: 8px; width: 45%;\"><strong>Versioon<\/strong><\/td>\n<td style=\"border: 1px solid #ddd; padding: 8px;\">Sile\/triibuline<\/td>\n<\/tr>\n<tr>\n<td style=\"border: 1px solid #ddd; padding: 8px; width: 45%;\"><strong>Toiteallikas<\/strong><\/td>\n<td style=\"border: 1px solid #ddd; padding: 8px;\">230V \/ 1 faas<\/td>\n<\/tr>\n<tr>\n<td style=\"border: 1px solid #ddd; padding: 8px; width: 45%;\"><strong>Materjal<\/strong><\/td>\n<td style=\"border: 1px solid #ddd; padding: 8px;\">Roostevaba teras<\/td>\n<\/tr>\n<tr>\n<td style=\"border: 1px solid #ddd; padding: 8px; width: 45%;\"><strong>Temperatuur<\/strong><\/td>\n<td style=\"border: 1px solid #ddd; padding: 8px;\">Kuni +300\u00b0C<\/td>\n<\/tr>\n<tr>\n<td style=\"border: 1px solid #ddd; padding: 8px; width: 45%;\"><strong>M\u00f5\u00f5tmed (keetmisala)<\/strong><\/td>\n<td style=\"border: 1px solid #ddd; padding: 8px;\">358&#215;393 mm<\/td>\n<\/tr>\n<\/tbody>\n<\/table>\n","protected":false},"excerpt":{"rendered":"<p>See elektriline lauapealne grilli on loodud maksimaalse kiiruse ja mitmek\u00fclgsuse jaoks. Saate kiiresti valmistada erinevaid oma populaarseimaid roogasid selle kommertsliku<\/p>\n","protected":false},"featured_media":9958,"template":"","meta":[],"product_brand":[],"product_cat":[591,589,590,557,588,569],"product_tag":[],"class_list":{"0":"post-9955","1":"product","2":"type-product","3":"status-publish","4":"has-post-thumbnail","6":"product_cat-elektrilised","7":"product_cat-grillplaadid","8":"product_cat-grillplaadid-kupsetusseadmed","9":"product_cat-kupsetusseadmed","10":"product_cat-kuumseadmed","11":"product_cat-lopumuuk","13":"first","14":"instock","15":"sale","16":"taxable","17":"shipping-taxable","18":"purchasable","19":"product-type-simple"},"yoast_head":"<!-- This site is optimized with the Yoast SEO plugin v27.3 - https:\/\/yoast.com\/product\/yoast-seo-wordpress\/ -->\n<title>Plaatgrill Sile\/Soonega V\u00e4ike 1 tsoon 2kW Elektriline | Adexa WHEG810AFR - Adexa \u2013 Suurk\u00f6\u00f6giseadmed restoranidele ja toitlustusele<\/title>\n<meta name=\"robots\" content=\"index, follow, max-snippet:-1, max-image-preview:large, max-video-preview:-1\" \/>\n<link rel=\"canonical\" href=\"https:\/\/adexa.ee\/toode\/plaatgrill-sile-soonega-vaike-1-tsoon-2kw-elektriline-adexa-wheg810afr\/\" \/>\n<meta property=\"og:locale\" content=\"en_US\" \/>\n<meta property=\"og:type\" content=\"article\" \/>\n<meta property=\"og:title\" content=\"Plaatgrill Sile\/Soonega V\u00e4ike 1 tsoon 2kW Elektriline | Adexa WHEG810AFR - Adexa \u2013 Suurk\u00f6\u00f6giseadmed restoranidele ja toitlustusele\" \/>\n<meta property=\"og:description\" content=\"See elektriline lauapealne grilli on loodud maksimaalse kiiruse ja mitmek\u00fclgsuse jaoks. Saate kiiresti valmistada erinevaid oma populaarseimaid roogasid selle kommertsliku\" \/>\n<meta property=\"og:url\" content=\"https:\/\/adexa.ee\/toode\/plaatgrill-sile-soonega-vaike-1-tsoon-2kw-elektriline-adexa-wheg810afr\/\" \/>\n<meta property=\"og:site_name\" content=\"Adexa \u2013 Suurk\u00f6\u00f6giseadmed restoranidele ja toitlustusele\" \/>\n<meta property=\"article:modified_time\" content=\"2026-03-26T07:05:10+00:00\" \/>\n<meta property=\"og:image\" content=\"https:\/\/adexa.ee\/wp-content\/uploads\/2024\/12\/WHEG810AFR-N.jpg\" \/>\n\t<meta property=\"og:image:width\" content=\"2000\" \/>\n\t<meta property=\"og:image:height\" content=\"2000\" \/>\n\t<meta property=\"og:image:type\" content=\"image\/jpeg\" \/>\n<meta name=\"twitter:card\" content=\"summary_large_image\" \/>\n<meta name=\"twitter:label1\" content=\"Est. reading time\" \/>\n\t<meta name=\"twitter:data1\" content=\"1 minute\" \/>\n<script type=\"application\/ld+json\" class=\"yoast-schema-graph\">{\"@context\":\"https:\\\/\\\/schema.org\",\"@graph\":[{\"@type\":\"WebPage\",\"@id\":\"https:\\\/\\\/adexa.ee\\\/toode\\\/plaatgrill-sile-soonega-vaike-1-tsoon-2kw-elektriline-adexa-wheg810afr\\\/\",\"url\":\"https:\\\/\\\/adexa.ee\\\/toode\\\/plaatgrill-sile-soonega-vaike-1-tsoon-2kw-elektriline-adexa-wheg810afr\\\/\",\"name\":\"Plaatgrill Sile\\\/Soonega V\u00e4ike 1 tsoon 2kW Elektriline | Adexa WHEG810AFR - Adexa \u2013 Suurk\u00f6\u00f6giseadmed restoranidele ja toitlustusele\",\"isPartOf\":{\"@id\":\"https:\\\/\\\/adexa.ee\\\/#website\"},\"primaryImageOfPage\":{\"@id\":\"https:\\\/\\\/adexa.ee\\\/toode\\\/plaatgrill-sile-soonega-vaike-1-tsoon-2kw-elektriline-adexa-wheg810afr\\\/#primaryimage\"},\"image\":{\"@id\":\"https:\\\/\\\/adexa.ee\\\/toode\\\/plaatgrill-sile-soonega-vaike-1-tsoon-2kw-elektriline-adexa-wheg810afr\\\/#primaryimage\"},\"thumbnailUrl\":\"https:\\\/\\\/adexa.ee\\\/wp-content\\\/uploads\\\/2024\\\/12\\\/WHEG810AFR-N.jpg\",\"datePublished\":\"2026-03-26T07:05:03+00:00\",\"dateModified\":\"2026-03-26T07:05:10+00:00\",\"breadcrumb\":{\"@id\":\"https:\\\/\\\/adexa.ee\\\/toode\\\/plaatgrill-sile-soonega-vaike-1-tsoon-2kw-elektriline-adexa-wheg810afr\\\/#breadcrumb\"},\"inLanguage\":\"en-US\",\"potentialAction\":[{\"@type\":\"ReadAction\",\"target\":[\"https:\\\/\\\/adexa.ee\\\/toode\\\/plaatgrill-sile-soonega-vaike-1-tsoon-2kw-elektriline-adexa-wheg810afr\\\/\"]}]},{\"@type\":\"ImageObject\",\"inLanguage\":\"en-US\",\"@id\":\"https:\\\/\\\/adexa.ee\\\/toode\\\/plaatgrill-sile-soonega-vaike-1-tsoon-2kw-elektriline-adexa-wheg810afr\\\/#primaryimage\",\"url\":\"https:\\\/\\\/adexa.ee\\\/wp-content\\\/uploads\\\/2024\\\/12\\\/WHEG810AFR-N.jpg\",\"contentUrl\":\"https:\\\/\\\/adexa.ee\\\/wp-content\\\/uploads\\\/2024\\\/12\\\/WHEG810AFR-N.jpg\",\"width\":2000,\"height\":2000},{\"@type\":\"BreadcrumbList\",\"@id\":\"https:\\\/\\\/adexa.ee\\\/toode\\\/plaatgrill-sile-soonega-vaike-1-tsoon-2kw-elektriline-adexa-wheg810afr\\\/#breadcrumb\",\"itemListElement\":[{\"@type\":\"ListItem\",\"position\":1,\"name\":\"Home\",\"item\":\"https:\\\/\\\/adexa.ee\\\/\"},{\"@type\":\"ListItem\",\"position\":2,\"name\":\"Tooted\",\"item\":\"https:\\\/\\\/adexa.ee\\\/pood\\\/\"},{\"@type\":\"ListItem\",\"position\":3,\"name\":\"Plaatgrill Sile\\\/Soonega V\u00e4ike 1 tsoon 2kW Elektriline | Adexa WHEG810AFR\"}]},{\"@type\":\"WebSite\",\"@id\":\"https:\\\/\\\/adexa.ee\\\/#website\",\"url\":\"https:\\\/\\\/adexa.ee\\\/\",\"name\":\"Adexa\",\"description\":\"\",\"publisher\":{\"@id\":\"https:\\\/\\\/adexa.ee\\\/#organization\"},\"potentialAction\":[{\"@type\":\"SearchAction\",\"target\":{\"@type\":\"EntryPoint\",\"urlTemplate\":\"https:\\\/\\\/adexa.ee\\\/?s={search_term_string}\"},\"query-input\":{\"@type\":\"PropertyValueSpecification\",\"valueRequired\":true,\"valueName\":\"search_term_string\"}}],\"inLanguage\":\"en-US\"},{\"@type\":\"Organization\",\"@id\":\"https:\\\/\\\/adexa.ee\\\/#organization\",\"name\":\"Adexa\",\"url\":\"https:\\\/\\\/adexa.ee\\\/\",\"logo\":{\"@type\":\"ImageObject\",\"inLanguage\":\"en-US\",\"@id\":\"https:\\\/\\\/adexa.ee\\\/#\\\/schema\\\/logo\\\/image\\\/\",\"url\":\"https:\\\/\\\/adexa.ee\\\/wp-content\\\/uploads\\\/2024\\\/04\\\/chef-cooks-working-in-professional-kitchen-2023-11-27-05-07-39-utc-scaled.jpg\",\"contentUrl\":\"https:\\\/\\\/adexa.ee\\\/wp-content\\\/uploads\\\/2024\\\/04\\\/chef-cooks-working-in-professional-kitchen-2023-11-27-05-07-39-utc-scaled.jpg\",\"width\":2560,\"height\":1708,\"caption\":\"Adexa\"},\"image\":{\"@id\":\"https:\\\/\\\/adexa.ee\\\/#\\\/schema\\\/logo\\\/image\\\/\"}}]}<\/script>\n<!-- \/ Yoast SEO plugin. -->","yoast_head_json":{"title":"Plaatgrill Sile\/Soonega V\u00e4ike 1 tsoon 2kW Elektriline | Adexa WHEG810AFR - Adexa \u2013 Suurk\u00f6\u00f6giseadmed restoranidele ja toitlustusele","robots":{"index":"index","follow":"follow","max-snippet":"max-snippet:-1","max-image-preview":"max-image-preview:large","max-video-preview":"max-video-preview:-1"},"canonical":"https:\/\/adexa.ee\/toode\/plaatgrill-sile-soonega-vaike-1-tsoon-2kw-elektriline-adexa-wheg810afr\/","og_locale":"en_US","og_type":"article","og_title":"Plaatgrill Sile\/Soonega V\u00e4ike 1 tsoon 2kW Elektriline | Adexa WHEG810AFR - Adexa \u2013 Suurk\u00f6\u00f6giseadmed restoranidele ja toitlustusele","og_description":"See elektriline lauapealne grilli on loodud maksimaalse kiiruse ja mitmek\u00fclgsuse jaoks. Saate kiiresti valmistada erinevaid oma populaarseimaid roogasid selle kommertsliku","og_url":"https:\/\/adexa.ee\/toode\/plaatgrill-sile-soonega-vaike-1-tsoon-2kw-elektriline-adexa-wheg810afr\/","og_site_name":"Adexa \u2013 Suurk\u00f6\u00f6giseadmed restoranidele ja toitlustusele","article_modified_time":"2026-03-26T07:05:10+00:00","og_image":[{"width":2000,"height":2000,"url":"https:\/\/adexa.ee\/wp-content\/uploads\/2024\/12\/WHEG810AFR-N.jpg","type":"image\/jpeg"}],"twitter_card":"summary_large_image","twitter_misc":{"Est. reading time":"1 minute"},"schema":{"@context":"https:\/\/schema.org","@graph":[{"@type":"WebPage","@id":"https:\/\/adexa.ee\/toode\/plaatgrill-sile-soonega-vaike-1-tsoon-2kw-elektriline-adexa-wheg810afr\/","url":"https:\/\/adexa.ee\/toode\/plaatgrill-sile-soonega-vaike-1-tsoon-2kw-elektriline-adexa-wheg810afr\/","name":"Plaatgrill Sile\/Soonega V\u00e4ike 1 tsoon 2kW Elektriline | Adexa WHEG810AFR - Adexa \u2013 Suurk\u00f6\u00f6giseadmed restoranidele ja toitlustusele","isPartOf":{"@id":"https:\/\/adexa.ee\/#website"},"primaryImageOfPage":{"@id":"https:\/\/adexa.ee\/toode\/plaatgrill-sile-soonega-vaike-1-tsoon-2kw-elektriline-adexa-wheg810afr\/#primaryimage"},"image":{"@id":"https:\/\/adexa.ee\/toode\/plaatgrill-sile-soonega-vaike-1-tsoon-2kw-elektriline-adexa-wheg810afr\/#primaryimage"},"thumbnailUrl":"https:\/\/adexa.ee\/wp-content\/uploads\/2024\/12\/WHEG810AFR-N.jpg","datePublished":"2026-03-26T07:05:03+00:00","dateModified":"2026-03-26T07:05:10+00:00","breadcrumb":{"@id":"https:\/\/adexa.ee\/toode\/plaatgrill-sile-soonega-vaike-1-tsoon-2kw-elektriline-adexa-wheg810afr\/#breadcrumb"},"inLanguage":"en-US","potentialAction":[{"@type":"ReadAction","target":["https:\/\/adexa.ee\/toode\/plaatgrill-sile-soonega-vaike-1-tsoon-2kw-elektriline-adexa-wheg810afr\/"]}]},{"@type":"ImageObject","inLanguage":"en-US","@id":"https:\/\/adexa.ee\/toode\/plaatgrill-sile-soonega-vaike-1-tsoon-2kw-elektriline-adexa-wheg810afr\/#primaryimage","url":"https:\/\/adexa.ee\/wp-content\/uploads\/2024\/12\/WHEG810AFR-N.jpg","contentUrl":"https:\/\/adexa.ee\/wp-content\/uploads\/2024\/12\/WHEG810AFR-N.jpg","width":2000,"height":2000},{"@type":"BreadcrumbList","@id":"https:\/\/adexa.ee\/toode\/plaatgrill-sile-soonega-vaike-1-tsoon-2kw-elektriline-adexa-wheg810afr\/#breadcrumb","itemListElement":[{"@type":"ListItem","position":1,"name":"Home","item":"https:\/\/adexa.ee\/"},{"@type":"ListItem","position":2,"name":"Tooted","item":"https:\/\/adexa.ee\/pood\/"},{"@type":"ListItem","position":3,"name":"Plaatgrill Sile\/Soonega V\u00e4ike 1 tsoon 2kW Elektriline | Adexa WHEG810AFR"}]},{"@type":"WebSite","@id":"https:\/\/adexa.ee\/#website","url":"https:\/\/adexa.ee\/","name":"Adexa","description":"","publisher":{"@id":"https:\/\/adexa.ee\/#organization"},"potentialAction":[{"@type":"SearchAction","target":{"@type":"EntryPoint","urlTemplate":"https:\/\/adexa.ee\/?s={search_term_string}"},"query-input":{"@type":"PropertyValueSpecification","valueRequired":true,"valueName":"search_term_string"}}],"inLanguage":"en-US"},{"@type":"Organization","@id":"https:\/\/adexa.ee\/#organization","name":"Adexa","url":"https:\/\/adexa.ee\/","logo":{"@type":"ImageObject","inLanguage":"en-US","@id":"https:\/\/adexa.ee\/#\/schema\/logo\/image\/","url":"https:\/\/adexa.ee\/wp-content\/uploads\/2024\/04\/chef-cooks-working-in-professional-kitchen-2023-11-27-05-07-39-utc-scaled.jpg","contentUrl":"https:\/\/adexa.ee\/wp-content\/uploads\/2024\/04\/chef-cooks-working-in-professional-kitchen-2023-11-27-05-07-39-utc-scaled.jpg","width":2560,"height":1708,"caption":"Adexa"},"image":{"@id":"https:\/\/adexa.ee\/#\/schema\/logo\/image\/"}}]}},"_links":{"self":[{"href":"https:\/\/adexa.ee\/en\/wp-json\/wp\/v2\/product\/9955","targetHints":{"allow":["GET"]}}],"collection":[{"href":"https:\/\/adexa.ee\/en\/wp-json\/wp\/v2\/product"}],"about":[{"href":"https:\/\/adexa.ee\/en\/wp-json\/wp\/v2\/types\/product"}],"wp:featuredmedia":[{"embeddable":true,"href":"https:\/\/adexa.ee\/en\/wp-json\/wp\/v2\/media\/9958"}],"wp:attachment":[{"href":"https:\/\/adexa.ee\/en\/wp-json\/wp\/v2\/media?parent=9955"}],"wp:term":[{"taxonomy":"product_brand","embeddable":true,"href":"https:\/\/adexa.ee\/en\/wp-json\/wp\/v2\/product_brand?post=9955"},{"taxonomy":"product_cat","embeddable":true,"href":"https:\/\/adexa.ee\/en\/wp-json\/wp\/v2\/product_cat?post=9955"},{"taxonomy":"product_tag","embeddable":true,"href":"https:\/\/adexa.ee\/en\/wp-json\/wp\/v2\/product_tag?post=9955"}],"curies":[{"name":"wp","href":"https:\/\/api.w.org\/{rel}","templated":true}]}}