{"id":9969,"date":"2026-03-26T09:05:03","date_gmt":"2026-03-26T07:05:03","guid":{"rendered":"https:\/\/adexa.ee\/toode\/lamineeritud-ruut-lauaplaat-valge-30x30-adexa-tt3030white\/"},"modified":"2026-03-26T09:05:12","modified_gmt":"2026-03-26T07:05:12","slug":"lamineeritud-ruut-lauaplaat-valge-30x30-adexa-tt3030white","status":"publish","type":"product","link":"https:\/\/adexa.ee\/en\/toode\/lamineeritud-ruut-lauaplaat-valge-30x30-adexa-tt3030white\/","title":{"rendered":"Lamineeritud Ruut Lauaplaat Valge 30&#215;30&#8243; | Adexa TT3030WHITE"},"content":{"rendered":"<p>See lamineeritud lauaplaat m\u00f5\u00f5tmetega 30\u201d x 30\u201d v\u00f5imaldab mugavalt paigutada kaks k\u00fclalist, ilma et see v\u00f5taks teie kliendiala suurt ruumi. Lisaks on see valmistatud vastupidavatest lamineeritud materjalidest, mis peavad kindlasti vastu pikaajalisele kasutamisele teie restoranis v\u00f5i delis. 30&#215;30&#8243; \/ 760x760mm Antiikvalge Must melamiinist tagak\u00fclg Lihtne puhastada Kuumus- ja kriimustuskindel Mustrid on eraldi m\u00fc\u00fcgil<\/p>\n<table style=\"border-collapse: collapse; width: 100%; text-align: left;\">\n<tbody>\n<tr>\n<td style=\"border: 1px solid #ddd; padding: 8px; width: 45%;\"><strong>Kaal<\/strong><\/td>\n<td style=\"border: 1px solid #ddd; padding: 8px;\">17 kg<\/td>\n<\/tr>\n<tr>\n<td style=\"border: 1px solid #ddd; padding: 8px; width: 45%;\"><strong>Garantii<\/strong><\/td>\n<td style=\"border: 1px solid #ddd; padding: 8px;\">12 kuu varuosade garantii<\/td>\n<\/tr>\n<tr>\n<td style=\"border: 1px solid #ddd; padding: 8px; width: 45%;\"><strong>Materjal<\/strong><\/td>\n<td style=\"border: 1px solid #ddd; padding: 8px;\">Lamineeritud<\/td>\n<\/tr>\n<tr>\n<td style=\"border: 1px solid #ddd; padding: 8px; width: 45%;\"><strong>V\u00e4rv<\/strong><\/td>\n<td style=\"border: 1px solid #ddd; padding: 8px;\">Antiikvalge<\/td>\n<\/tr>\n<tr>\n<td style=\"border: 1px solid #ddd; padding: 8px; width: 45%;\"><strong>Paksus<\/strong><\/td>\n<td style=\"border: 1px solid #ddd; padding: 8px;\">1&#8221; \/ 25 mm<\/td>\n<\/tr>\n<\/tbody>\n<\/table>\n","protected":false},"excerpt":{"rendered":"<p>See lamineeritud lauaplaat m\u00f5\u00f5tmetega 30\u201d x 30\u201d v\u00f5imaldab mugavalt paigutada kaks k\u00fclalist, ilma et see v\u00f5taks teie kliendiala suurt ruumi.<\/p>\n","protected":false},"featured_media":9972,"template":"","meta":[],"product_brand":[],"product_cat":[562,563,561],"product_tag":[],"class_list":{"0":"post-9969","1":"product","2":"type-product","3":"status-publish","4":"has-post-thumbnail","6":"product_cat-bistroo-ja-soogilauad","7":"product_cat-lauaplaadid","8":"product_cat-moobel-ja-hoiustamine","10":"first","11":"instock","12":"sale","13":"taxable","14":"shipping-taxable","15":"purchasable","16":"product-type-simple"},"yoast_head":"<!-- This site is optimized with the Yoast SEO plugin v27.3 - https:\/\/yoast.com\/product\/yoast-seo-wordpress\/ -->\n<title>Lamineeritud Ruut Lauaplaat Valge 30x30&quot; | Adexa TT3030WHITE - Adexa \u2013 Suurk\u00f6\u00f6giseadmed restoranidele ja toitlustusele<\/title>\n<meta name=\"robots\" content=\"index, follow, max-snippet:-1, max-image-preview:large, max-video-preview:-1\" \/>\n<link rel=\"canonical\" href=\"https:\/\/adexa.ee\/toode\/lamineeritud-ruut-lauaplaat-valge-30x30-adexa-tt3030white\/\" \/>\n<meta property=\"og:locale\" content=\"en_US\" \/>\n<meta property=\"og:type\" content=\"article\" \/>\n<meta property=\"og:title\" content=\"Lamineeritud Ruut Lauaplaat Valge 30x30&quot; | Adexa TT3030WHITE - Adexa \u2013 Suurk\u00f6\u00f6giseadmed restoranidele ja toitlustusele\" \/>\n<meta property=\"og:description\" content=\"See lamineeritud lauaplaat m\u00f5\u00f5tmetega 30\u201d x 30\u201d v\u00f5imaldab mugavalt paigutada kaks k\u00fclalist, ilma et see v\u00f5taks teie kliendiala suurt ruumi.\" \/>\n<meta property=\"og:url\" content=\"https:\/\/adexa.ee\/toode\/lamineeritud-ruut-lauaplaat-valge-30x30-adexa-tt3030white\/\" \/>\n<meta property=\"og:site_name\" content=\"Adexa \u2013 Suurk\u00f6\u00f6giseadmed restoranidele ja toitlustusele\" \/>\n<meta property=\"article:modified_time\" content=\"2026-03-26T07:05:12+00:00\" \/>\n<meta property=\"og:image\" content=\"https:\/\/adexa.ee\/wp-content\/uploads\/2024\/12\/TT2430-WHITE--514x514.jpg\" \/>\n\t<meta property=\"og:image:width\" content=\"514\" \/>\n\t<meta property=\"og:image:height\" content=\"514\" \/>\n\t<meta property=\"og:image:type\" content=\"image\/jpeg\" \/>\n<meta name=\"twitter:card\" content=\"summary_large_image\" \/>\n<script type=\"application\/ld+json\" class=\"yoast-schema-graph\">{\"@context\":\"https:\\\/\\\/schema.org\",\"@graph\":[{\"@type\":\"WebPage\",\"@id\":\"https:\\\/\\\/adexa.ee\\\/toode\\\/lamineeritud-ruut-lauaplaat-valge-30x30-adexa-tt3030white\\\/\",\"url\":\"https:\\\/\\\/adexa.ee\\\/toode\\\/lamineeritud-ruut-lauaplaat-valge-30x30-adexa-tt3030white\\\/\",\"name\":\"Lamineeritud Ruut Lauaplaat Valge 30x30\\\" | Adexa TT3030WHITE - Adexa \u2013 Suurk\u00f6\u00f6giseadmed restoranidele ja toitlustusele\",\"isPartOf\":{\"@id\":\"https:\\\/\\\/adexa.ee\\\/#website\"},\"primaryImageOfPage\":{\"@id\":\"https:\\\/\\\/adexa.ee\\\/toode\\\/lamineeritud-ruut-lauaplaat-valge-30x30-adexa-tt3030white\\\/#primaryimage\"},\"image\":{\"@id\":\"https:\\\/\\\/adexa.ee\\\/toode\\\/lamineeritud-ruut-lauaplaat-valge-30x30-adexa-tt3030white\\\/#primaryimage\"},\"thumbnailUrl\":\"https:\\\/\\\/adexa.ee\\\/wp-content\\\/uploads\\\/2024\\\/12\\\/TT2430-WHITE-.jpg\",\"datePublished\":\"2026-03-26T07:05:03+00:00\",\"dateModified\":\"2026-03-26T07:05:12+00:00\",\"breadcrumb\":{\"@id\":\"https:\\\/\\\/adexa.ee\\\/toode\\\/lamineeritud-ruut-lauaplaat-valge-30x30-adexa-tt3030white\\\/#breadcrumb\"},\"inLanguage\":\"en-US\",\"potentialAction\":[{\"@type\":\"ReadAction\",\"target\":[\"https:\\\/\\\/adexa.ee\\\/toode\\\/lamineeritud-ruut-lauaplaat-valge-30x30-adexa-tt3030white\\\/\"]}]},{\"@type\":\"ImageObject\",\"inLanguage\":\"en-US\",\"@id\":\"https:\\\/\\\/adexa.ee\\\/toode\\\/lamineeritud-ruut-lauaplaat-valge-30x30-adexa-tt3030white\\\/#primaryimage\",\"url\":\"https:\\\/\\\/adexa.ee\\\/wp-content\\\/uploads\\\/2024\\\/12\\\/TT2430-WHITE-.jpg\",\"contentUrl\":\"https:\\\/\\\/adexa.ee\\\/wp-content\\\/uploads\\\/2024\\\/12\\\/TT2430-WHITE-.jpg\",\"width\":2000,\"height\":2000},{\"@type\":\"BreadcrumbList\",\"@id\":\"https:\\\/\\\/adexa.ee\\\/toode\\\/lamineeritud-ruut-lauaplaat-valge-30x30-adexa-tt3030white\\\/#breadcrumb\",\"itemListElement\":[{\"@type\":\"ListItem\",\"position\":1,\"name\":\"Home\",\"item\":\"https:\\\/\\\/adexa.ee\\\/\"},{\"@type\":\"ListItem\",\"position\":2,\"name\":\"Tooted\",\"item\":\"https:\\\/\\\/adexa.ee\\\/pood\\\/\"},{\"@type\":\"ListItem\",\"position\":3,\"name\":\"Lamineeritud Ruut Lauaplaat Valge 30&#215;30&#8243; | Adexa TT3030WHITE\"}]},{\"@type\":\"WebSite\",\"@id\":\"https:\\\/\\\/adexa.ee\\\/#website\",\"url\":\"https:\\\/\\\/adexa.ee\\\/\",\"name\":\"Adexa\",\"description\":\"\",\"publisher\":{\"@id\":\"https:\\\/\\\/adexa.ee\\\/#organization\"},\"potentialAction\":[{\"@type\":\"SearchAction\",\"target\":{\"@type\":\"EntryPoint\",\"urlTemplate\":\"https:\\\/\\\/adexa.ee\\\/?s={search_term_string}\"},\"query-input\":{\"@type\":\"PropertyValueSpecification\",\"valueRequired\":true,\"valueName\":\"search_term_string\"}}],\"inLanguage\":\"en-US\"},{\"@type\":\"Organization\",\"@id\":\"https:\\\/\\\/adexa.ee\\\/#organization\",\"name\":\"Adexa\",\"url\":\"https:\\\/\\\/adexa.ee\\\/\",\"logo\":{\"@type\":\"ImageObject\",\"inLanguage\":\"en-US\",\"@id\":\"https:\\\/\\\/adexa.ee\\\/#\\\/schema\\\/logo\\\/image\\\/\",\"url\":\"https:\\\/\\\/adexa.ee\\\/wp-content\\\/uploads\\\/2024\\\/04\\\/chef-cooks-working-in-professional-kitchen-2023-11-27-05-07-39-utc-scaled.jpg\",\"contentUrl\":\"https:\\\/\\\/adexa.ee\\\/wp-content\\\/uploads\\\/2024\\\/04\\\/chef-cooks-working-in-professional-kitchen-2023-11-27-05-07-39-utc-scaled.jpg\",\"width\":2560,\"height\":1708,\"caption\":\"Adexa\"},\"image\":{\"@id\":\"https:\\\/\\\/adexa.ee\\\/#\\\/schema\\\/logo\\\/image\\\/\"}}]}<\/script>\n<!-- \/ Yoast SEO plugin. -->","yoast_head_json":{"title":"Lamineeritud Ruut Lauaplaat Valge 30x30\" | Adexa TT3030WHITE - Adexa \u2013 Suurk\u00f6\u00f6giseadmed restoranidele ja toitlustusele","robots":{"index":"index","follow":"follow","max-snippet":"max-snippet:-1","max-image-preview":"max-image-preview:large","max-video-preview":"max-video-preview:-1"},"canonical":"https:\/\/adexa.ee\/toode\/lamineeritud-ruut-lauaplaat-valge-30x30-adexa-tt3030white\/","og_locale":"en_US","og_type":"article","og_title":"Lamineeritud Ruut Lauaplaat Valge 30x30\" | Adexa TT3030WHITE - Adexa \u2013 Suurk\u00f6\u00f6giseadmed restoranidele ja toitlustusele","og_description":"See lamineeritud lauaplaat m\u00f5\u00f5tmetega 30\u201d x 30\u201d v\u00f5imaldab mugavalt paigutada kaks k\u00fclalist, ilma et see v\u00f5taks teie kliendiala suurt ruumi.","og_url":"https:\/\/adexa.ee\/toode\/lamineeritud-ruut-lauaplaat-valge-30x30-adexa-tt3030white\/","og_site_name":"Adexa \u2013 Suurk\u00f6\u00f6giseadmed restoranidele ja toitlustusele","article_modified_time":"2026-03-26T07:05:12+00:00","og_image":[{"width":514,"height":514,"url":"https:\/\/adexa.ee\/wp-content\/uploads\/2024\/12\/TT2430-WHITE--514x514.jpg","type":"image\/jpeg"}],"twitter_card":"summary_large_image","schema":{"@context":"https:\/\/schema.org","@graph":[{"@type":"WebPage","@id":"https:\/\/adexa.ee\/toode\/lamineeritud-ruut-lauaplaat-valge-30x30-adexa-tt3030white\/","url":"https:\/\/adexa.ee\/toode\/lamineeritud-ruut-lauaplaat-valge-30x30-adexa-tt3030white\/","name":"Lamineeritud Ruut Lauaplaat Valge 30x30\" | Adexa TT3030WHITE - Adexa \u2013 Suurk\u00f6\u00f6giseadmed restoranidele ja toitlustusele","isPartOf":{"@id":"https:\/\/adexa.ee\/#website"},"primaryImageOfPage":{"@id":"https:\/\/adexa.ee\/toode\/lamineeritud-ruut-lauaplaat-valge-30x30-adexa-tt3030white\/#primaryimage"},"image":{"@id":"https:\/\/adexa.ee\/toode\/lamineeritud-ruut-lauaplaat-valge-30x30-adexa-tt3030white\/#primaryimage"},"thumbnailUrl":"https:\/\/adexa.ee\/wp-content\/uploads\/2024\/12\/TT2430-WHITE-.jpg","datePublished":"2026-03-26T07:05:03+00:00","dateModified":"2026-03-26T07:05:12+00:00","breadcrumb":{"@id":"https:\/\/adexa.ee\/toode\/lamineeritud-ruut-lauaplaat-valge-30x30-adexa-tt3030white\/#breadcrumb"},"inLanguage":"en-US","potentialAction":[{"@type":"ReadAction","target":["https:\/\/adexa.ee\/toode\/lamineeritud-ruut-lauaplaat-valge-30x30-adexa-tt3030white\/"]}]},{"@type":"ImageObject","inLanguage":"en-US","@id":"https:\/\/adexa.ee\/toode\/lamineeritud-ruut-lauaplaat-valge-30x30-adexa-tt3030white\/#primaryimage","url":"https:\/\/adexa.ee\/wp-content\/uploads\/2024\/12\/TT2430-WHITE-.jpg","contentUrl":"https:\/\/adexa.ee\/wp-content\/uploads\/2024\/12\/TT2430-WHITE-.jpg","width":2000,"height":2000},{"@type":"BreadcrumbList","@id":"https:\/\/adexa.ee\/toode\/lamineeritud-ruut-lauaplaat-valge-30x30-adexa-tt3030white\/#breadcrumb","itemListElement":[{"@type":"ListItem","position":1,"name":"Home","item":"https:\/\/adexa.ee\/"},{"@type":"ListItem","position":2,"name":"Tooted","item":"https:\/\/adexa.ee\/pood\/"},{"@type":"ListItem","position":3,"name":"Lamineeritud Ruut Lauaplaat Valge 30&#215;30&#8243; | Adexa TT3030WHITE"}]},{"@type":"WebSite","@id":"https:\/\/adexa.ee\/#website","url":"https:\/\/adexa.ee\/","name":"Adexa","description":"","publisher":{"@id":"https:\/\/adexa.ee\/#organization"},"potentialAction":[{"@type":"SearchAction","target":{"@type":"EntryPoint","urlTemplate":"https:\/\/adexa.ee\/?s={search_term_string}"},"query-input":{"@type":"PropertyValueSpecification","valueRequired":true,"valueName":"search_term_string"}}],"inLanguage":"en-US"},{"@type":"Organization","@id":"https:\/\/adexa.ee\/#organization","name":"Adexa","url":"https:\/\/adexa.ee\/","logo":{"@type":"ImageObject","inLanguage":"en-US","@id":"https:\/\/adexa.ee\/#\/schema\/logo\/image\/","url":"https:\/\/adexa.ee\/wp-content\/uploads\/2024\/04\/chef-cooks-working-in-professional-kitchen-2023-11-27-05-07-39-utc-scaled.jpg","contentUrl":"https:\/\/adexa.ee\/wp-content\/uploads\/2024\/04\/chef-cooks-working-in-professional-kitchen-2023-11-27-05-07-39-utc-scaled.jpg","width":2560,"height":1708,"caption":"Adexa"},"image":{"@id":"https:\/\/adexa.ee\/#\/schema\/logo\/image\/"}}]}},"_links":{"self":[{"href":"https:\/\/adexa.ee\/en\/wp-json\/wp\/v2\/product\/9969","targetHints":{"allow":["GET"]}}],"collection":[{"href":"https:\/\/adexa.ee\/en\/wp-json\/wp\/v2\/product"}],"about":[{"href":"https:\/\/adexa.ee\/en\/wp-json\/wp\/v2\/types\/product"}],"wp:featuredmedia":[{"embeddable":true,"href":"https:\/\/adexa.ee\/en\/wp-json\/wp\/v2\/media\/9972"}],"wp:attachment":[{"href":"https:\/\/adexa.ee\/en\/wp-json\/wp\/v2\/media?parent=9969"}],"wp:term":[{"taxonomy":"product_brand","embeddable":true,"href":"https:\/\/adexa.ee\/en\/wp-json\/wp\/v2\/product_brand?post=9969"},{"taxonomy":"product_cat","embeddable":true,"href":"https:\/\/adexa.ee\/en\/wp-json\/wp\/v2\/product_cat?post=9969"},{"taxonomy":"product_tag","embeddable":true,"href":"https:\/\/adexa.ee\/en\/wp-json\/wp\/v2\/product_tag?post=9969"}],"curies":[{"name":"wp","href":"https:\/\/api.w.org\/{rel}","templated":true}]}}